{"id":6319,"date":"2020-04-18T21:27:30","date_gmt":"2020-04-18T19:27:30","guid":{"rendered":"http:\/\/klubmamgdynia.pl\/index.php\/produkt\/playshoes-spodnie-ogrodniczki-przeciwdeszczowe-w-kropki-czerwone-dziewczynkachlopiec\/"},"modified":"2026-04-12T03:39:35","modified_gmt":"2026-04-12T01:39:35","slug":"playshoes-spodnie-ogrodniczki-przeciwdeszczowe-w-kropki-czerwone-dziewczynkachlopiec","status":"publish","type":"product","link":"http:\/\/klubmamgdynia.pl\/index.php\/produkt\/playshoes-spodnie-ogrodniczki-przeciwdeszczowe-w-kropki-czerwone-dziewczynkachlopiec\/","title":{"rendered":"Playshoes Spodnie ogrodniczki przeciwdeszczowe w kropki czerwone &#8211; Dziewczynka,Ch\u0142opiec"},"content":{"rendered":"<p>Szczeg\u00f3\u0142y produktu: Wiatro- i wodoodporne dzi\u0119ki podklejanym szwom Odblaski dla bezpiecze\u0144stwa w ciemno\u015bci lub przy z\u0142ej pogodzie Regulacja szeroko\u015bci za pomoc\u0105 zatrzask\u00f3w z prawej i lewej strony w pasie D\u0142ugo\u015b\u0107 regulowana za pomoc\u0105 elastycznych pask\u00f3w i gumy na ko\u0144cach st\u00f3p Lekki materia\u0142 dla maksymalnego komfortu, kt\u00f3ry pozostaje mi\u0119kki nawet w zimnej pogodzie Oeko-Tex Standard 100 Class 1 (test Instytutu Hohenstein nr 11.0.86164) \u0141atwe pranie w pralce w temperaturze do 40\u00b0C<\/p>\n<h2>Playshoes Spodnie ogrodniczki przeciwdeszczowe w kropki czerwone &#8211; Dziewczynka,Ch\u0142opiec Playshoes<\/h2>\n<p>rzadkie imiona dla dziewczynek, gabriela imie, atrakcje dla nastolatk\u00f3w, borys imi\u0119, kolorowanki do druku zwierz\u0119ta, prezent dla jedenastolatki<\/p>\n<p>yyyyy<\/p>\n<p>&nbsp;<\/p>\n","protected":false},"excerpt":{"rendered":"<p>Szczeg\u00f3\u0142y produktu: Wiatro- i wodoodporne dzi\u0119ki podklejanym szwom Odblaski dla bezpiecze\u0144stwa w ciemno\u015bci lub przy z\u0142ej pogodzie Regulacja szeroko\u015bci za pomoc\u0105 zatrzask\u00f3w z prawej i lewej strony w pasie D\u0142ugo\u015b\u0107 regulowana za pomoc\u0105 elastycznych pask\u00f3w i gumy na ko\u0144cach st\u00f3p Lekki materia\u0142 dla maksymalnego komfortu, kt\u00f3ry pozostaje mi\u0119kki nawet w zimnej pogodzie Oeko-Tex Standard 100 [&hellip;]<\/p>\n","protected":false},"featured_media":6320,"comment_status":"closed","ping_status":"open","template":"","meta":[],"product_cat":[1447,1458],"product_tag":[660,598,659,653,608],"class_list":["post-6319","product","type-product","status-publish","has-post-thumbnail","hentry","product_cat-playshoes","product_cat-spodnie-dzieciece","product_tag-bianka","product_tag-co-na-roczek-dla-dziewczynki","product_tag-tupu-tup-po-sniegu-tekst","product_tag-warszawa-dla-dzieci","product_tag-zagadki-i-odpowiedzi"],"_links":{"self":[{"href":"http:\/\/klubmamgdynia.pl\/index.php\/wp-json\/wp\/v2\/product\/6319","targetHints":{"allow":["GET"]}}],"collection":[{"href":"http:\/\/klubmamgdynia.pl\/index.php\/wp-json\/wp\/v2\/product"}],"about":[{"href":"http:\/\/klubmamgdynia.pl\/index.php\/wp-json\/wp\/v2\/types\/product"}],"replies":[{"embeddable":true,"href":"http:\/\/klubmamgdynia.pl\/index.php\/wp-json\/wp\/v2\/comments?post=6319"}],"wp:featuredmedia":[{"embeddable":true,"href":"http:\/\/klubmamgdynia.pl\/index.php\/wp-json\/wp\/v2\/media\/6320"}],"wp:attachment":[{"href":"http:\/\/klubmamgdynia.pl\/index.php\/wp-json\/wp\/v2\/media?parent=6319"}],"wp:term":[{"taxonomy":"product_cat","embeddable":true,"href":"http:\/\/klubmamgdynia.pl\/index.php\/wp-json\/wp\/v2\/product_cat?post=6319"},{"taxonomy":"product_tag","embeddable":true,"href":"http:\/\/klubmamgdynia.pl\/index.php\/wp-json\/wp\/v2\/product_tag?post=6319"}],"curies":[{"name":"wp","href":"https:\/\/api.w.org\/{rel}","templated":true}]}}