{"id":6321,"date":"2017-09-28T11:15:01","date_gmt":"2017-09-28T09:15:01","guid":{"rendered":"http:\/\/klubmamgdynia.pl\/index.php\/produkt\/soulcalibur-vi-gra-xbox-one\/"},"modified":"2026-05-02T14:34:27","modified_gmt":"2026-05-02T12:34:27","slug":"soulcalibur-vi-gra-xbox-one","status":"publish","type":"product","link":"http:\/\/klubmamgdynia.pl\/index.php\/produkt\/soulcalibur-vi-gra-xbox-one\/","title":{"rendered":"Soulcalibur VI (Gra Xbox One)"},"content":{"rendered":"<p>SOULCALIBUR \u2165Xbox One                            <\/p>\n<p>Przedstawiamy najnowsz\u0105 ods\u0142on\u0119 serii SOULCALIBUR!Poznaj zupe\u0142nie nowy system walki i najpi\u0119kniejsz\u0105 grafik\u0119, jak\u0105 widzia\u0142 gatunek bijatyk opartych o bro\u0144!                            <\/p>\n<p>Fabu\u0142a Soulcalibur VI obraca si\u0119 wok\u00f3\u0142 dw\u00f3ch magicznych, obdarzonych intelektem ostrzy o niezwyk\u0142ej mocy: przekl\u0119tego, demonicznego Soul Edge\u2019a oraz stworzonego, by przeciwdzia\u0142a\u0107 jego wp\u0142ywowi, \u015bwi\u0119tego Soul Calibura. Akcja gry osadzona jest we wzbogaconym o fantastyczne elementy renesansie (XVI wiek), za\u015b bohaterowie pochodz\u0105 z przer\u00f3\u017cnych cz\u0119\u015bci \u015bwiata: od feudalnej Japonii i Chin, a\u017c po Europ\u0119. Warto wspomnie\u0107, \u017ce jedn\u0105 z grywalnych postaci jest Geralt z Rivii, bohater serii Wied\u017amin.                            <\/p>\n<p>Soulcalibur VI jest klasyczn\u0105 bijatyk\u0105 3D. Gracze wybieraj\u0105 bohatera (ka\u017cdy w\u0142ada inn\u0105 broni\u0105 i posiada charakterystyczn\u0105 dla siebie list\u0119 cios\u00f3w) i tocz\u0105 pojedynki na tr\u00f3jwymiarowych arenach. Poza zwyczajnymi atakami (kt\u00f3re mo\u017cna \u0142\u0105czy\u0107 w \u015bmierciono\u015bne kombinacje) mamy mo\u017cliwo\u015b\u0107 m.in. wykonywania specjalnych cios\u00f3w i rzut\u00f3w, parowania atak\u00f3w przeciwnika, robienia unik\u00f3w oraz wykorzystywania element\u00f3w areny \u2013 np. \u015bcian czy przepa\u015bci \u2013 w celu uzyskania przewagi.                            <\/p>\n<p>Gra umo\u017cliwia zabaw\u0119 zar\u00f3wno samodzielnie, jak i w rozbudowanych trybach wieloosobowych \u2013 czy to lokalnie, czy te\u017c za po\u015brednictwem sieci Internet.                            <\/p>\n<p>Gra Soulcalibur VI dzia\u0142a na stworzonym przez firm\u0119 Epic silniku Unreal Engine 4, co przek\u0142ada si\u0119 na atrakcyjn\u0105 opraw\u0119 audiowizualn\u0105.                            <\/p>\n<p>.<\/p>\n<h2>Soulcalibur VI (Gra Xbox One) Cenega<\/h2>\n<p>quiz o psie kt\u00f3ry je\u017adzi\u0142 kolej\u0105, pokemon kolorowanki, prima aprilis w szkole, \u0142amig\u0142\u00f3wki dla dzieci, rado\u015b\u0107 dziecka cytaty, list do sw mikolaja, mira imie, aurelia, kolorowanka lol surprise, andrzejki dekoracje do druku, kira, kontynenty do druku<\/p>\n<p>yyyyy<\/p>\n<p>&nbsp;<\/p>\n","protected":false},"excerpt":{"rendered":"<p>SOULCALIBUR \u2165Xbox One Przedstawiamy najnowsz\u0105 ods\u0142on\u0119 serii SOULCALIBUR!Poznaj zupe\u0142nie nowy system walki i najpi\u0119kniejsz\u0105 grafik\u0119, jak\u0105 widzia\u0142 gatunek bijatyk opartych o bro\u0144! Fabu\u0142a Soulcalibur VI obraca si\u0119 wok\u00f3\u0142 dw\u00f3ch magicznych, obdarzonych intelektem ostrzy o niezwyk\u0142ej mocy: przekl\u0119tego, demonicznego Soul Edge\u2019a oraz stworzonego, by przeciwdzia\u0142a\u0107 jego wp\u0142ywowi, \u015bwi\u0119tego Soul Calibura. Akcja gry osadzona jest we wzbogaconym [&hellip;]<\/p>\n","protected":false},"featured_media":6322,"comment_status":"closed","ping_status":"open","template":"","meta":[],"product_cat":[218,421],"product_tag":[614,830,628,746],"class_list":["post-6321","product","type-product","status-publish","has-post-thumbnail","hentry","product_cat-cenega","product_cat-gry-xbox-one","product_tag-pia","product_tag-rodzina-cytaty","product_tag-zagadka","product_tag-zagadki-typu-co-to-jest"],"_links":{"self":[{"href":"http:\/\/klubmamgdynia.pl\/index.php\/wp-json\/wp\/v2\/product\/6321","targetHints":{"allow":["GET"]}}],"collection":[{"href":"http:\/\/klubmamgdynia.pl\/index.php\/wp-json\/wp\/v2\/product"}],"about":[{"href":"http:\/\/klubmamgdynia.pl\/index.php\/wp-json\/wp\/v2\/types\/product"}],"replies":[{"embeddable":true,"href":"http:\/\/klubmamgdynia.pl\/index.php\/wp-json\/wp\/v2\/comments?post=6321"}],"wp:featuredmedia":[{"embeddable":true,"href":"http:\/\/klubmamgdynia.pl\/index.php\/wp-json\/wp\/v2\/media\/6322"}],"wp:attachment":[{"href":"http:\/\/klubmamgdynia.pl\/index.php\/wp-json\/wp\/v2\/media?parent=6321"}],"wp:term":[{"taxonomy":"product_cat","embeddable":true,"href":"http:\/\/klubmamgdynia.pl\/index.php\/wp-json\/wp\/v2\/product_cat?post=6321"},{"taxonomy":"product_tag","embeddable":true,"href":"http:\/\/klubmamgdynia.pl\/index.php\/wp-json\/wp\/v2\/product_tag?post=6321"}],"curies":[{"name":"wp","href":"https:\/\/api.w.org\/{rel}","templated":true}]}}