{"id":6323,"date":"2011-11-25T02:21:15","date_gmt":"2011-11-25T01:21:15","guid":{"rendered":"http:\/\/klubmamgdynia.pl\/index.php\/produkt\/woopie-royal-nosidelko-dla-lalki-33-48-cm\/"},"modified":"2026-04-07T12:44:34","modified_gmt":"2026-04-07T10:44:34","slug":"woopie-royal-nosidelko-dla-lalki-33-48-cm","status":"publish","type":"product","link":"http:\/\/klubmamgdynia.pl\/index.php\/produkt\/woopie-royal-nosidelko-dla-lalki-33-48-cm\/","title":{"rendered":"WOOPIE ROYAL Noside\u0142ko dla Lalki 33-48 cm"},"content":{"rendered":"<p>Noside\u0142ko dla lalki od marki Woopie z serii ROYAL to niezb\u0119dne akcesorium dla m\u0142odej mamy. Nowoczesna konstrukcja sprawia, \u017ce noside\u0142ko jest niezwykle atrakcyjne i stabilne, a jednocze\u015bnie bardzo lekkie. Praktyczne noside\u0142ko dla lalek wielko\u015bci 33 cm &#8211; 48 cm. Korpus wykonany jest z trwa\u0142ego tworzywa sztucznego. Na wierzchu materia\u0142owy, kolorowy pokrowiec, kt\u00f3ry mo\u017cna zdj\u0105\u0107 do prania. R\u0105czk\u0119 mo\u017cemy ustawi\u0107 na kilka poziom\u00f3w wysoko\u015bci.Charakterystyka:- zabawka od 3 roku \u017cycia- posiada regulowany, wygodny uchwyt- wyposa\u017cone w pasy bezpiecze\u0144stwa- przeznaczone dla lalek od 33 do 48 cm wysoko\u015bci- kompatybilne z w\u00f3zkiem WOOPIE Royal 3 w 1 (kod: 31392)- lalka nie znajduje si\u0119 w zestawie- odgrywanie r\u00f3l &#8211; dziecko mo\u017ce wcieli\u0107 si\u0119 w matk\u0119<\/p>\n<h2>WOOPIE ROYAL Noside\u0142ko dla Lalki 33-48 cm Woopie<\/h2>\n<p>krzy\u017c\u00f3wki dla dzieci, alan imie, podchwytliwe zagadki na inteligencj\u0119, koreczki dla dzieci na urodziny, plac zamkowy, sentencje o dzieciach, niezapomniany prezent na roczek, atrakcje dla dzieci wroc\u0142aw i okolice<\/p>\n<p>yyyyy<\/p>\n<p>&nbsp;<\/p>\n","protected":false},"excerpt":{"rendered":"<p>Noside\u0142ko dla lalki od marki Woopie z serii ROYAL to niezb\u0119dne akcesorium dla m\u0142odej mamy. Nowoczesna konstrukcja sprawia, \u017ce noside\u0142ko jest niezwykle atrakcyjne i stabilne, a jednocze\u015bnie bardzo lekkie. Praktyczne noside\u0142ko dla lalek wielko\u015bci 33 cm &#8211; 48 cm. Korpus wykonany jest z trwa\u0142ego tworzywa sztucznego. Na wierzchu materia\u0142owy, kolorowy pokrowiec, kt\u00f3ry mo\u017cna zdj\u0105\u0107 do [&hellip;]<\/p>\n","protected":false},"featured_media":6324,"comment_status":"closed","ping_status":"open","template":"","meta":[],"product_cat":[172,177],"product_tag":[671,808,684,732,868],"class_list":["post-6323","product","type-product","status-publish","has-post-thumbnail","hentry","product_cat-akcesoria-dla-lalek","product_cat-woopie","product_tag-cicha-noc-po-angielsku-tekst","product_tag-imie-mia","product_tag-prezent-dla-dziewczynki-na-roczek","product_tag-prezent-dla-rocznego-chlopca","product_tag-quizy-dla-dzieci"],"_links":{"self":[{"href":"http:\/\/klubmamgdynia.pl\/index.php\/wp-json\/wp\/v2\/product\/6323","targetHints":{"allow":["GET"]}}],"collection":[{"href":"http:\/\/klubmamgdynia.pl\/index.php\/wp-json\/wp\/v2\/product"}],"about":[{"href":"http:\/\/klubmamgdynia.pl\/index.php\/wp-json\/wp\/v2\/types\/product"}],"replies":[{"embeddable":true,"href":"http:\/\/klubmamgdynia.pl\/index.php\/wp-json\/wp\/v2\/comments?post=6323"}],"wp:featuredmedia":[{"embeddable":true,"href":"http:\/\/klubmamgdynia.pl\/index.php\/wp-json\/wp\/v2\/media\/6324"}],"wp:attachment":[{"href":"http:\/\/klubmamgdynia.pl\/index.php\/wp-json\/wp\/v2\/media?parent=6323"}],"wp:term":[{"taxonomy":"product_cat","embeddable":true,"href":"http:\/\/klubmamgdynia.pl\/index.php\/wp-json\/wp\/v2\/product_cat?post=6323"},{"taxonomy":"product_tag","embeddable":true,"href":"http:\/\/klubmamgdynia.pl\/index.php\/wp-json\/wp\/v2\/product_tag?post=6323"}],"curies":[{"name":"wp","href":"https:\/\/api.w.org\/{rel}","templated":true}]}}