{"id":6325,"date":"2014-08-02T07:50:42","date_gmt":"2014-08-02T05:50:42","guid":{"rendered":"http:\/\/klubmamgdynia.pl\/index.php\/produkt\/monster-bath-galaretka-kapielowa-malina-100g\/"},"modified":"2026-04-23T07:48:43","modified_gmt":"2026-04-23T05:48:43","slug":"monster-bath-galaretka-kapielowa-malina-100g","status":"publish","type":"product","link":"http:\/\/klubmamgdynia.pl\/index.php\/produkt\/monster-bath-galaretka-kapielowa-malina-100g\/","title":{"rendered":"MONSTER BATH &#8211; Galaretka k\u0105pielowa Malina 100g"},"content":{"rendered":"<p>Galaretka do k\u0105pieli Monster BathTwoje dziecko dopad\u0142a rutyna podczas wieczornych k\u0105pieli? Zmie\u0144 to!Pobud\u017a wyobra\u017ani\u0119 swojego dziecka i urz\u0105d\u017a trzymaj\u0105ce w napi\u0119ciu zawody zr\u0119czno\u015bciowe wraz z Galaretk\u0105 k\u0105pielow\u0105 Monster Bath!Galaretka k\u0105pielowa Monster Bath ma intryguj\u0105c\u0105, \u017celow\u0105 konsystencj\u0119.Po zwil\u017ceniu staje si\u0119 \u017belkostworem! Pan \u017belkostw\u00f3r to gagatek i ucieka z ma\u0142ych \u0142apek! Trzymaj go mocno, \u017ceby nie uciek\u0142 Ci z r\u0105k!Mycie i zabawa = \u015bwietna sprawa!Galaretka k\u0105pielowa Monster Bath o zapachu egzotycznego mango po zwil\u017ceniu wod\u0105 pieni si\u0119 i delikatnie myje sk\u00f3r\u0119 Twojego dziecka. Po k\u0105pieli sk\u00f3ra malucha jest mi\u0119kka i nawil\u017cona. We wn\u0119trzu opakowania znajdziesz zabawk\u0119 niespodziank\u0119, kt\u00f3ra umili niejedn\u0105 k\u0105piel i wywo\u0142a u\u015bmiech na twarzy Twojego szkraba!Zastosowanie produktu jest dziecinnie proste! Wyjmij zawarto\u015b\u0107 z opakowania i czerp przyjemno\u015b\u0107 z k\u0105pieli dziecka!Uwaga! W zestawie znajduj\u0105 si\u0119 losowo wybrane zabawki. Zdj\u0119cie w karcie produktu jest jedynie pogl\u0105dowe.<\/p>\n<h2>MONSTER BATH &#8211; Galaretka k\u0105pielowa Malina 100g Marba Cosmetics<\/h2>\n<p>quiz flagi europy, otto, prezent dla ch\u0142opca 7 lat, ci\u0119\u017ckie zagadki, znaczenie imienia julian, kolorowanki konie<\/p>\n<p>yyyyy<\/p>\n<p>&nbsp;<\/p>\n","protected":false},"excerpt":{"rendered":"<p>Galaretka do k\u0105pieli Monster BathTwoje dziecko dopad\u0142a rutyna podczas wieczornych k\u0105pieli? Zmie\u0144 to!Pobud\u017a wyobra\u017ani\u0119 swojego dziecka i urz\u0105d\u017a trzymaj\u0105ce w napi\u0119ciu zawody zr\u0119czno\u015bciowe wraz z Galaretk\u0105 k\u0105pielow\u0105 Monster Bath!Galaretka k\u0105pielowa Monster Bath ma intryguj\u0105c\u0105, \u017celow\u0105 konsystencj\u0119.Po zwil\u017ceniu staje si\u0119 \u017belkostworem! Pan \u017belkostw\u00f3r to gagatek i ucieka z ma\u0142ych \u0142apek! Trzymaj go mocno, \u017ceby nie uciek\u0142 [&hellip;]<\/p>\n","protected":false},"featured_media":6326,"comment_status":"closed","ping_status":"open","template":"","meta":[],"product_cat":[1459,901],"product_tag":[624,799,592,725],"class_list":["post-6325","product","type-product","status-publish","has-post-thumbnail","hentry","product_cat-marba-cosmetics","product_cat-pozostale-akcesoria-do-pielegnacji-dzieci","product_tag-krotkie-zagadki","product_tag-zagadka-logiczna","product_tag-zagadki-dla-dzieci","product_tag-zgadywanki"],"_links":{"self":[{"href":"http:\/\/klubmamgdynia.pl\/index.php\/wp-json\/wp\/v2\/product\/6325","targetHints":{"allow":["GET"]}}],"collection":[{"href":"http:\/\/klubmamgdynia.pl\/index.php\/wp-json\/wp\/v2\/product"}],"about":[{"href":"http:\/\/klubmamgdynia.pl\/index.php\/wp-json\/wp\/v2\/types\/product"}],"replies":[{"embeddable":true,"href":"http:\/\/klubmamgdynia.pl\/index.php\/wp-json\/wp\/v2\/comments?post=6325"}],"wp:featuredmedia":[{"embeddable":true,"href":"http:\/\/klubmamgdynia.pl\/index.php\/wp-json\/wp\/v2\/media\/6326"}],"wp:attachment":[{"href":"http:\/\/klubmamgdynia.pl\/index.php\/wp-json\/wp\/v2\/media?parent=6325"}],"wp:term":[{"taxonomy":"product_cat","embeddable":true,"href":"http:\/\/klubmamgdynia.pl\/index.php\/wp-json\/wp\/v2\/product_cat?post=6325"},{"taxonomy":"product_tag","embeddable":true,"href":"http:\/\/klubmamgdynia.pl\/index.php\/wp-json\/wp\/v2\/product_tag?post=6325"}],"curies":[{"name":"wp","href":"https:\/\/api.w.org\/{rel}","templated":true}]}}