{"id":6327,"date":"2014-12-03T23:52:41","date_gmt":"2014-12-03T22:52:41","guid":{"rendered":"http:\/\/klubmamgdynia.pl\/index.php\/produkt\/soulcalibur-vi-gra-ps4\/"},"modified":"2026-05-17T22:46:14","modified_gmt":"2026-05-17T20:46:14","slug":"soulcalibur-vi-gra-ps4","status":"publish","type":"product","link":"http:\/\/klubmamgdynia.pl\/index.php\/produkt\/soulcalibur-vi-gra-ps4\/","title":{"rendered":"Soulcalibur VI (Gra PS4)"},"content":{"rendered":"<p>SOULCALIBUR \u2165PS4                            <\/p>\n<p>Przedstawiamy najnowsz\u0105 ods\u0142on\u0119 serii SOULCALIBUR!Poznaj zupe\u0142nie nowy system walki i najpi\u0119kniejsz\u0105 grafik\u0119, jak\u0105 widzia\u0142 gatunek bijatyk opartych o bro\u0144!                            <\/p>\n<p>Fabu\u0142a Soulcalibur VI obraca si\u0119 wok\u00f3\u0142 dw\u00f3ch magicznych, obdarzonych intelektem ostrzy o niezwyk\u0142ej mocy: przekl\u0119tego, demonicznego Soul Edge\u2019a oraz stworzonego, by przeciwdzia\u0142a\u0107 jego wp\u0142ywowi, \u015bwi\u0119tego Soul Calibura. Akcja gry osadzona jest we wzbogaconym o fantastyczne elementy renesansie (XVI wiek), za\u015b bohaterowie pochodz\u0105 z przer\u00f3\u017cnych cz\u0119\u015bci \u015bwiata: od feudalnej Japonii i Chin, a\u017c po Europ\u0119. Warto wspomnie\u0107, \u017ce jedn\u0105 z grywalnych postaci jest Geralt z Rivii, bohater serii Wied\u017amin.                            <\/p>\n<p>Soulcalibur VI jest klasyczn\u0105 bijatyk\u0105 3D. Gracze wybieraj\u0105 bohatera (ka\u017cdy w\u0142ada inn\u0105 broni\u0105 i posiada charakterystyczn\u0105 dla siebie list\u0119 cios\u00f3w) i tocz\u0105 pojedynki na tr\u00f3jwymiarowych arenach. Poza zwyczajnymi atakami (kt\u00f3re mo\u017cna \u0142\u0105czy\u0107 w \u015bmierciono\u015bne kombinacje) mamy mo\u017cliwo\u015b\u0107 m.in. wykonywania specjalnych cios\u00f3w i rzut\u00f3w, parowania atak\u00f3w przeciwnika, robienia unik\u00f3w oraz wykorzystywania element\u00f3w areny \u2013 np. \u015bcian czy przepa\u015bci \u2013 w celu uzyskania przewagi.                            <\/p>\n<p>Gra umo\u017cliwia zabaw\u0119 zar\u00f3wno samodzielnie, jak i w rozbudowanych trybach wieloosobowych \u2013 czy to lokalnie, czy te\u017c za po\u015brednictwem sieci Internet.                            <\/p>\n<p>Gra Soulcalibur VI dzia\u0142a na stworzonym przez firm\u0119 Epic silniku Unreal Engine 4, co przek\u0142ada si\u0119 na atrakcyjn\u0105 opraw\u0119 audiowizualn\u0105.                            <\/p>\n<p>.<\/p>\n<h2>Soulcalibur VI (Gra PS4) Bandai<\/h2>\n<p>milan znaczenie imienia, atrakcje dla dzieci we wroc\u0142awiu, milena imie, pia, zagadki typu co to jest, gry dla m\u0142odzie\u017cy, atrakcje dla dzieci wroc\u0142aw 2021, zagadki dla 5 latka, planety do druku dla dzieci, mega trudne zagadki logiczne, aurelia imie, zagadki dla dzieci 4-5 lat, malowanki piesek, miko\u0142ajki 2021 warszawa, wydarzenia warszawa dzisiaj, dzieci cytaty, opis do zdj\u0119cia z dzieckiem, test z opowie\u015bci z narnii lew czarownica i stara szafa, test z opowie\u015bci z narnii lew czarownica i stara szafa, wzruszaj\u0105ce s\u0142owa dla przyjaciela, wpad\u0142a bomba do piwnicy<\/p>\n<p>yyyyy<\/p>\n<p>&nbsp;<\/p>\n","protected":false},"excerpt":{"rendered":"<p>SOULCALIBUR \u2165PS4 Przedstawiamy najnowsz\u0105 ods\u0142on\u0119 serii SOULCALIBUR!Poznaj zupe\u0142nie nowy system walki i najpi\u0119kniejsz\u0105 grafik\u0119, jak\u0105 widzia\u0142 gatunek bijatyk opartych o bro\u0144! Fabu\u0142a Soulcalibur VI obraca si\u0119 wok\u00f3\u0142 dw\u00f3ch magicznych, obdarzonych intelektem ostrzy o niezwyk\u0142ej mocy: przekl\u0119tego, demonicznego Soul Edge\u2019a oraz stworzonego, by przeciwdzia\u0142a\u0107 jego wp\u0142ywowi, \u015bwi\u0119tego Soul Calibura. Akcja gry osadzona jest we wzbogaconym o [&hellip;]<\/p>\n","protected":false},"featured_media":6328,"comment_status":"closed","ping_status":"open","template":"","meta":[],"product_cat":[96,203],"product_tag":[697,600],"class_list":["post-6327","product","type-product","status-publish","has-post-thumbnail","hentry","product_cat-bandai","product_cat-gry-playstation-4","product_tag-krotkie-bajki-do-czytania","product_tag-zaproszenia-na-urodziny-do-druku"],"_links":{"self":[{"href":"http:\/\/klubmamgdynia.pl\/index.php\/wp-json\/wp\/v2\/product\/6327","targetHints":{"allow":["GET"]}}],"collection":[{"href":"http:\/\/klubmamgdynia.pl\/index.php\/wp-json\/wp\/v2\/product"}],"about":[{"href":"http:\/\/klubmamgdynia.pl\/index.php\/wp-json\/wp\/v2\/types\/product"}],"replies":[{"embeddable":true,"href":"http:\/\/klubmamgdynia.pl\/index.php\/wp-json\/wp\/v2\/comments?post=6327"}],"wp:featuredmedia":[{"embeddable":true,"href":"http:\/\/klubmamgdynia.pl\/index.php\/wp-json\/wp\/v2\/media\/6328"}],"wp:attachment":[{"href":"http:\/\/klubmamgdynia.pl\/index.php\/wp-json\/wp\/v2\/media?parent=6327"}],"wp:term":[{"taxonomy":"product_cat","embeddable":true,"href":"http:\/\/klubmamgdynia.pl\/index.php\/wp-json\/wp\/v2\/product_cat?post=6327"},{"taxonomy":"product_tag","embeddable":true,"href":"http:\/\/klubmamgdynia.pl\/index.php\/wp-json\/wp\/v2\/product_tag?post=6327"}],"curies":[{"name":"wp","href":"https:\/\/api.w.org\/{rel}","templated":true}]}}