{"id":6329,"date":"2025-04-24T21:21:05","date_gmt":"2025-04-24T19:21:05","guid":{"rendered":"http:\/\/klubmamgdynia.pl\/?post_type=product&#038;p=6329"},"modified":"2026-04-06T06:42:35","modified_gmt":"2026-04-06T04:42:35","slug":"spross-wklady-uzupelniajace-6-pak","status":"publish","type":"product","link":"http:\/\/klubmamgdynia.pl\/index.php\/produkt\/spross-wklady-uzupelniajace-6-pak\/","title":{"rendered":"Spross Wk\u0142ady Uzupe\u0142niaj\u0105ce 6-Pak"},"content":{"rendered":"<p>Sprytna kaseta do uzupe\u0142niania Tuba z foli\u0105 w kasecie mie\u015bci do 190 pieluch (test przeprowadzono z pieluchami w rozmiarze 1). Wielowarstwowa folia o wysokiej barierze ochronnej w najlepszy mo\u017cliwy spos\u00f3b zatrzymuje zapachy i zapewnia przyjemny klimat w pomieszczeniu bez nieprzyjemnych zapach\u00f3w. Szczeg\u00f3\u0142y produktu: Bezzapachowa utylizacja Technologia folii wielowarstwowych Made in Germany Mie\u015bci do 190 pieluch<\/p>\n<h2>Spross Wk\u0142ady Uzupe\u0142niaj\u0105ce 6-Pak <\/h2>\n<p>z\u0142ote my\u015bli o rodzinie, opowiadanie o jesieni dla dzieci, adrian imie, imie pola, prezent dla nastoletniego ch\u0142opca, julian znaczenie, zagadki trudne, test ch\u0142opcy z placu broni klasa 5, ko\u0142ysanka dla dzieci tekst, prezenty na roczek dla dziewczynki, w uk\u0142adzie s\u0142onecznym<\/p>\n<p>yyyyy<\/p>\n<p>&nbsp;<\/p>\n","protected":false},"excerpt":{"rendered":"<p>Sprytna kaseta do uzupe\u0142niania Tuba z foli\u0105 w kasecie mie\u015bci do 190 pieluch (test przeprowadzono z pieluchami w rozmiarze 1). Wielowarstwowa folia o wysokiej barierze ochronnej w najlepszy mo\u017cliwy spos\u00f3b zatrzymuje zapachy i zapewnia przyjemny klimat w pomieszczeniu bez nieprzyjemnych zapach\u00f3w. Szczeg\u00f3\u0142y produktu: Bezzapachowa utylizacja Technologia folii wielowarstwowych Made in Germany Mie\u015bci do 190 pieluch [&hellip;]<\/p>\n","protected":false},"featured_media":6330,"comment_status":"closed","ping_status":"open","template":"","meta":[],"product_cat":[901],"product_tag":[598,657,741],"class_list":["post-6329","product","type-product","status-publish","has-post-thumbnail","hentry","product_cat-pozostale-akcesoria-do-pielegnacji-dzieci","product_tag-co-na-roczek-dla-dziewczynki","product_tag-lol-kolorowanka","product_tag-wlochy"],"_links":{"self":[{"href":"http:\/\/klubmamgdynia.pl\/index.php\/wp-json\/wp\/v2\/product\/6329","targetHints":{"allow":["GET"]}}],"collection":[{"href":"http:\/\/klubmamgdynia.pl\/index.php\/wp-json\/wp\/v2\/product"}],"about":[{"href":"http:\/\/klubmamgdynia.pl\/index.php\/wp-json\/wp\/v2\/types\/product"}],"replies":[{"embeddable":true,"href":"http:\/\/klubmamgdynia.pl\/index.php\/wp-json\/wp\/v2\/comments?post=6329"}],"wp:featuredmedia":[{"embeddable":true,"href":"http:\/\/klubmamgdynia.pl\/index.php\/wp-json\/wp\/v2\/media\/6330"}],"wp:attachment":[{"href":"http:\/\/klubmamgdynia.pl\/index.php\/wp-json\/wp\/v2\/media?parent=6329"}],"wp:term":[{"taxonomy":"product_cat","embeddable":true,"href":"http:\/\/klubmamgdynia.pl\/index.php\/wp-json\/wp\/v2\/product_cat?post=6329"},{"taxonomy":"product_tag","embeddable":true,"href":"http:\/\/klubmamgdynia.pl\/index.php\/wp-json\/wp\/v2\/product_tag?post=6329"}],"curies":[{"name":"wp","href":"https:\/\/api.w.org\/{rel}","templated":true}]}}