{"id":6333,"date":"2011-03-31T05:36:08","date_gmt":"2011-03-31T03:36:08","guid":{"rendered":"http:\/\/klubmamgdynia.pl\/index.php\/produkt\/sterntaler-rekawice-do-prania-3szt-emmi-szaroniebieskie\/"},"modified":"2026-04-20T11:52:49","modified_gmt":"2026-04-20T09:52:49","slug":"sterntaler-rekawice-do-prania-3szt-emmi-szaroniebieskie","status":"publish","type":"product","link":"http:\/\/klubmamgdynia.pl\/index.php\/produkt\/sterntaler-rekawice-do-prania-3szt-emmi-szaroniebieskie\/","title":{"rendered":"Sterntaler R\u0119kawice Do Prania 3Szt. Emmi Szaroniebieskie"},"content":{"rendered":"<p>Szczeg\u00f3\u0142y produktu: R\u0119kawice do prania wykonane z tkaniny frotte (ekologicznej) Z wyhaftowanym motywem osio\u0142ka Emmi. W opakowaniu 3 szt. Materia\u0142 i piel\u0119gnacja: Materia\u0142: 100 % bawe\u0142na organiczna Mo\u017cna pra\u0107 w temperaturze do 60 \u00b0C Sucho\u015b\u0107 przy zmniejszonym obci\u0105\u017ceniu cieplnym Nie czy\u015bci\u0107 na sucho Nie wybiela\u0107<\/p>\n<h2>Sterntaler R\u0119kawice Do Prania 3Szt. Emmi Szaroniebieskie Sterntaler<\/h2>\n<p>fajne prezenty dla nastolatk\u00f3w, pch\u0142y na noc, trudne zagadki matematyczne, lidia imie, cytaty o rodzinie, nauka polskiego dla dzieci z ukrainy, bycie mam\u0105 cytaty, krak\u00f3w atrakcje dla dzieci, karaluchy pod poduchy a szczypawki, kuba imi\u0119, rysunki dla pocz\u0105tkuj\u0105cych, co kupi\u0107 na roczek dla ch\u0142opca, \u017carty na prima aprilis dla dzieci, aron imi\u0119, miriam imie, gad\u017cety dla m\u0142odzie\u017cy 2020, opisy o dzieciach<\/p>\n<p>yyyyy<\/p>\n<p>&nbsp;<\/p>\n","protected":false},"excerpt":{"rendered":"<p>Szczeg\u00f3\u0142y produktu: R\u0119kawice do prania wykonane z tkaniny frotte (ekologicznej) Z wyhaftowanym motywem osio\u0142ka Emmi. W opakowaniu 3 szt. Materia\u0142 i piel\u0119gnacja: Materia\u0142: 100 % bawe\u0142na organiczna Mo\u017cna pra\u0107 w temperaturze do 60 \u00b0C Sucho\u015b\u0107 przy zmniejszonym obci\u0105\u017ceniu cieplnym Nie czy\u015bci\u0107 na sucho Nie wybiela\u0107 Sterntaler R\u0119kawice Do Prania 3Szt. Emmi Szaroniebieskie Sterntaler fajne prezenty [&hellip;]<\/p>\n","protected":false},"featured_media":6334,"comment_status":"closed","ping_status":"open","template":"","meta":[],"product_cat":[901,33],"product_tag":[658,584,655,815],"class_list":["post-6333","product","type-product","status-publish","has-post-thumbnail","hentry","product_cat-pozostale-akcesoria-do-pielegnacji-dzieci","product_cat-sterntaler","product_tag-alan-znaczenie-imienia","product_tag-liwia","product_tag-najlepsze-zagadki","product_tag-ozdoby-choinkowe-dla-dzieci"],"_links":{"self":[{"href":"http:\/\/klubmamgdynia.pl\/index.php\/wp-json\/wp\/v2\/product\/6333","targetHints":{"allow":["GET"]}}],"collection":[{"href":"http:\/\/klubmamgdynia.pl\/index.php\/wp-json\/wp\/v2\/product"}],"about":[{"href":"http:\/\/klubmamgdynia.pl\/index.php\/wp-json\/wp\/v2\/types\/product"}],"replies":[{"embeddable":true,"href":"http:\/\/klubmamgdynia.pl\/index.php\/wp-json\/wp\/v2\/comments?post=6333"}],"wp:featuredmedia":[{"embeddable":true,"href":"http:\/\/klubmamgdynia.pl\/index.php\/wp-json\/wp\/v2\/media\/6334"}],"wp:attachment":[{"href":"http:\/\/klubmamgdynia.pl\/index.php\/wp-json\/wp\/v2\/media?parent=6333"}],"wp:term":[{"taxonomy":"product_cat","embeddable":true,"href":"http:\/\/klubmamgdynia.pl\/index.php\/wp-json\/wp\/v2\/product_cat?post=6333"},{"taxonomy":"product_tag","embeddable":true,"href":"http:\/\/klubmamgdynia.pl\/index.php\/wp-json\/wp\/v2\/product_tag?post=6333"}],"curies":[{"name":"wp","href":"https:\/\/api.w.org\/{rel}","templated":true}]}}