{"id":6343,"date":"2013-12-10T03:26:17","date_gmt":"2013-12-10T02:26:17","guid":{"rendered":"http:\/\/klubmamgdynia.pl\/index.php\/produkt\/roba-universal-wkladka-do-kojca-little-stars-75x100-100x100cm-r-100x100cm\/"},"modified":"2026-04-30T17:24:21","modified_gmt":"2026-04-30T15:24:21","slug":"roba-universal-wkladka-do-kojca-little-stars-75x100-100x100cm-r-100x100cm","status":"publish","type":"product","link":"http:\/\/klubmamgdynia.pl\/index.php\/produkt\/roba-universal-wkladka-do-kojca-little-stars-75x100-100x100cm-r-100x100cm\/","title":{"rendered":"Roba Universal Wk\u0142adka Do Kojca Little Stars 75X100 \/ 100X100Cm R. 100X100Cm"},"content":{"rendered":"<p>P\u0142ytka do kocio\u0142k\u00f3w o zmiennej powierzchni le\u017c\u0105cej dla 4-koronnych kocio\u0142k\u00f3w do 100x100cm. Mo\u017ce by\u0107 r\u00f3wnie\u017c stosowany do mniejszych rozmiar\u00f3w, np. kojec 75&#215;100 cm. Mata do zabawy mo\u017ce by\u0107 \u0142atwo przymocowana do kojca za pomoc\u0105 bocznych pas\u00f3w. Wk\u0142adka do kocyka wykonana jest z \u0142atwej w piel\u0119gnacji mieszanki poliestru bawe\u0142nianego (65% poliestru i 35% bawe\u0142ny) i posiada mi\u0119kk\u0105 wy\u015bci\u00f3\u0142k\u0119 ze 100% polaru poliestrowego do zabawy i przytulania. Wszystkie u\u017cywane materia\u0142y s\u0105 certyfikowane i regularnie badane pod k\u0105tem obecno\u015bci szkodliwych substancji. Szczeg\u00f3\u0142y produktu: Materia\u0142: 35% bawe\u0142na, 65% poliester Wype\u0142nienie: 100% Poliester \u0141atwe do czyszczenia wilgotn\u0105 \u015bciereczk\u0105 Mo\u017cna pra\u0107 w temperaturze do 30\u00b0C Nadaje si\u0119 do suszarki b\u0119bnowej Universal mo\u017ce by\u0107 u\u017cywany w dw\u00f3ch rozmiarach<\/p>\n<h2>Roba Universal Wk\u0142adka Do Kojca Little Stars 75X100 \/ 100X100Cm R. 100X100Cm Roba<\/h2>\n<p>quiz z bajek, gry dla m\u0142odzie\u017cy, \u015bmieszne kanapki kanapki dla dzieci, zagatki matematyczne, mia i ja kolorowanki do druku, zagadki o przyborach szkolnych, kr\u00f3tkie bajki na dobranoc o mi\u0142o\u015bci, test z lektury kajko i kokosz szko\u0142a latania, quiz felix net i nika oraz gang niewidzialnych ludzi, jagna imi\u0119, ch\u0142opcy z placu broni &#8211; test z odpowiedziami, plan lekcji do druku<\/p>\n<p>yyyyy<\/p>\n<p>&nbsp;<\/p>\n","protected":false},"excerpt":{"rendered":"<p>P\u0142ytka do kocio\u0142k\u00f3w o zmiennej powierzchni le\u017c\u0105cej dla 4-koronnych kocio\u0142k\u00f3w do 100x100cm. Mo\u017ce by\u0107 r\u00f3wnie\u017c stosowany do mniejszych rozmiar\u00f3w, np. kojec 75&#215;100 cm. Mata do zabawy mo\u017ce by\u0107 \u0142atwo przymocowana do kojca za pomoc\u0105 bocznych pas\u00f3w. Wk\u0142adka do kocyka wykonana jest z \u0142atwej w piel\u0119gnacji mieszanki poliestru bawe\u0142nianego (65% poliestru i 35% bawe\u0142ny) i posiada [&hellip;]<\/p>\n","protected":false},"featured_media":6344,"comment_status":"closed","ping_status":"open","template":"","meta":[],"product_cat":[1256,1087],"product_tag":[833,750,690,704,843],"class_list":["post-6343","product","type-product","status-publish","has-post-thumbnail","hentry","product_cat-kojce","product_cat-roba","product_tag-bajki-dla-dzieci-do-czytania","product_tag-imie-kostek","product_tag-pieski-male-dwa-tekst","product_tag-prezent-dla-nastolatka","product_tag-smieszne-zagadki-dla-dzieci"],"_links":{"self":[{"href":"http:\/\/klubmamgdynia.pl\/index.php\/wp-json\/wp\/v2\/product\/6343","targetHints":{"allow":["GET"]}}],"collection":[{"href":"http:\/\/klubmamgdynia.pl\/index.php\/wp-json\/wp\/v2\/product"}],"about":[{"href":"http:\/\/klubmamgdynia.pl\/index.php\/wp-json\/wp\/v2\/types\/product"}],"replies":[{"embeddable":true,"href":"http:\/\/klubmamgdynia.pl\/index.php\/wp-json\/wp\/v2\/comments?post=6343"}],"wp:featuredmedia":[{"embeddable":true,"href":"http:\/\/klubmamgdynia.pl\/index.php\/wp-json\/wp\/v2\/media\/6344"}],"wp:attachment":[{"href":"http:\/\/klubmamgdynia.pl\/index.php\/wp-json\/wp\/v2\/media?parent=6343"}],"wp:term":[{"taxonomy":"product_cat","embeddable":true,"href":"http:\/\/klubmamgdynia.pl\/index.php\/wp-json\/wp\/v2\/product_cat?post=6343"},{"taxonomy":"product_tag","embeddable":true,"href":"http:\/\/klubmamgdynia.pl\/index.php\/wp-json\/wp\/v2\/product_tag?post=6343"}],"curies":[{"name":"wp","href":"https:\/\/api.w.org\/{rel}","templated":true}]}}