{"id":6345,"date":"2017-09-01T02:10:46","date_gmt":"2017-09-01T00:10:46","guid":{"rendered":"http:\/\/klubmamgdynia.pl\/index.php\/produkt\/kunert-molto-wozek-gleboko-spacerowy-2w1-czarny-kwiaty-grafitowa-rama-kola-zelowe\/"},"modified":"2026-04-29T16:50:54","modified_gmt":"2026-04-29T14:50:54","slug":"kunert-molto-wozek-gleboko-spacerowy-2w1-czarny-kwiaty-grafitowa-rama-kola-zelowe","status":"publish","type":"product","link":"http:\/\/klubmamgdynia.pl\/index.php\/produkt\/kunert-molto-wozek-gleboko-spacerowy-2w1-czarny-kwiaty-grafitowa-rama-kola-zelowe\/","title":{"rendered":"Kunert Molto W\u00f3zek G\u0142\u0119boko-Spacerowy 2w1 Czarny + Kwiaty Grafitowa Rama Ko\u0142a \u017belowe"},"content":{"rendered":"<p>Kunert Molto W\u00f3zek G\u0142\u0119boko-Spacerowy 2w1 Czarny + Kwiaty Grafitowa Rama Ko\u0142a \u017belowe<\/p>\n<h2>Kunert Molto W\u00f3zek G\u0142\u0119boko-Spacerowy 2w1 Czarny + Kwiaty Grafitowa Rama Ko\u0142a \u017belowe Kunert<\/h2>\n<p>test ch\u0142opcy z placu broni klasa 5, jak narysowa\u0107 psa krok po kroku, wielkanocne zagadki dla dzieci, bajki dla niemowl\u0105t do czytania, najlepsze zarty na prima aprilis, plac zamkowy, wiersze o wio\u015bnie jana brzechwy, gra kulki, gabriela imie, magiczne drzewo czerwone krzes\u0142o test, litera r do druku<\/p>\n<p>yyyyy<\/p>\n<p>&nbsp;<\/p>\n","protected":false},"excerpt":{"rendered":"<p>Kunert Molto W\u00f3zek G\u0142\u0119boko-Spacerowy 2w1 Czarny + Kwiaty Grafitowa Rama Ko\u0142a \u017belowe Kunert Molto W\u00f3zek G\u0142\u0119boko-Spacerowy 2w1 Czarny + Kwiaty Grafitowa Rama Ko\u0142a \u017belowe Kunert test ch\u0142opcy z placu broni klasa 5, jak narysowa\u0107 psa krok po kroku, wielkanocne zagadki dla dzieci, bajki dla niemowl\u0105t do czytania, najlepsze zarty na prima aprilis, plac zamkowy, wiersze [&hellip;]<\/p>\n","protected":false},"featured_media":6346,"comment_status":"closed","ping_status":"open","template":"","meta":[],"product_cat":[1277,110],"product_tag":[817,671,619,826,824],"class_list":["post-6345","product","type-product","status-publish","has-post-thumbnail","hentry","product_cat-kunert","product_cat-wozki-wielofunkcyjne","product_tag-bajka-terapeutyczna-o-emocjach","product_tag-cicha-noc-po-angielsku-tekst","product_tag-iwo-imie","product_tag-prezent-dla-15-latka","product_tag-warszawa-atrakcje-dla-dzieci"],"_links":{"self":[{"href":"http:\/\/klubmamgdynia.pl\/index.php\/wp-json\/wp\/v2\/product\/6345","targetHints":{"allow":["GET"]}}],"collection":[{"href":"http:\/\/klubmamgdynia.pl\/index.php\/wp-json\/wp\/v2\/product"}],"about":[{"href":"http:\/\/klubmamgdynia.pl\/index.php\/wp-json\/wp\/v2\/types\/product"}],"replies":[{"embeddable":true,"href":"http:\/\/klubmamgdynia.pl\/index.php\/wp-json\/wp\/v2\/comments?post=6345"}],"wp:featuredmedia":[{"embeddable":true,"href":"http:\/\/klubmamgdynia.pl\/index.php\/wp-json\/wp\/v2\/media\/6346"}],"wp:attachment":[{"href":"http:\/\/klubmamgdynia.pl\/index.php\/wp-json\/wp\/v2\/media?parent=6345"}],"wp:term":[{"taxonomy":"product_cat","embeddable":true,"href":"http:\/\/klubmamgdynia.pl\/index.php\/wp-json\/wp\/v2\/product_cat?post=6345"},{"taxonomy":"product_tag","embeddable":true,"href":"http:\/\/klubmamgdynia.pl\/index.php\/wp-json\/wp\/v2\/product_tag?post=6345"}],"curies":[{"name":"wp","href":"https:\/\/api.w.org\/{rel}","templated":true}]}}