{"id":6349,"date":"2020-01-26T01:41:09","date_gmt":"2020-01-26T00:41:09","guid":{"rendered":"http:\/\/klubmamgdynia.pl\/index.php\/produkt\/tommee-tippee-smoczek-do-butelek-advanced-0m\/"},"modified":"2026-04-04T00:48:20","modified_gmt":"2026-04-03T22:48:20","slug":"tommee-tippee-smoczek-do-butelek-advanced-0m","status":"publish","type":"product","link":"http:\/\/klubmamgdynia.pl\/index.php\/produkt\/tommee-tippee-smoczek-do-butelek-advanced-0m\/","title":{"rendered":"Tommee Tippee Smoczek Do Butelek Advanced 0M+"},"content":{"rendered":"<p>Smoczek do butelki advanced \/ 0m+ \/ 2sztCECHYOpatentowane kanaliki zasysaj\u0105 powietrze, ograniczaj\u0105c jego ilo\u015b\u0107 w mleku dziecka.Wyr\u00f3\u017cniony nagrodami smoczek do butelek imituje kobiec\u0105 pier\u015b, u\u0142atwiaj\u0105c dziecku ssanie, a mamie karmienie.Zawsze bez bisfenolu A \u2013 dla pe\u0142nego bezpiecze\u0144stwaSmoczki do butelek s\u0105 dost\u0119pne w wersji umiarkowanego i szybkiego przep\u0142ywuWszystkie smoczki do butelek s\u0105 sprzedawane w opakowaniach zawieraj\u0105cych dwie sztukiZe wzgl\u0119du na unikalny system odpowietrzania antykolkowe smoczki pasuj\u0105 jedynie do butelki antykolkowejOpakowanie zawiera:2x smoczek advanced \/ 0m+<\/p>\n<h2>Tommee Tippee Smoczek Do Butelek Advanced 0M+ <\/h2>\n<p>zagatki, zagadki \u015bmieszne podchwytliwe, ale kino program, kolorowanki do druku dla doros\u0142ych, proste dekoracje \u015bwi\u0105teczne dla dzieci, roza imie, quizy dla dzieci 7 lat, opisy do zdj dziecka, pomys\u0142 na prezent na roczek, bajka o smoku, pierniki na bo\u017ce narodzenie, kolorowanki minecraft, cytaty o nauczycielach, zagadka matematyczna dla dzieci, cytaty o mi\u0142o\u015bci do dziecka, karty pracy dla dzieci z ukrainy pdf, quiz znaki drogowe, nadia, upominek dla nastolatk\u00f3w<\/p>\n<p>yyyyy<\/p>\n<p>&nbsp;<\/p>\n","protected":false},"excerpt":{"rendered":"<p>Smoczek do butelki advanced \/ 0m+ \/ 2sztCECHYOpatentowane kanaliki zasysaj\u0105 powietrze, ograniczaj\u0105c jego ilo\u015b\u0107 w mleku dziecka.Wyr\u00f3\u017cniony nagrodami smoczek do butelek imituje kobiec\u0105 pier\u015b, u\u0142atwiaj\u0105c dziecku ssanie, a mamie karmienie.Zawsze bez bisfenolu A \u2013 dla pe\u0142nego bezpiecze\u0144stwaSmoczki do butelek s\u0105 dost\u0119pne w wersji umiarkowanego i szybkiego przep\u0142ywuWszystkie smoczki do butelek s\u0105 sprzedawane w opakowaniach zawieraj\u0105cych [&hellip;]<\/p>\n","protected":false},"featured_media":6350,"comment_status":"closed","ping_status":"open","template":"","meta":[],"product_cat":[283],"product_tag":[610,722,580,637,704,767],"class_list":["post-6349","product","type-product","status-publish","has-post-thumbnail","hentry","product_cat-smoczki-i-ustniki-do-butelek","product_tag-co-na-prezent-dla-nastolatkow","product_tag-cytaty-o-przyjazni","product_tag-janusz","product_tag-niech-zyja-wakacje-tekst","product_tag-prezent-dla-nastolatka","product_tag-zaproszenia-urodzinowe-do-druku"],"_links":{"self":[{"href":"http:\/\/klubmamgdynia.pl\/index.php\/wp-json\/wp\/v2\/product\/6349","targetHints":{"allow":["GET"]}}],"collection":[{"href":"http:\/\/klubmamgdynia.pl\/index.php\/wp-json\/wp\/v2\/product"}],"about":[{"href":"http:\/\/klubmamgdynia.pl\/index.php\/wp-json\/wp\/v2\/types\/product"}],"replies":[{"embeddable":true,"href":"http:\/\/klubmamgdynia.pl\/index.php\/wp-json\/wp\/v2\/comments?post=6349"}],"wp:featuredmedia":[{"embeddable":true,"href":"http:\/\/klubmamgdynia.pl\/index.php\/wp-json\/wp\/v2\/media\/6350"}],"wp:attachment":[{"href":"http:\/\/klubmamgdynia.pl\/index.php\/wp-json\/wp\/v2\/media?parent=6349"}],"wp:term":[{"taxonomy":"product_cat","embeddable":true,"href":"http:\/\/klubmamgdynia.pl\/index.php\/wp-json\/wp\/v2\/product_cat?post=6349"},{"taxonomy":"product_tag","embeddable":true,"href":"http:\/\/klubmamgdynia.pl\/index.php\/wp-json\/wp\/v2\/product_tag?post=6349"}],"curies":[{"name":"wp","href":"https:\/\/api.w.org\/{rel}","templated":true}]}}