{"id":635,"date":"2013-07-25T19:10:14","date_gmt":"2013-07-25T17:10:14","guid":{"rendered":"http:\/\/klubmamgdynia.pl\/index.php\/produkt\/majtki-z-wysokim-stanem-sweetheart\/"},"modified":"2026-04-08T16:07:30","modified_gmt":"2026-04-08T14:07:30","slug":"majtki-z-wysokim-stanem-sweetheart","status":"publish","type":"product","link":"http:\/\/klubmamgdynia.pl\/index.php\/produkt\/majtki-z-wysokim-stanem-sweetheart\/","title":{"rendered":"Majtki z wysokim stanem Sweetheart"},"content":{"rendered":"<p>Majtki z wysokim stanem, kt\u00f3re zapewniaj\u0105 wygod\u0119 u\u017cytkowania, ale tak\u017ce subtelnie tuszuj\u0105 niedoskona\u0142o\u015bci sylwetki. Wykonane z \u0142\u0105czonych materia\u0142\u00f3w \u2013 p\u00f3\u0142transparentna siateczka i elegancka, kwiatowa koronka uk\u0142adaj\u0105 si\u0119 w ciekawy wz\u00f3r. Idealne na co dzie\u0144 i na specjalne okazje.\u2022 wygodny fason zakrywaj\u0105cy po\u015bladki\u2022 z ty\u0142u brzegi wyko\u0144czone pofalowan\u0105 koronk\u0105\u2022 cienka, wygodna gumka z bi\u017cuteryjnym zdobieniem na \u015brodku<\/p>\n<h2>Majtki z wysokim stanem Sweetheart Esotiq<\/h2>\n<p>nietypowe imiona, everest psi patrol, zabawy z 7 latkiem, cytat dla mamy, wzory dyplom\u00f3w dyplomy do druku, test z dynastii mizio\u0142k\u00f3w, dinozaur bajka, imie iwo<\/p>\n<p>yyyyy<\/p>\n<p>&nbsp;<\/p>\n","protected":false},"excerpt":{"rendered":"<p>Majtki z wysokim stanem, kt\u00f3re zapewniaj\u0105 wygod\u0119 u\u017cytkowania, ale tak\u017ce subtelnie tuszuj\u0105 niedoskona\u0142o\u015bci sylwetki. Wykonane z \u0142\u0105czonych materia\u0142\u00f3w \u2013 p\u00f3\u0142transparentna siateczka i elegancka, kwiatowa koronka uk\u0142adaj\u0105 si\u0119 w ciekawy wz\u00f3r. Idealne na co dzie\u0144 i na specjalne okazje.\u2022 wygodny fason zakrywaj\u0105cy po\u015bladki\u2022 z ty\u0142u brzegi wyko\u0144czone pofalowan\u0105 koronk\u0105\u2022 cienka, wygodna gumka z bi\u017cuteryjnym zdobieniem na [&hellip;]<\/p>\n","protected":false},"featured_media":636,"comment_status":"closed","ping_status":"open","template":"","meta":[],"product_cat":[244,245],"product_tag":[838,688,768,732,767],"class_list":["post-635","product","type-product","status-publish","has-post-thumbnail","hentry","product_cat-esotiq","product_cat-majtki","product_tag-bajki-dla-dzieci-na-dobranoc","product_tag-kolysanki-tekst","product_tag-krotkie-zagadki-logiczne","product_tag-prezent-dla-rocznego-chlopca","product_tag-zaproszenia-urodzinowe-do-druku"],"_links":{"self":[{"href":"http:\/\/klubmamgdynia.pl\/index.php\/wp-json\/wp\/v2\/product\/635","targetHints":{"allow":["GET"]}}],"collection":[{"href":"http:\/\/klubmamgdynia.pl\/index.php\/wp-json\/wp\/v2\/product"}],"about":[{"href":"http:\/\/klubmamgdynia.pl\/index.php\/wp-json\/wp\/v2\/types\/product"}],"replies":[{"embeddable":true,"href":"http:\/\/klubmamgdynia.pl\/index.php\/wp-json\/wp\/v2\/comments?post=635"}],"wp:featuredmedia":[{"embeddable":true,"href":"http:\/\/klubmamgdynia.pl\/index.php\/wp-json\/wp\/v2\/media\/636"}],"wp:attachment":[{"href":"http:\/\/klubmamgdynia.pl\/index.php\/wp-json\/wp\/v2\/media?parent=635"}],"wp:term":[{"taxonomy":"product_cat","embeddable":true,"href":"http:\/\/klubmamgdynia.pl\/index.php\/wp-json\/wp\/v2\/product_cat?post=635"},{"taxonomy":"product_tag","embeddable":true,"href":"http:\/\/klubmamgdynia.pl\/index.php\/wp-json\/wp\/v2\/product_tag?post=635"}],"curies":[{"name":"wp","href":"https:\/\/api.w.org\/{rel}","templated":true}]}}