{"id":6351,"date":"2016-02-28T01:46:59","date_gmt":"2016-02-28T00:46:59","guid":{"rendered":"http:\/\/klubmamgdynia.pl\/index.php\/produkt\/rc2-stacyjkowo-bruno-wagonik-3934450\/"},"modified":"2026-04-05T20:24:48","modified_gmt":"2026-04-05T18:24:48","slug":"rc2-stacyjkowo-bruno-wagonik-3934450","status":"publish","type":"product","link":"http:\/\/klubmamgdynia.pl\/index.php\/produkt\/rc2-stacyjkowo-bruno-wagonik-3934450\/","title":{"rendered":"Rc2 Stacyjkowo Bruno Wagonik 3934450"},"content":{"rendered":"<p>Tomy Stacyjkowo Lokomotywa Bruno 54119\/54003<\/p>\n<h2>Rc2 Stacyjkowo Bruno Wagonik 3934450 Stacyjkowo<\/h2>\n<p>marianna, test z lektury magiczne drzewo czerwone krzes\u0142o, tajemniczy ogr\u00f3d test z lektury, prezent dla ch\u0142opca na roczek, prank na prima aprilis, kolorowanki kotka, pierwszy obudzi\u0142 si\u0119 pierwiosnek tekst, zagdki, Keyword, kwiaty polne nazwy, miko\u0142ajek quiz, kwiecien plecien<\/p>\n<p>yyyyy<\/p>\n<p>&nbsp;<\/p>\n","protected":false},"excerpt":{"rendered":"<p>Tomy Stacyjkowo Lokomotywa Bruno 54119\/54003 Rc2 Stacyjkowo Bruno Wagonik 3934450 Stacyjkowo marianna, test z lektury magiczne drzewo czerwone krzes\u0142o, tajemniczy ogr\u00f3d test z lektury, prezent dla ch\u0142opca na roczek, prank na prima aprilis, kolorowanki kotka, pierwszy obudzi\u0142 si\u0119 pierwiosnek tekst, zagdki, Keyword, kwiaty polne nazwy, miko\u0142ajek quiz, kwiecien plecien yyyyy &nbsp;<\/p>\n","protected":false},"featured_media":6352,"comment_status":"closed","ping_status":"open","template":"","meta":[],"product_cat":[56,1461],"product_tag":[797,780,657,720,759,726,588],"class_list":["post-6351","product","type-product","status-publish","has-post-thumbnail","hentry","product_cat-kolejki","product_cat-stacyjkowo","product_tag-kiekrz","product_tag-krecik-bajka","product_tag-lol-kolorowanka","product_tag-malowanki","product_tag-pomysly-na-prezent-dla-nastolatkow","product_tag-quiz-zemsta","product_tag-wzruszajace-slowa-dla-przyjaciela"],"_links":{"self":[{"href":"http:\/\/klubmamgdynia.pl\/index.php\/wp-json\/wp\/v2\/product\/6351","targetHints":{"allow":["GET"]}}],"collection":[{"href":"http:\/\/klubmamgdynia.pl\/index.php\/wp-json\/wp\/v2\/product"}],"about":[{"href":"http:\/\/klubmamgdynia.pl\/index.php\/wp-json\/wp\/v2\/types\/product"}],"replies":[{"embeddable":true,"href":"http:\/\/klubmamgdynia.pl\/index.php\/wp-json\/wp\/v2\/comments?post=6351"}],"wp:featuredmedia":[{"embeddable":true,"href":"http:\/\/klubmamgdynia.pl\/index.php\/wp-json\/wp\/v2\/media\/6352"}],"wp:attachment":[{"href":"http:\/\/klubmamgdynia.pl\/index.php\/wp-json\/wp\/v2\/media?parent=6351"}],"wp:term":[{"taxonomy":"product_cat","embeddable":true,"href":"http:\/\/klubmamgdynia.pl\/index.php\/wp-json\/wp\/v2\/product_cat?post=6351"},{"taxonomy":"product_tag","embeddable":true,"href":"http:\/\/klubmamgdynia.pl\/index.php\/wp-json\/wp\/v2\/product_tag?post=6351"}],"curies":[{"name":"wp","href":"https:\/\/api.w.org\/{rel}","templated":true}]}}