{"id":6353,"date":"2020-10-01T13:22:28","date_gmt":"2020-10-01T11:22:28","guid":{"rendered":"http:\/\/klubmamgdynia.pl\/index.php\/produkt\/barbie-opiekunka-zestaw-lalki-1-fhy97-fhy98\/"},"modified":"2026-05-17T23:17:02","modified_gmt":"2026-05-17T21:17:02","slug":"barbie-opiekunka-zestaw-lalki-1-fhy97-fhy98","status":"publish","type":"product","link":"http:\/\/klubmamgdynia.pl\/index.php\/produkt\/barbie-opiekunka-zestaw-lalki-1-fhy97-fhy98\/","title":{"rendered":"Barbie Opiekunka Zestaw + Lalki 1 Fhy97 Fhy98"},"content":{"rendered":"<p>Lalka Skipper i zestawy z linii Barbie Klub Opiekunek pozwalaj\u0105 dzieciom wcieli\u0107 si\u0119 w rol\u0119 niani dzi\u0119ki do\u0142\u0105czonej lalce niemowl\u0119ciu, mebelkom i specjalnym akcesoriom. Tematyczny zestaw zwi\u0105zany z karmieniem i drzemk\u0105 ma wiele ciekawych funkcji, np. zmian\u0119 kolor\u00f3w na twarzy niemowl\u0119cia \u2013 i mo\u017ce by\u0107 inspiracj\u0105 do wymy\u015blania r\u00f3\u017cnych historyjek.                            <\/p>\n<p>Aby \u201eubrudzi\u0107\u201d twarz lalki, wystarczy u\u017cy\u0107 zimnej wody, a aby j\u0105 \u201ewyczy\u015bci\u0107\u201d \u2013 ciep\u0142ej. Akcesoria \u2013 g\u0105bka w kszta\u0142cie \u0142y\u017cki, \u015bciereczka, butelka na \u201emleko\u201d i \u201ejedzenie\u201d dla malucha \u2013 pasuj\u0105 do d\u0142oni Skipper i urozmaicaj\u0105 zabaw\u0119.                            <\/p>\n<p>Posad\u017a lalk\u0119 niemowl\u0119 na krze\u015ble zainspirowanym klasycznym produktem Fisher-Price i pom\u00f3\u017c Skipper nakarmi\u0107 dzidziusia.                            <\/p>\n<p>Potem czas do ko\u0142yski \u2013 obracaj\u0105ca si\u0119 karuzelka u\u0142atwi dziecku zasypianie.                            <\/p>\n<p>Zabawa w niani\u0119Opieka nad maluchami mo\u017ce by\u0107 \u015bwietn\u0105 zabaw\u0105 pe\u0142n\u0105 niezwyk\u0142ych przyg\u00f3d. Kiedy dziewczynka bawi si\u0119 Barbie, mo\u017ce by\u0107 kim chce!<\/p>\n<h2>Barbie Opiekunka Zestaw + Lalki 1 Fhy97 Fhy98 Barbie<\/h2>\n<p>wierszyki o marzannie, najtrudniejsze zagadki, asiunia pytania do lektury, julian, koty kolorowanki do druku, dzie\u0144 pluszowego misia napis, opisy rodzina, mi\u0142osz imi\u0119, kartka walentynkowa zrobiona przez dzieci<\/p>\n<p>yyyyy<\/p>\n<p>&nbsp;<\/p>\n","protected":false},"excerpt":{"rendered":"<p>Lalka Skipper i zestawy z linii Barbie Klub Opiekunek pozwalaj\u0105 dzieciom wcieli\u0107 si\u0119 w rol\u0119 niani dzi\u0119ki do\u0142\u0105czonej lalce niemowl\u0119ciu, mebelkom i specjalnym akcesoriom. Tematyczny zestaw zwi\u0105zany z karmieniem i drzemk\u0105 ma wiele ciekawych funkcji, np. zmian\u0119 kolor\u00f3w na twarzy niemowl\u0119cia \u2013 i mo\u017ce by\u0107 inspiracj\u0105 do wymy\u015blania r\u00f3\u017cnych historyjek. Aby \u201eubrudzi\u0107\u201d twarz lalki, wystarczy [&hellip;]<\/p>\n","protected":false},"featured_media":6354,"comment_status":"closed","ping_status":"open","template":"","meta":[],"product_cat":[173,65],"product_tag":[865,606,601],"class_list":["post-6353","product","type-product","status-publish","has-post-thumbnail","hentry","product_cat-barbie","product_cat-lalki","product_tag-cytaty-o-dzieciach","product_tag-stala-pod-sniegiem","product_tag-zagadki-co-to-jest"],"_links":{"self":[{"href":"http:\/\/klubmamgdynia.pl\/index.php\/wp-json\/wp\/v2\/product\/6353","targetHints":{"allow":["GET"]}}],"collection":[{"href":"http:\/\/klubmamgdynia.pl\/index.php\/wp-json\/wp\/v2\/product"}],"about":[{"href":"http:\/\/klubmamgdynia.pl\/index.php\/wp-json\/wp\/v2\/types\/product"}],"replies":[{"embeddable":true,"href":"http:\/\/klubmamgdynia.pl\/index.php\/wp-json\/wp\/v2\/comments?post=6353"}],"wp:featuredmedia":[{"embeddable":true,"href":"http:\/\/klubmamgdynia.pl\/index.php\/wp-json\/wp\/v2\/media\/6354"}],"wp:attachment":[{"href":"http:\/\/klubmamgdynia.pl\/index.php\/wp-json\/wp\/v2\/media?parent=6353"}],"wp:term":[{"taxonomy":"product_cat","embeddable":true,"href":"http:\/\/klubmamgdynia.pl\/index.php\/wp-json\/wp\/v2\/product_cat?post=6353"},{"taxonomy":"product_tag","embeddable":true,"href":"http:\/\/klubmamgdynia.pl\/index.php\/wp-json\/wp\/v2\/product_tag?post=6353"}],"curies":[{"name":"wp","href":"https:\/\/api.w.org\/{rel}","templated":true}]}}