{"id":6355,"date":"2024-06-01T05:07:52","date_gmt":"2024-06-01T03:07:52","guid":{"rendered":"http:\/\/klubmamgdynia.pl\/?post_type=product&#038;p=6355"},"modified":"2026-05-02T13:11:18","modified_gmt":"2026-05-02T11:11:18","slug":"samiboo-bambusowa-myjka-do-kompieli-kroliczek-mietowy","status":"publish","type":"product","link":"http:\/\/klubmamgdynia.pl\/index.php\/produkt\/samiboo-bambusowa-myjka-do-kompieli-kroliczek-mietowy\/","title":{"rendered":"Samiboo Bambusowa Myjka Do Kompieli Kr\u00f3liczek Mi\u0119towy"},"content":{"rendered":"<p>Cudownie mi\u0119kka myjka k\u0105pielowa bambusowa z uszkami. Uszyta z mi\u0119sistej, megach\u0142onnej froty o w\u0142a\u015bciwo\u015bciach antybakteryjnych. Sprawdzi si\u0119 idealnie do k\u0105pieli dla noworodka i niemowlaka. Wygodna forma r\u0119kawicy sprawdzi si\u0119 podczas k\u0105pieli maluszka, a tak\u017ce w codziennej piel\u0119gnacji do przemywania r\u0105czek i buzi w trakcie dnia. Myjka posiada haczyk daj\u0105cy mo\u017cliwo\u015b\u0107 jej zawieszenia, co u\u0142atwia wysychanie. Bambus posiada wiele cennych w\u0142a\u015bciwo\u015bci : antybakteryjne, antygrzybiczne i antyodorowe znakomicie ch\u0142onie wod\u0119: o ok. 60% skuteczniej ni\u017c bawe\u0142na nie daje odczyn\u00f3w alergicznych &#8211; produkty z w\u0142\u00f3kna bambusowego s\u0105 polecane dla noworodk\u00f3w, jak r\u00f3wnie\u017c dla dzieci starszych \u0142atwo spieraj\u0105 si\u0119 z niego zabrudzenia Uszyta w Polsce Wymiary: 21&#215;14 cm Sk\u0142ad: 100% wiskoza bambusowa Certyfikaty: Oeko-tex standard 100 w klasie I<\/p>\n<h2>Samiboo Bambusowa Myjka Do Kompieli Kr\u00f3liczek Mi\u0119towy Samiboo<\/h2>\n<p>m\u00f3j przyjaciel mi\u015b scenariusz zaj\u0119\u0107 w przedszkolu, oskar imi\u0119, cytat na dzie\u0144 mamy, chase psi patrol kolorowanka, wydarzenia dla dzieci warszawa, testy katarynka, cyferki do druku, piosenka na dzie\u0144 nauczyciela przedszkole, quizy za darmo, najlepsze place zabaw warszawa, pies rysunek, wroc\u0142aw atrakcje dla m\u0142odzie\u017cy, zagadki matematyczne dla dzieci 7 lat<\/p>\n<p>yyyyy<\/p>\n<p>&nbsp;<\/p>\n","protected":false},"excerpt":{"rendered":"<p>Cudownie mi\u0119kka myjka k\u0105pielowa bambusowa z uszkami. Uszyta z mi\u0119sistej, megach\u0142onnej froty o w\u0142a\u015bciwo\u015bciach antybakteryjnych. Sprawdzi si\u0119 idealnie do k\u0105pieli dla noworodka i niemowlaka. Wygodna forma r\u0119kawicy sprawdzi si\u0119 podczas k\u0105pieli maluszka, a tak\u017ce w codziennej piel\u0119gnacji do przemywania r\u0105czek i buzi w trakcie dnia. Myjka posiada haczyk daj\u0105cy mo\u017cliwo\u015b\u0107 jej zawieszenia, co u\u0142atwia wysychanie. [&hellip;]<\/p>\n","protected":false},"featured_media":6356,"comment_status":"closed","ping_status":"open","template":"","meta":[],"product_cat":[901,1462],"product_tag":[797,737,738,592],"class_list":["post-6355","product","type-product","status-publish","has-post-thumbnail","hentry","product_cat-pozostale-akcesoria-do-pielegnacji-dzieci","product_cat-samiboo","product_tag-kiekrz","product_tag-test-z-lektury-felix-net-i-nika-oraz-gang-niewidzialnych-ludzi","product_tag-wroclaw-dla-dzieci","product_tag-zagadki-dla-dzieci"],"_links":{"self":[{"href":"http:\/\/klubmamgdynia.pl\/index.php\/wp-json\/wp\/v2\/product\/6355","targetHints":{"allow":["GET"]}}],"collection":[{"href":"http:\/\/klubmamgdynia.pl\/index.php\/wp-json\/wp\/v2\/product"}],"about":[{"href":"http:\/\/klubmamgdynia.pl\/index.php\/wp-json\/wp\/v2\/types\/product"}],"replies":[{"embeddable":true,"href":"http:\/\/klubmamgdynia.pl\/index.php\/wp-json\/wp\/v2\/comments?post=6355"}],"wp:featuredmedia":[{"embeddable":true,"href":"http:\/\/klubmamgdynia.pl\/index.php\/wp-json\/wp\/v2\/media\/6356"}],"wp:attachment":[{"href":"http:\/\/klubmamgdynia.pl\/index.php\/wp-json\/wp\/v2\/media?parent=6355"}],"wp:term":[{"taxonomy":"product_cat","embeddable":true,"href":"http:\/\/klubmamgdynia.pl\/index.php\/wp-json\/wp\/v2\/product_cat?post=6355"},{"taxonomy":"product_tag","embeddable":true,"href":"http:\/\/klubmamgdynia.pl\/index.php\/wp-json\/wp\/v2\/product_tag?post=6355"}],"curies":[{"name":"wp","href":"https:\/\/api.w.org\/{rel}","templated":true}]}}