{"id":6357,"date":"2019-07-31T03:07:15","date_gmt":"2019-07-31T01:07:15","guid":{"rendered":"http:\/\/klubmamgdynia.pl\/index.php\/produkt\/my-little-pony-pastylki-barwiace-do-kapieli\/"},"modified":"2026-05-17T21:59:14","modified_gmt":"2026-05-17T19:59:14","slug":"my-little-pony-pastylki-barwiace-do-kapieli","status":"publish","type":"product","link":"http:\/\/klubmamgdynia.pl\/index.php\/produkt\/my-little-pony-pastylki-barwiace-do-kapieli\/","title":{"rendered":"My Little Pony pastylki barwi\u0105ce do k\u0105pieli"},"content":{"rendered":"<p>My Little Pony barwi\u0105ce pastylki do k\u0105pieli \u015awietny produkt z wizerunkiem popularnych kucyk\u00f3w My Little Pony, idealny dla ma\u0142ych fan\u00f3w! Nasycone kolory barwinek pozytywnie zaskocz\u0105 niejednego malucha! Dzi\u0119ki kapsu\u0142kom czas k\u0105pieli dla Twojego dziecka b\u0119dzie niesamowit\u0105 zabaw\u0105 Wybierz jedn\u0105 lub po\u0142\u0105cz wi\u0119cej tabletek i stw\u00f3rz nowe, owocowe po\u0142\u0105czenie Wega\u0144skie pastylki farbuj\u0105 wod\u0119 na okre\u015blony kolor &#8211; \u017c\u00f3\u0142ty, czerwony lub niebieski Ka\u017cda z pastylek poza kolorem zapewnia tak\u017ce pi\u0119kny, owocowy zapach (truskawka, je\u017cyna i limonka) Tabletki do k\u0105pieli dla dzieci wykonane s\u0105 z naturalnych i przyjaznych dla sk\u00f3ry sk\u0142adnik\u00f3w. Dodatkowo zawieraj\u0105 w swoim sk\u0142adzie olejki z awokado oraz z pestek winogron, kt\u00f3re nawil\u017caj\u0105 sk\u00f3r\u0119 podczas k\u0105pieli, dbaj\u0105c o jej mi\u0119kko\u015b\u0107 i delikatno\u015b\u0107 W opakowaniu znajduje si\u0119 9 kolorowych pastylek produkt licencyjny Hasbro Wymiary produktu: 13 x 19 x 6 cm Waga produktu: 0,160 kg Zawarto\u015b\u0107 opakowania: 9 pastylek x 16 g Przeznaczone dla dzieci od 3 roku \u017cycia. Spos\u00f3b u\u017cycia: wyjmij pastylk\u0119 barwi\u0105c\u0105 z folii ochronnej i wrzu\u0107 j\u0105 do wanny z ciep\u0142\u0105 wod\u0105. Pastylka delikatnie musuj\u0105c uwolni barw\u0119. Zastosuj nie mniej ni\u017c 50 litr\u00f3w wody na jedn\u0105 k\u0105piel. W celu uzyskania innego koloru mo\u017cna zastosowa\u0107 dwie pastylki barwi\u0105ce jednocze\u015bnie.<\/p>\n<h2>My Little Pony pastylki barwi\u0105ce do k\u0105pieli My Little Pony<\/h2>\n<p>\u017carty na prima aprilis dla dzieci, prezenty dla nastolatkow, kolorowanka super zings, \u0142\u00f3d\u017a atrakcje dla dzieci, tymoteusz znaczenie imienia, kundel bury tekst, milena, co kupi\u0107 na roczek, gdy strumyk p\u0142ynie z wolna, szlaczki dla dzieci do druku, maska batmana do druku, bajka dla niemowlaka, jak dobra\u0107 narty dla dziecka, literki do pisania, najpi\u0119kniejsze piosenki \u015bwi\u0105teczne dla dzieci, konkurs dla dzieci, test z lektury felix net i nika oraz gang niewidzialnych ludzi, prezent dla rocznego dziecka<\/p>\n<p>yyyyy<\/p>\n<p>&nbsp;<\/p>\n","protected":false},"excerpt":{"rendered":"<p>My Little Pony barwi\u0105ce pastylki do k\u0105pieli \u015awietny produkt z wizerunkiem popularnych kucyk\u00f3w My Little Pony, idealny dla ma\u0142ych fan\u00f3w! Nasycone kolory barwinek pozytywnie zaskocz\u0105 niejednego malucha! Dzi\u0119ki kapsu\u0142kom czas k\u0105pieli dla Twojego dziecka b\u0119dzie niesamowit\u0105 zabaw\u0105 Wybierz jedn\u0105 lub po\u0142\u0105cz wi\u0119cej tabletek i stw\u00f3rz nowe, owocowe po\u0142\u0105czenie Wega\u0144skie pastylki farbuj\u0105 wod\u0119 na okre\u015blony kolor [&hellip;]<\/p>\n","protected":false},"featured_media":6358,"comment_status":"closed","ping_status":"open","template":"","meta":[],"product_cat":[1463,901],"product_tag":[817,702,790,774,849,712],"class_list":["post-6357","product","type-product","status-publish","has-post-thumbnail","hentry","product_cat-my-little-pony","product_cat-pozostale-akcesoria-do-pielegnacji-dzieci","product_tag-bajka-terapeutyczna-o-emocjach","product_tag-co-kupic-na-roczek-dla-dziewczynki","product_tag-gry-planszowe-dla-nastolatkow","product_tag-prezent-na-roczek-nie-zabawka","product_tag-zagadki-matematyczne-dla-dzieci","product_tag-zagadki-o-zwierzetach"],"_links":{"self":[{"href":"http:\/\/klubmamgdynia.pl\/index.php\/wp-json\/wp\/v2\/product\/6357","targetHints":{"allow":["GET"]}}],"collection":[{"href":"http:\/\/klubmamgdynia.pl\/index.php\/wp-json\/wp\/v2\/product"}],"about":[{"href":"http:\/\/klubmamgdynia.pl\/index.php\/wp-json\/wp\/v2\/types\/product"}],"replies":[{"embeddable":true,"href":"http:\/\/klubmamgdynia.pl\/index.php\/wp-json\/wp\/v2\/comments?post=6357"}],"wp:featuredmedia":[{"embeddable":true,"href":"http:\/\/klubmamgdynia.pl\/index.php\/wp-json\/wp\/v2\/media\/6358"}],"wp:attachment":[{"href":"http:\/\/klubmamgdynia.pl\/index.php\/wp-json\/wp\/v2\/media?parent=6357"}],"wp:term":[{"taxonomy":"product_cat","embeddable":true,"href":"http:\/\/klubmamgdynia.pl\/index.php\/wp-json\/wp\/v2\/product_cat?post=6357"},{"taxonomy":"product_tag","embeddable":true,"href":"http:\/\/klubmamgdynia.pl\/index.php\/wp-json\/wp\/v2\/product_tag?post=6357"}],"curies":[{"name":"wp","href":"https:\/\/api.w.org\/{rel}","templated":true}]}}