{"id":6359,"date":"2016-06-10T01:11:27","date_gmt":"2016-06-09T23:11:27","guid":{"rendered":"http:\/\/klubmamgdynia.pl\/index.php\/produkt\/kiddymoon-partners-boisko-bo-100x-z-pileczkami-6cm-zabawka-kojec-szary-perla-szary-transparent-pudrowy-roz\/"},"modified":"2026-04-28T12:33:52","modified_gmt":"2026-04-28T10:33:52","slug":"kiddymoon-partners-boisko-bo-100x-z-pileczkami-6cm-zabawka-kojec-szary-perla-szary-transparent-pudrowy-roz","status":"publish","type":"product","link":"http:\/\/klubmamgdynia.pl\/index.php\/produkt\/kiddymoon-partners-boisko-bo-100x-z-pileczkami-6cm-zabawka-kojec-szary-perla-szary-transparent-pudrowy-roz\/","title":{"rendered":"Kiddymoon Partners Boisko Bo-100X Z Pi\u0142eczkami 6Cm Zabawka Kojec Szary Per\u0142a-Szary-Transparent-Pudrowy R\u00f3\u017c"},"content":{"rendered":"<p>Sk\u0142adany kojec z plastikowymi pi\u0142kami w kszta\u0142cie mini-boiska zapewni Twojemu dziecku godziny zabawy. Wewn\u0105trz jest wystarczajaco du\u017co przestrzeni, aby w zabawie mog\u0142o uczestniczy\u0107 swobodnie kilkoro dzieci. Jednocze\u015bnie kojec mo\u017cna w \u0142atwy spos\u00f3b z\u0142o\u017cy\u0107, dzi\u0119ki czemu mo\u017cna go schowa\u0107, lub zabra\u0107 ze sob\u0105 na wczasy, piknik, czy do znajomych. Jedna ze \u015bcianek jest wyposa\u017cona w siatkowy kosz do koszyk\u00f3wki, a druga w bramk\u0119 do pi\u0142ki no\u017cnej. Dzi\u0119ki temu dzieci mog\u0105 zacz\u0105\u0107 karier\u0119 w grach zespo\u0142owych.W\u0141A\u015aCIWO\u015aCI:- stabilna konstrukcja z rurkami umo\u017cliwia \u0142atwo go z\u0142o\u017cy\u0107 i roz\u0142o\u017cy\u0107- kojec wyposa\u017cony w boczne wej\u015bcie z zamkiem b\u0142yskawicznym u\u0142atwiaj\u0105ce wej\u015bcie i wyj\u015bcie dla ma\u0142ych dzieci- boczne \u015bcianki wykonane z siatki umo\u017cliwiaj\u0105 obserwacj\u0119 dzieci podczas zabawy- ortalion o wysokiej gramaturze jest wytrzyma\u0142y i nie strz\u0119pi si\u0119- zamkni\u0119ta konstrukcja utrzymuje pi\u0142eczki wewn\u0105trz pomagaj\u0105c zachowa\u0107 porz\u0105dek- delikatne kolory materia\u0142u i mn\u00f3stwo kombinacji pi\u0142ek pozwalaj\u0105 dobra\u0107 odpowiedni wariant dla Twojego malucha lub dostosowa\u0107 kojec do ka\u017cdego wn\u0119trza- wyprodukowany z bezpiecznych, nietoksycznych materia\u0142\u00f3w- g\u0142adka powierzchnia, \u0142atwa do utrzymania w czysto\u015bci&gt;SK\u0141AD: ortalion &#8211; 100% poliesterWYMIARY: 180x122x62 cmW zestawie znajduje si\u0119 100-900 kolorowych pi\u0142ek o \u015brednicy 6 cm. Pi\u0142eczki wyprodukowane s\u0105 w Europie z nietoksycznego materia\u0142u. Posiadaj\u0105 certyfikat CE. Przyjemne i lekkie, a zarazem elastyczne i odporne na zniekszta\u0142cenia : po \u015bci\u015bni\u0119ciu odzyskuj\u0105 sw\u00f3j pierwotny kszta\u0142t nie robi\u0105c dziecku krzywdy.SK\u0141AD: 100% polietylenZabawa powinna odbywa\u0107 si\u0119 pod nadzorem osoby doros\u0142ej.<\/p>\n<h2>Kiddymoon Partners Boisko Bo-100X Z Pi\u0142eczkami 6Cm Zabawka Kojec Szary Per\u0142a-Szary-Transparent-Pudrowy R\u00f3\u017c Selonis<\/h2>\n<p>kolorowe listki tekst, malowanki dla dzieci, zabawki na roczek dla ch\u0142opca, kolorowanki kotka, kolorowanki dla ch\u0142opc\u00f3w do druku, zadania logiczne, babciu droga babciu tekst<\/p>\n<p>yyyyy<\/p>\n<p>&nbsp;<\/p>\n","protected":false},"excerpt":{"rendered":"<p>Sk\u0142adany kojec z plastikowymi pi\u0142kami w kszta\u0142cie mini-boiska zapewni Twojemu dziecku godziny zabawy. Wewn\u0105trz jest wystarczajaco du\u017co przestrzeni, aby w zabawie mog\u0142o uczestniczy\u0107 swobodnie kilkoro dzieci. Jednocze\u015bnie kojec mo\u017cna w \u0142atwy spos\u00f3b z\u0142o\u017cy\u0107, dzi\u0119ki czemu mo\u017cna go schowa\u0107, lub zabra\u0107 ze sob\u0105 na wczasy, piknik, czy do znajomych. Jedna ze \u015bcianek jest wyposa\u017cona w siatkowy [&hellip;]<\/p>\n","protected":false},"featured_media":6360,"comment_status":"closed","ping_status":"open","template":"","meta":[],"product_cat":[1256,1263],"product_tag":[784,813,684,661,767],"class_list":["post-6359","product","type-product","status-publish","has-post-thumbnail","hentry","product_cat-kojce","product_cat-selonis","product_tag-hymn-gorniczy","product_tag-krotkie-zagadki-matematyczne-z-odpowiedziami","product_tag-prezent-dla-dziewczynki-na-roczek","product_tag-swinka-peppa-kolorowanka","product_tag-zaproszenia-urodzinowe-do-druku"],"_links":{"self":[{"href":"http:\/\/klubmamgdynia.pl\/index.php\/wp-json\/wp\/v2\/product\/6359","targetHints":{"allow":["GET"]}}],"collection":[{"href":"http:\/\/klubmamgdynia.pl\/index.php\/wp-json\/wp\/v2\/product"}],"about":[{"href":"http:\/\/klubmamgdynia.pl\/index.php\/wp-json\/wp\/v2\/types\/product"}],"replies":[{"embeddable":true,"href":"http:\/\/klubmamgdynia.pl\/index.php\/wp-json\/wp\/v2\/comments?post=6359"}],"wp:featuredmedia":[{"embeddable":true,"href":"http:\/\/klubmamgdynia.pl\/index.php\/wp-json\/wp\/v2\/media\/6360"}],"wp:attachment":[{"href":"http:\/\/klubmamgdynia.pl\/index.php\/wp-json\/wp\/v2\/media?parent=6359"}],"wp:term":[{"taxonomy":"product_cat","embeddable":true,"href":"http:\/\/klubmamgdynia.pl\/index.php\/wp-json\/wp\/v2\/product_cat?post=6359"},{"taxonomy":"product_tag","embeddable":true,"href":"http:\/\/klubmamgdynia.pl\/index.php\/wp-json\/wp\/v2\/product_tag?post=6359"}],"curies":[{"name":"wp","href":"https:\/\/api.w.org\/{rel}","templated":true}]}}