{"id":6363,"date":"2018-07-06T21:24:08","date_gmt":"2018-07-06T19:24:08","guid":{"rendered":"http:\/\/klubmamgdynia.pl\/index.php\/produkt\/kindsgard-kaufl-aden-kob-mala-mieta-zabawka\/"},"modified":"2026-04-30T12:40:12","modified_gmt":"2026-04-30T10:40:12","slug":"kindsgard-kaufl-aden-kob-mala-mieta-zabawka","status":"publish","type":"product","link":"http:\/\/klubmamgdynia.pl\/index.php\/produkt\/kindsgard-kaufl-aden-kob-mala-mieta-zabawka\/","title":{"rendered":"Kindsgard Kaufl Aden Kob Ma\u0142a Mi\u0119ta &#8211; Zabawka"},"content":{"rendered":"<p>Szczeg\u00f3\u0142y produktu: Nauka przez zabaw\u0119: M\u0142odzi handlowcy ucz\u0105 si\u0119 komunikowa\u0107 ze sob\u0105 podczas odgrywania r\u00f3l i w zabawny spos\u00f3b radzi\u0107 sobie z produktami, ilo\u015bciami i liczbami. Ponadczasowa Design : Pi\u0119kna biel Design z modn\u0105 tyln\u0105 desk\u0105 w kolorze mi\u0119ty Zach\u0119ca do kreatywno\u015bci: boczna tablica oferuje wiele mo\u017cliwo\u015bci kreatywnego wykorzystania dla pierwszych pr\u00f3b pisania lub rysunk\u00f3w Du\u017co miejsca do przechowywania: Kaufl aden jest wyposa\u017cony w wiele p\u00f3\u0142ek, 2 bia\u0142e drzwi przesuwne, przedni\u0105 p\u00f3\u0142k\u0119 i pojedyncz\u0105 aden pl boczn\u0105 lad\u0119. Akcesoria w zestawie: do\u0142\u0105czone akcesoria sk\u0142adaj\u0105ce si\u0119 z 2 drewnianych koszyczk\u00f3w z 4 miniaturowymi produktami spo\u017cywczymi, ka\u017cdy wykonany z wysokiej jako\u015bci polaru koralowego, pozwalaj\u0105 na wspania\u0142\u0105 zabaw\u0119. Certyfikat zgodny z norm\u0105 EN 71-1:2014: zapewnia bezpiecze\u0144stwo zabawek, a wszystkie u\u017cyte materia\u0142y s\u0105 r\u00f3wnie\u017c testowane na obecno\u015b\u0107 substancji szkodliwych i Rekomendacja wieku: Odpowiedni od 3 lat kindsgard%20buyladen%20kob%20gr\u00fcn.pdf class =download-pdf target=_blank&gt;instrukcja monta\u017cu Wymiary i waga: 112 x 97,5 x 71 cm (wysoko\u015b\u0107 x szeroko\u015b\u0107 x g\u0142\u0119boko\u015b\u0107). Waga: 10,6 kg Materia\u0142 i piel\u0119gnacja: Materia\u0142: MDF lakierowany i sklejka Wszystkie stosowane materia\u0142y s\u0105 testowane i certyfikowane pod k\u0105tem zawarto\u015bci substancji szkodliwych, a tak\u017ce regularnie sprawdzane podczas produkcji. Wskaz\u00f3wki piel\u0119gnacyjne: przetrze\u0107 bawe\u0142nian\u0105 szmatk\u0105 i letni\u0105 wod\u0105 Zakres dostawy: 1x Kaufl aden Akcesoria: 2 drewniane koszyczki z 4 miniaturowymi produktami spo\u017cywczymi ka\u017cdy. Ostrze\u017cenie i wskaz\u00f3wki dotycz\u0105ce bezpiecze\u0144stwa: Nie nadaje si\u0119 dla dzieci poni\u017cej 3 lat. Zagro\u017cenie ud\u0142awieniem ze wzgl\u0119du na ma\u0142e cz\u0119\u015bci, kt\u00f3re mog\u0105 zosta\u0107 po\u0142kni\u0119te. \u0141atwy monta\u017c: Kuchnia jest dostarczana w stanie rozmontowanym.<\/p>\n<h2>Kindsgard Kaufl Aden Kob Ma\u0142a Mi\u0119ta &#8211; Zabawka <\/h2>\n<p>ferie warszawa 2022, cytat o rodzinie, harry potter kolorowanka, zagadki o wiosnie, postacie z bajek, zabawy dla 10 latka, jesienne piosenki dla dzieci<\/p>\n<p>yyyyy<\/p>\n<p>&nbsp;<\/p>\n","protected":false},"excerpt":{"rendered":"<p>Szczeg\u00f3\u0142y produktu: Nauka przez zabaw\u0119: M\u0142odzi handlowcy ucz\u0105 si\u0119 komunikowa\u0107 ze sob\u0105 podczas odgrywania r\u00f3l i w zabawny spos\u00f3b radzi\u0107 sobie z produktami, ilo\u015bciami i liczbami. Ponadczasowa Design : Pi\u0119kna biel Design z modn\u0105 tyln\u0105 desk\u0105 w kolorze mi\u0119ty Zach\u0119ca do kreatywno\u015bci: boczna tablica oferuje wiele mo\u017cliwo\u015bci kreatywnego wykorzystania dla pierwszych pr\u00f3b pisania lub rysunk\u00f3w [&hellip;]<\/p>\n","protected":false},"featured_media":6364,"comment_status":"closed","ping_status":"open","template":"","meta":[],"product_cat":[53],"product_tag":[655,841,641],"class_list":["post-6363","product","type-product","status-publish","has-post-thumbnail","hentry","product_cat-kaciki-zabaw","product_tag-najlepsze-zagadki","product_tag-quiz-o-flagach","product_tag-trudne-zagadki-logiczne"],"_links":{"self":[{"href":"http:\/\/klubmamgdynia.pl\/index.php\/wp-json\/wp\/v2\/product\/6363","targetHints":{"allow":["GET"]}}],"collection":[{"href":"http:\/\/klubmamgdynia.pl\/index.php\/wp-json\/wp\/v2\/product"}],"about":[{"href":"http:\/\/klubmamgdynia.pl\/index.php\/wp-json\/wp\/v2\/types\/product"}],"replies":[{"embeddable":true,"href":"http:\/\/klubmamgdynia.pl\/index.php\/wp-json\/wp\/v2\/comments?post=6363"}],"wp:featuredmedia":[{"embeddable":true,"href":"http:\/\/klubmamgdynia.pl\/index.php\/wp-json\/wp\/v2\/media\/6364"}],"wp:attachment":[{"href":"http:\/\/klubmamgdynia.pl\/index.php\/wp-json\/wp\/v2\/media?parent=6363"}],"wp:term":[{"taxonomy":"product_cat","embeddable":true,"href":"http:\/\/klubmamgdynia.pl\/index.php\/wp-json\/wp\/v2\/product_cat?post=6363"},{"taxonomy":"product_tag","embeddable":true,"href":"http:\/\/klubmamgdynia.pl\/index.php\/wp-json\/wp\/v2\/product_tag?post=6363"}],"curies":[{"name":"wp","href":"https:\/\/api.w.org\/{rel}","templated":true}]}}