{"id":6365,"date":"2024-07-14T21:18:37","date_gmt":"2024-07-14T19:18:37","guid":{"rendered":"http:\/\/klubmamgdynia.pl\/?post_type=product&#038;p=6365"},"modified":"2026-04-06T02:22:29","modified_gmt":"2026-04-06T00:22:29","slug":"lean-toys-auto-sportowe-r-c-118-lamborghini-sesto-elemento-czerwone-2-4-g-swiatla","status":"publish","type":"product","link":"http:\/\/klubmamgdynia.pl\/index.php\/produkt\/lean-toys-auto-sportowe-r-c-118-lamborghini-sesto-elemento-czerwone-2-4-g-swiatla\/","title":{"rendered":"Lean Toys Auto Sportowe R\/C 1:18 Lamborghini Sesto Elemento Czerwone 2.4 G \u015awiat\u0142a"},"content":{"rendered":"<p>Auto Sportowe R\/C 1:18 Lamborghini Sesto Elemento Czerwone 2.4 G \u015awiat\u0142aJazda w\u0142asnym autem jest marzeniem wielu os\u00f3b, a co dopiero sportowym, ka\u017cdy ch\u0142opiec o tym marzy. Przestawiamy sportowe, zdalnie sterowane auto Lamborghini Sesto Elemento. Jego op\u0142ywowy kszta\u0142t i sportowe detale oraz naklejki zachwyc\u0105 ka\u017cdego mi\u0142o\u015bnika motoryzacji. Od dzi\u015b mo\u017cesz urz\u0105dzi\u0107 wy\u015bcigi w swoim domu! Pojazd zosta\u0142 wykonany w skali 1:18 z ka\u017cdym najmniejszym szczeg\u00f3\u0142em, dzi\u0119ki czemu wygl\u0105da niesamowicie realnie. Zabawa pomo\u017ce rozwin\u0105\u0107 w dziecku zdolno\u015bci manualne, zwinno\u015bci i sprytu, a dodatkowo polepszy funkcje r\u0119ki, co na pewno przyda si\u0119 w szkole do lekcji pisania. Du\u017co zalet i \u015bwietna zabawa ! Pilot do\u0142\u0105czony do zestawu odbiera na cz\u0119stotliwo\u015bci 2,4G, co redukuje wszelkie zak\u0142\u00f3cenia podczas zabawy. Wyposa\u017cony jest w dwa joisticki, odpowiadaj\u0105ce za sterowanie prz\u00f3d \u2014 ty\u0142 oraz prawo \u2014 lewo. Kolor czerwony wyr\u00f3\u017cnia pojazd na tle innych, dodatkowo \u015bwiec\u0105ce reflektory prz\u00f3d- ty\u0142 dodaj\u0105 realizmu, dzi\u0119ki czemu poczujesz, jakby\u015b prowadzi\u0142 prawdziwe sportowe auto. Umili czas nie tylko dzieciom, b\u0119dzie cieszy\u0107 oko wszystkich, w ka\u017cdym wieku.Elementy zestawu:- pilot 2,4 GHz &#8211; auto Lamborghini Sesto Elemento- bateria 4,8 V 700 mAh &#8211; 2 x bateria 1,5 V AA- \u0142adowarka USB Wymiary pojazdu:24 cm x 11 cm x 7 cm Wymiary pilota:15 cm x 12 cm x 4 cm Wymiary pude\u0142ka:38 cm x 16 cm x 16 cm Auto zasilane jest bateri\u0105 4,8 V 700 mAh, kt\u00f3re jest do\u0142\u0105czona do zestawu. Do pilota nale\u017cy u\u017cy\u0107 2 baterii &#8222;AA&#8221; 1,5 V ( w zestawie). Zabawka przeznaczona jest dla dzieci powy\u017cej 3 roku \u017cycia. Zestaw posiada certyfikat CE i jest zgodny z norm\u0105 EN 71. Zapakowany jest w kartonik z przezroczyst\u0105 witrynk\u0105, dzi\u0119ki czemu nadaje si\u0119 idealnie na prezent.D\u0142ugo\u015b\u0107 towaru w centymetrach: 38EAN: 5904204756662Kod Producenta: 9730Ostrze\u017cenie!: Nieodpowiednie dla dzieci w wieku poni\u017cej 3 latP\u0142e\u0107: unisexSzeroko\u015b\u0107 towaru w centymetrach: 16Waga gabarytowa w gramach: 1621.33Wiek: 3+Wysoko\u015b\u0107 towaru w centymetrach: 16<\/p>\n<h2>Lean Toys Auto Sportowe R\/C 1:18 Lamborghini Sesto Elemento Czerwone 2.4 G \u015awiat\u0142a Lean Toys<\/h2>\n<p>oryginalny prezent dla nastolatk\u00f3w, kolorowanki dla dziewczynek, zagadki dla rodziny, postacie z bajek, rodzina cytaty, zagadki logiczne \u015bmieszne, cyferki do druku, rozrywka dla dzieci, wroc\u0142aw i okolice atrakcje, justyna imi\u0119, quiz o bajkach, psi patrol do czytania, kolorowanki psi patrol, stare piosenki<\/p>\n<p>yyyyy<\/p>\n<p>&nbsp;<\/p>\n","protected":false},"excerpt":{"rendered":"<p>Auto Sportowe R\/C 1:18 Lamborghini Sesto Elemento Czerwone 2.4 G \u015awiat\u0142aJazda w\u0142asnym autem jest marzeniem wielu os\u00f3b, a co dopiero sportowym, ka\u017cdy ch\u0142opiec o tym marzy. Przestawiamy sportowe, zdalnie sterowane auto Lamborghini Sesto Elemento. Jego op\u0142ywowy kszta\u0142t i sportowe detale oraz naklejki zachwyc\u0105 ka\u017cdego mi\u0142o\u015bnika motoryzacji. Od dzi\u015b mo\u017cesz urz\u0105dzi\u0107 wy\u015bcigi w swoim domu! Pojazd [&hellip;]<\/p>\n","protected":false},"featured_media":6366,"comment_status":"closed","ping_status":"open","template":"","meta":[],"product_cat":[73,337],"product_tag":[667,582,858,800],"class_list":["post-6365","product","type-product","status-publish","has-post-thumbnail","hentry","product_cat-lean-toys","product_cat-zabawki-zdalnie-sterowane","product_tag-kolorowanka-lol","product_tag-nauka-pisania-literek-do-wydruku-pdf","product_tag-podchwytliwe-zagadki","product_tag-zagadki-smieszne"],"_links":{"self":[{"href":"http:\/\/klubmamgdynia.pl\/index.php\/wp-json\/wp\/v2\/product\/6365","targetHints":{"allow":["GET"]}}],"collection":[{"href":"http:\/\/klubmamgdynia.pl\/index.php\/wp-json\/wp\/v2\/product"}],"about":[{"href":"http:\/\/klubmamgdynia.pl\/index.php\/wp-json\/wp\/v2\/types\/product"}],"replies":[{"embeddable":true,"href":"http:\/\/klubmamgdynia.pl\/index.php\/wp-json\/wp\/v2\/comments?post=6365"}],"wp:featuredmedia":[{"embeddable":true,"href":"http:\/\/klubmamgdynia.pl\/index.php\/wp-json\/wp\/v2\/media\/6366"}],"wp:attachment":[{"href":"http:\/\/klubmamgdynia.pl\/index.php\/wp-json\/wp\/v2\/media?parent=6365"}],"wp:term":[{"taxonomy":"product_cat","embeddable":true,"href":"http:\/\/klubmamgdynia.pl\/index.php\/wp-json\/wp\/v2\/product_cat?post=6365"},{"taxonomy":"product_tag","embeddable":true,"href":"http:\/\/klubmamgdynia.pl\/index.php\/wp-json\/wp\/v2\/product_tag?post=6365"}],"curies":[{"name":"wp","href":"https:\/\/api.w.org\/{rel}","templated":true}]}}