{"id":6367,"date":"2016-12-22T12:41:34","date_gmt":"2016-12-22T11:41:34","guid":{"rendered":"http:\/\/klubmamgdynia.pl\/index.php\/produkt\/klein-stacja-obslugi-bosch-z-myjnia-i-samochodem\/"},"modified":"2026-05-17T22:39:05","modified_gmt":"2026-05-17T20:39:05","slug":"klein-stacja-obslugi-bosch-z-myjnia-i-samochodem","status":"publish","type":"product","link":"http:\/\/klubmamgdynia.pl\/index.php\/produkt\/klein-stacja-obslugi-bosch-z-myjnia-i-samochodem\/","title":{"rendered":"Klein Stacja obs\u0142ugi Bosch z myjni\u0105 i samochodem"},"content":{"rendered":"<p>Stacja obs\u0142ugi Bosch z myjni\u0105 samochodem do skr\u0119cania.Stworzona przez firm\u0119 Klein oferta warsztat\u00f3w, narz\u0119dzi, zestaw\u00f3w i akcesori\u00f3w do kreatywnego majsterkowania na licencji Bosch, jest najwi\u0119ksz\u0105 na \u015bwiatowym rynku zabawek.Wszystkie urz\u0105dzenia s\u0105 praktycznie kopiami prawdziwych narz\u0119dzi dost\u0119pnych dla doros\u0142ych. S\u0105 one oczywi\u015bcie dostosowane dla dzieci wielko\u015bci\u0105, ci\u0119\u017carem, a przede wszystkim s\u0105 super bezpieczne. Marka Bosch kojarzy si\u0119 wszystkim z wysok\u0105 jako\u015bci\u0105 i d\u0142ug\u0105 \u017cywotno\u015bci\u0105 produkt\u00f3w nie inaczej jest w przypadku tych zabawek.Narz\u0119dzia dzia\u0142aj\u0105ce na bateri\u0119 posiadaj\u0105 takie funkcje, aby podczas zabawy zachowywa\u0142y si\u0119 niemal identycznie jak prawdziwe. W rezultacie wywo\u0142uje to ogromny entuzjazm u dzieci, jak i u Tatusi\u00f3w, kt\u00f3rzy cz\u0119sto ch\u0119tnie do\u0142\u0105czaj\u0105 do zabawy.Wszystkie produkty z serii (wkr\u0119tarki, nakr\u0119tki, \u015bruby, elementy konstrukcyjne itp.) s\u0105 kompatybilne.Wspania\u0142a stacja obs\u0142ugi pojazd\u00f3w na licencji BOSCH z do\u0142\u0105czon\u0105 myjni\u0105 samochodow\u0105 jest zestawem do samodzielnego monta\u017cu. W komplecie znajduje si\u0119 bia\u0142y samoch\u00f3d sportowy, kt\u00f3ry ma\u0142y mechanik mo\u017ce rozkr\u0119ci\u0107 na cz\u0119\u015bci za pomoc\u0105 do\u0142\u0105czonego \u015brubokr\u0119tu. W zestawie znajduje si\u0119 tak\u017ce zapasowy komplet k\u00f3\u0142. Ca\u0142y budynek jest rozk\u0142adany i mo\u017cna tak\u017ce do jego monta\u017cu u\u017cywa\u0107 \u015brubokr\u0119tu. Ruchome g\u0105bki\/szczotki myjni imituj\u0105 prawdziwe mycie. W cz\u0119\u015bci serwisowej znajduje si\u0119 ruchoma platforma oraz kokpit z komputerem. Wszystkie elementy auta oraz \u015brubki s\u0105 na tyle du\u017ce, \u017ce z przykr\u0119caniem poszczeg\u00f3lnych element\u00f3w poradzi sobie ju\u017c nawet 3-latek. Ka\u017cdemu ma\u0142emu wielbicielowi motoryzacji z pewno\u015bci\u0105 przyda si\u0119 taka zabawka.<\/p>\n<h2>Klein Stacja obs\u0142ugi Bosch z myjni\u0105 i samochodem Klein<\/h2>\n<p>test z lektury opowie\u015bci z narnii lew czarownica i stara szafa, cytat na dzie\u0144 mamy, kolorowanka prezent, paula znaczenie imienia, imie kuba, gdzie strumyk p\u0142ynie z wolna, wzruszaj\u0105c\u0105 piosenka dla taty, kolorowanka lol surprise, bajki do czytania dla ch\u0142opc\u00f3w<\/p>\n<p>yyyyy<\/p>\n<p>&nbsp;<\/p>\n","protected":false},"excerpt":{"rendered":"<p>Stacja obs\u0142ugi Bosch z myjni\u0105 samochodem do skr\u0119cania.Stworzona przez firm\u0119 Klein oferta warsztat\u00f3w, narz\u0119dzi, zestaw\u00f3w i akcesori\u00f3w do kreatywnego majsterkowania na licencji Bosch, jest najwi\u0119ksz\u0105 na \u015bwiatowym rynku zabawek.Wszystkie urz\u0105dzenia s\u0105 praktycznie kopiami prawdziwych narz\u0119dzi dost\u0119pnych dla doros\u0142ych. S\u0105 one oczywi\u015bcie dostosowane dla dzieci wielko\u015bci\u0105, ci\u0119\u017carem, a przede wszystkim s\u0105 super bezpieczne. Marka Bosch kojarzy [&hellip;]<\/p>\n","protected":false},"featured_media":6368,"comment_status":"closed","ping_status":"open","template":"","meta":[],"product_cat":[52,141],"product_tag":[844,584,866,579,803,760,694],"class_list":["post-6367","product","type-product","status-publish","has-post-thumbnail","hentry","product_cat-klein","product_cat-parkingi-garaze-i-tory-wyscigowe","product_tag-co-kupic-na-roczek","product_tag-liwia","product_tag-opis-do-zdjecia-dziecka-na-fb","product_tag-quiz-opowiesci-z-narnii-lew-czarownica-i-stara-szafa","product_tag-szlaczki-do-druku","product_tag-zagadka-matematyczna","product_tag-zagadki-swiateczne-dla-dzieci"],"_links":{"self":[{"href":"http:\/\/klubmamgdynia.pl\/index.php\/wp-json\/wp\/v2\/product\/6367","targetHints":{"allow":["GET"]}}],"collection":[{"href":"http:\/\/klubmamgdynia.pl\/index.php\/wp-json\/wp\/v2\/product"}],"about":[{"href":"http:\/\/klubmamgdynia.pl\/index.php\/wp-json\/wp\/v2\/types\/product"}],"replies":[{"embeddable":true,"href":"http:\/\/klubmamgdynia.pl\/index.php\/wp-json\/wp\/v2\/comments?post=6367"}],"wp:featuredmedia":[{"embeddable":true,"href":"http:\/\/klubmamgdynia.pl\/index.php\/wp-json\/wp\/v2\/media\/6368"}],"wp:attachment":[{"href":"http:\/\/klubmamgdynia.pl\/index.php\/wp-json\/wp\/v2\/media?parent=6367"}],"wp:term":[{"taxonomy":"product_cat","embeddable":true,"href":"http:\/\/klubmamgdynia.pl\/index.php\/wp-json\/wp\/v2\/product_cat?post=6367"},{"taxonomy":"product_tag","embeddable":true,"href":"http:\/\/klubmamgdynia.pl\/index.php\/wp-json\/wp\/v2\/product_tag?post=6367"}],"curies":[{"name":"wp","href":"https:\/\/api.w.org\/{rel}","templated":true}]}}