{"id":6369,"date":"2012-10-09T05:32:52","date_gmt":"2012-10-09T03:32:52","guid":{"rendered":"http:\/\/klubmamgdynia.pl\/index.php\/produkt\/novama-comfort-x-af-cisnieniomierz-naramienny\/"},"modified":"2026-04-19T04:19:25","modified_gmt":"2026-04-19T02:19:25","slug":"novama-comfort-x-af-cisnieniomierz-naramienny","status":"publish","type":"product","link":"http:\/\/klubmamgdynia.pl\/index.php\/produkt\/novama-comfort-x-af-cisnieniomierz-naramienny\/","title":{"rendered":"NOVAMA COMFORT X AF CI\u015aNIENIOMIERZ NARAMIENNY"},"content":{"rendered":"<p>NOVAMA COMFORT X AFAutomatyczny ci\u015bnieniomierz naramienny z funkcj\u0105 wykrywania migotania przedsionk\u00f3wAF- Atrial fibrillation &#8211; Migotanie przedsionk\u00f3w to najcz\u0119strze zaburzenie rytmu serca, kt\u00f3re polega na nieskoordynowanym pobudzeniu przedsionk\u00f3w serca, kt\u00f3remu mo\u017ce towarzyszy\u0107 szybka akcja kom\u00f3r. Migotanie przedsionk\u00f3w rozpoznaje si\u0119 na podstawie badania EKG Zwykle jest bezobjawowe, dlatego tak trudno je zdiagnozowa\u0107. Teraz dzi\u0119ki nowej zaawansowanej funkcji w ci\u015bnieniomierzu Novama Comfort X AF to niebezpieczne zaburzenie mo\u017cesz mie\u0107 pod sta\u0142a kontrol\u0105 bez wychodzenia z domu i wizyt w gabinecie lekarskim.\u00a0                            <\/p>\n<p>Kliniczna walidacja zatwierdzaj\u0105ca do u\u017cycia w czasie ci\u0105\u017cy!Technika stosowana w automatycznych oscylometrycznych monitorach ci\u015bnienia krwi mo\u017ce by\u0107 niedok\u0142adna w przypadku tzw. specjalnych grup pacjent\u00f3w. Przyk\u0142adem takiej grupy s\u0105 kobiety w ci\u0105\u017cy, u kt\u00f3rych ci\u015bnieniomierz, kt\u00f3ry zosta\u0142 zatwierdzony u innych pacjent\u00f3w mo\u017ce nie dawa\u0107 dok\u0142adnych odczyt\u00f3w. Organy odpowiedzialne za standardy medyczne wymagaj\u0105, aby ci\u015bnieniomierz by\u0142 zalecany dla kobiet w ci\u0105\u017cy tylko wtedy, gdy zosta\u0142 przebadany i zatwierdzony dla tej konkretnej grupy pacjent\u00f3w. Zaawansowany ci\u015bnieniomierz Novama Comfort to umo\u017cliwa maksymaln\u0105 precyzj\u0119 pomiaru dzi\u0119ki klinicznej dokladno\u015b\u0107 zatwierdznej przez Europejskie Towarzystwo Nadci\u015bnienia T\u0119tniczego, a tak\u017ce walidacj\u0119 zatwierdzajac\u0105 do u\u017cycia w czasie ci\u0105\u017cy.\u00a0                            <\/p>\n<p>Szybki i delikanty pomiar &#8211; technologia pomiaru podczas pompowaniaPomiar podczas pompowania wykonywany jest w czasie, gdy urz\u0105dzenie nape\u0142nia mankiet. U\u017cytkownik odczuwa zdecydowanie mniejszy ucisk. Pomiar t\u0105 metod\u0105 jest bardziej delikatny i zauwa\u017calnie szybszy. Ci\u015bnieniomierze z t\u0105 funkcj\u0105 to najlepszy wyb\u00f3r dla pacjent\u00f3w zniecierpliwionych, oczekuj\u0105cych maksymalnej szybko\u015bci i skuteczno\u015bci.Novama Comfort X b\u0119dzie odpowiedni dla wszystkich os\u00f3b wymagaj\u0105cych monitorowania ci\u015bnienia krwi i t\u0119tna\u00a0codziennie. Innowacyjny mankiet sprawi \u017ce ka\u017cdy pomiar b\u0119dzie precyzyjny.\u00a0                            <\/p>\n<p>Innowacyjny mankiet klamrowy Easy Cuff XEasy Cuff X jest \u0142atwy do zak\u0142adania, a szeroki zakres obwodow ramienia 22- 42 cm umo\u017cliwi dokladny pomiar w wi\u0119kszo\u015bci przypadk\u00f3w.                            <\/p>\n<p>Ci\u015bnieniomierz niezawodnyDo\u017cywotnia gwarancja \u201cOd drzwi do drzwi\u201dCiesz si\u0119 nieograniczonym spokojem dzi\u0119ki do\u017cywotniej gwarancji potwierdzaj\u0105cej wyj\u0105tkowa jako\u015b\u0107 produktu Novama Comfort X.\u00a0                            <\/p>\n<p>Klinicznie potwierdzona dok\u0142adno\u015b\u0107\u00a0Certyfikat Europejskiego Stowarzyszenia Nadci\u015bnieniaNovama Comfort + oferuje dok\u0142adno\u015b\u0107 i bezpiecze\u0144stwo pomiaru dzi\u0119ki parametrom certyfikowanym klinicznie przez niezale\u017cna orgnizacje ESH (Europejskie Stowarzyszenie Nadci\u015bnienia) oraz restrykcyjny proces zarz\u0105dzania jako\u015bci\u0105 ISO 9001 oraz ISO 134855. Kliniczna walidacja ci\u015bnieniomierza gwarantuje dok\u0142adno\u015b\u0107 w ca\u0142ym zakresie pomiaru. Novama Comfort + jest jednym z nielicznych urz\u0105dze\u0144 z potwierdzon\u0105 wiarygodno\u015bci\u0105 wynik\u00f3w.                            <\/p>\n<p>Granatowe pod\u015bwietlenie t\u0142aEkran LCD z podwy\u017cszonym kontrastem, granatowym pod\u015bwietleniem t\u0142a i wyra\u017anymi, pod\u015bwietlanymi cyframi u\u0142atwia odczyt pomiaru. Granatowe t\u0142o to innowacyjny pomys\u0142 na zapewnienie najlepszej widoczno\u015bci napis\u00f3w na ekranie. Negatyw czyli odwr\u00f3cenie kolor\u00f3w jasnych cyfr na ciemnym ekranie to dodatkowy element zwi\u0119kszaj\u0105cy czytelno\u015b\u0107 ekranu nawet przy s\u0142abym wzroku.                            <\/p>\n<p>Ci\u015bnieniomierz uniwersalnyPami\u0119\u0107 90 pomiar\u00f3w dla 2 u\u017cytkownik\u00f3w. Dzienniczek kontroli ci\u015bnienia i etui w zestawie. Mankiet uniwersalny 22-42 cm.Mankiet uniwersalny o szerokim zakresie obwod\u00f3w ramienia 22-42 cm umo\u017cliwia dok\u0142adny pomiar u wi\u0119kszo\u015bci os\u00f3b. Pami\u0119\u0107 dla 2 u\u017cytkownik\u00f3w pomaga w dbaniu o zdrowie ca\u0142ej rodziny.                            <\/p>\n<p>Wynik to \u015bredniaU\u015brednianie wynik\u00f3w 3 pomiar\u00f3w eliminuje przej\u015bciowe zmiany ci\u015bnienia.U\u015brednianie 3 pomiar\u00f3w daje pewno\u015b\u0107 \u017ce pojedynczy wynik nie by\u0142 zaburzony chwilowym wahaniem cisnienia krwi, ani czynnikami zewn\u0119trznymi.                            <\/p>\n<p>Wska\u017anik arytmii.\u00a0Ostrzega o nieregularnej pracy serca i pulsu.Zaburzenia rytmu serca to dolegliwo\u015b\u0107, kt\u00f3r\u0105 cechuje przyspieszenie, zwolnienie i nieregularno\u015b\u0107 w jego funkcjonowaniu. U niekt\u00f3rych pacjent\u00f3w zaburzenia to przebiega zupe\u0142nie bezobjawowo, natomiast u innych bywa stanem zagra\u017caj\u0105cym \u017cyciu.                            <\/p>\n<p>Ocena wyniku od razuInterpretacja wyniku wed\u0142ug danych WHO (\u015awiatowej Organizacji Zdrowia)Czytelna skala umieszczona na cisnieniomierzu umo\u017cliwia szybka ocen\u0119 pomiaru wykonanego przed chwil\u0105.                            <\/p>\n<p>Aparat mierzy ci\u015bnienie w oparciu o metod\u0119 oscylometryczn\u0105. Oznacza to, \u017ce urz\u0105dzenie wykrywa ruch krwi w t\u0119tnicach, a nast\u0119pnie analizuje go i podaje wynik w formie elektronicznej. Wykorzystanie metody oscylometrycznej eliminuje potrzeb\u0119 korzystania ze stetoskopu, co znacznie u\u0142atwia badanie. Cz\u0119ste mierzenie ci\u015bnienia dostarcza u\u017cytkownikowi, jak r\u00f3wnie\u017c lekarzowi cennych i dok\u0142adnych informacji na temat zmian ci\u015bnienia krwi. Osoby z ci\u0119\u017ckim nadci\u015bnieniem, ci\u0119\u017ck\u0105 mia\u017cd\u017cyc\u0105 i ci\u0119\u017ck\u0105 cukrzyc\u0105 powinny poradzi\u0107 si\u0119 lekarza w sprawie mo\u017cliwo\u015bci mierzenia ci\u015bnienia na r\u0119ce (w tym na nadgarstku). W celu uzyskania szczeg\u00f3\u0142owych informacji na temat swojego ci\u015bnienia krwi nale\u017cy skonsultowa\u0107 si\u0119 z lekarzem. Samodzielne stawianie diagnozy lub leczenie na podstawie wynik\u00f3w uzyskanych za pomoc\u0105 ci\u015bnieniomierza mo\u017ce by\u0107 niebezpieczne. Nale\u017cy stosowa\u0107 si\u0119 do zalece\u0144 lekarza. Mierz\u0105c regularnie ci\u015bnienie, masz mo\u017cliwo\u015b\u0107 informowania swojego lekarza o zmianach ci\u015bnienia krwi.\u00a0Przed dokonaniem pomiaru nale\u017cy odpocz\u0105\u0107 przez co najmniej 15 minut. Na 10 minut przed pomiarem nie nale\u017cy pali\u0107 tytoniu, je\u015b\u0107, pi\u0107 kawy ani podejmowa\u0107 aktywno\u015bci fizycznej. Nie nale\u017cy mierzy\u0107 ci\u015bnienia b\u0119d\u0105c pod wp\u0142ywem stresu -nale\u017cy najpierw uspokoi\u0107 si\u0119. Nale\u017cy usi\u0105\u015b\u0107 w pozycji wyprostowanej w cichym pomieszczeniu, opieraj\u0105c plecy na krze\u015ble. R\u0119k\u0119 nale\u017cy umie\u015bci\u0107 na p\u0142askiej powierzchni (np. na stole). Podczas pomiaru nie nale\u017cy si\u0119 rusza\u0107, m\u00f3wi\u0107 ani krzy\u017cowa\u0107 n\u00f3g. Nale\u017cy zdj\u0105\u0107 kr\u0119puj\u0105ce cz\u0119\u015bci ubrania lub bi\u017cuterii. Wynik pomiaru nale\u017cy zapisa\u0107 w przeznaczonym do tego celu dzienniku lub zachowa\u0107 w pami\u0119ci urz\u0105dzenia. Zaleca si\u0119 zapisywanie wynik\u00f3w pomiar\u00f3w. Je\u015bli zaistnieje potrzeba powt\u00f3rzenia pomiaru, nale\u017cy odczeka\u0107 15 minut przed kolejnym pomiarem, aby stan naczy\u0144 krwiono\u015bnych ustabilizowa\u0142 si\u0119 &#8211; chocia\u017c odpowiedni czas pomi\u0119dzy pomiarami mo\u017ce zale\u017ce\u0107 od indywidualnych cech.<\/p>\n<h2>NOVAMA COMFORT X AF CI\u015aNIENIOMIERZ NARAMIENNY Novama<\/h2>\n<p>zagadki z odpowiedziami \u015bmieszne, zwierz\u0119ta z plasteliny, quiz narnia lew czarownica i stara szafa, quizy o minecraft, walentynka kolorowanka, anio\u0142ki w niebie pisz\u0105, janusz, zyczenia walentynkowe dla dzieci, zagadki logiczne dla dzieci, rzadkie imiona \u017ce\u0144skie, \u0142amig\u0142\u00f3wki logiczne, dzie\u0144 matki w\u0142asnor\u0119czny prezent dla mamy od dziecka<\/p>\n<p>yyyyy<\/p>\n<p>&nbsp;<\/p>\n","protected":false},"excerpt":{"rendered":"<p>NOVAMA COMFORT X AFAutomatyczny ci\u015bnieniomierz naramienny z funkcj\u0105 wykrywania migotania przedsionk\u00f3wAF- Atrial fibrillation &#8211; Migotanie przedsionk\u00f3w to najcz\u0119strze zaburzenie rytmu serca, kt\u00f3re polega na nieskoordynowanym pobudzeniu przedsionk\u00f3w serca, kt\u00f3remu mo\u017ce towarzyszy\u0107 szybka akcja kom\u00f3r. Migotanie przedsionk\u00f3w rozpoznaje si\u0119 na podstawie badania EKG Zwykle jest bezobjawowe, dlatego tak trudno je zdiagnozowa\u0107. Teraz dzi\u0119ki nowej zaawansowanej funkcji [&hellip;]<\/p>\n","protected":false},"featured_media":6370,"comment_status":"closed","ping_status":"open","template":"","meta":[],"product_cat":[1464,1443],"product_tag":[836,612,688,747,592,713],"class_list":["post-6369","product","type-product","status-publish","has-post-thumbnail","hentry","product_cat-cisnieniomierze-i-akcesoria","product_cat-novama","product_tag-co-kupic-dziecku-na-roczek","product_tag-kolorowanki-do-druku","product_tag-kolysanki-tekst","product_tag-malowanki-do-druku","product_tag-zagadki-dla-dzieci","product_tag-zagadki-logiczne-z-odpowiedziami"],"_links":{"self":[{"href":"http:\/\/klubmamgdynia.pl\/index.php\/wp-json\/wp\/v2\/product\/6369","targetHints":{"allow":["GET"]}}],"collection":[{"href":"http:\/\/klubmamgdynia.pl\/index.php\/wp-json\/wp\/v2\/product"}],"about":[{"href":"http:\/\/klubmamgdynia.pl\/index.php\/wp-json\/wp\/v2\/types\/product"}],"replies":[{"embeddable":true,"href":"http:\/\/klubmamgdynia.pl\/index.php\/wp-json\/wp\/v2\/comments?post=6369"}],"wp:featuredmedia":[{"embeddable":true,"href":"http:\/\/klubmamgdynia.pl\/index.php\/wp-json\/wp\/v2\/media\/6370"}],"wp:attachment":[{"href":"http:\/\/klubmamgdynia.pl\/index.php\/wp-json\/wp\/v2\/media?parent=6369"}],"wp:term":[{"taxonomy":"product_cat","embeddable":true,"href":"http:\/\/klubmamgdynia.pl\/index.php\/wp-json\/wp\/v2\/product_cat?post=6369"},{"taxonomy":"product_tag","embeddable":true,"href":"http:\/\/klubmamgdynia.pl\/index.php\/wp-json\/wp\/v2\/product_tag?post=6369"}],"curies":[{"name":"wp","href":"https:\/\/api.w.org\/{rel}","templated":true}]}}