{"id":6371,"date":"2019-11-18T17:30:28","date_gmt":"2019-11-18T16:30:28","guid":{"rendered":"http:\/\/klubmamgdynia.pl\/index.php\/produkt\/fotelik-samochodowy-maxi-cosi-pearl-pro-2-i-size-authentic-black-0-18kg\/"},"modified":"2026-05-17T23:23:06","modified_gmt":"2026-05-17T21:23:06","slug":"fotelik-samochodowy-maxi-cosi-pearl-pro-2-i-size-authentic-black-0-18kg","status":"publish","type":"product","link":"http:\/\/klubmamgdynia.pl\/index.php\/produkt\/fotelik-samochodowy-maxi-cosi-pearl-pro-2-i-size-authentic-black-0-18kg\/","title":{"rendered":"Fotelik samochodowy Maxi Cosi Pearl Pro 2 i-Size Authentic Black 0-18Kg"},"content":{"rendered":"<p>Maxi Cosi Pearl Pro 2 i-Size 0-18Kg<\/p>\n<p>Pearl<br \/>\nPro2 to po\u0142\u0105czenie wygody podr\u00f3\u017cowania oraz najwy\u017cszych standard\u00f3w<br \/>\nbezpiecze\u0144stwa. Przeznaczony do u\u017cytku dla dzieci od 6 miesi\u0105ca do 4 roku<br \/>\n\u017cycia, fotelik samochodowy Pearl Pro2 od Maxi-Cosi oferuje zintegrowan\u0105<br \/>\npoduszk\u0119 oraz unikaln\u0105 kombinacj\u0119 g\u0119stej pianki i mi\u0119kkiego wype\u0142nienia, kt\u00f3re<br \/>\notul\u0105 Twojego maluszka.\u00a0Monta\u017cFotelik<br \/>\nsamochodowy Pearl Pro2 i-Size od Maxi-Cosi jest niezwykle prosty w monta\u017cu!Za pomoc\u0105<br \/>\nmocowa\u0144 ISOFIX zainstaluj w samochodzie baz\u0119 FamilyFix3. Nast\u0119pnie wepnij<br \/>\nfotelik samochodowy Pearl Pro2 i-Size do bazy, wystarczy jedno klikni\u0119cie i<br \/>\ngotowe. Baza poinformuje Ci\u0119 za ka\u017cdym razem, gdy Tw\u00f3j maluszek b\u0119dzie<br \/>\npoprawnie przypi\u0119ty i gotowy do drogi!\u00a0Bezpiecze\u0144stwoW<br \/>\nfotelikach Maxi-Cosi przewie\u017ali\u015bmy ze szpitala do domu ponad 50 milion\u00f3w<br \/>\nmaluch\u00f3w. Dla nas bezpiecze\u0144stwo Twojego dziecka jest najwy\u017cszym priorytetem.Pearl<br \/>\nPearl Pro2 i-Size jest zgodny z najnowszym europejskim standardem i-Size, co<br \/>\noznacza, \u017ce nasz fotelik oferuje zwi\u0119kszon\u0105 ochron\u0119 dla g\u0142owy, szyi oraz<br \/>\nkorpusu dziecka, umo\u017cliwiaj\u0105c jednocze\u015bnie podr\u00f3\u017cowanie ty\u0142em do kierunku jazdy<br \/>\ndo oko\u0142o 105 cm wzrostu (w przybli\u017ceniu 4 lata). Pozycja ta jest uwa\u017cana za<br \/>\nnajbezpieczniejsz\u0105 dla dziecka.Baza<br \/>\nFamilyFix3 zapewnia d\u017awi\u0119kowe oraz wizualne potwierdzenie poprawno\u015bci monta\u017cu<br \/>\nfotelika, dlatego ca\u0142y proces przebiega bezproblemowo i zapewnia Twojemu<br \/>\ndziecku odpowiedni poziom bezpiecze\u0144stwa.                            <\/p>\n<p>Wygoda<br \/>\npodr\u00f3\u017cowania dla Twojego maluszka a\u017c do 4 roku \u017cyciaFotelik<br \/>\nPearl Pro2 i-Size od Maxi-Cosi zosta\u0142 zaprojektowany tak, aby zapewni\u0142<br \/>\nodpowiedni komfort Twojemu dziecku przez d\u0142ugi czas. Zintegrowana poduszka mo\u017ce<br \/>\nby\u0107 u\u017cywana a\u017c do 2 roku \u017cycia.Poduszka<br \/>\nma dwie strony, aby zapewni\u0107 Twojemu maluszkowi odpowiedni\u0105 kontrol\u0119<br \/>\ntemperatury. Latem materia\u0142 przepuszcza powietrze, a zim\u0105 druga strona stanowi<br \/>\ndelikatn\u0105 i ciep\u0142\u0105 powierzchni\u0119 chroni\u0105c\u0105 dziecko przed ch\u0142odem.Gdy<br \/>\nnadejdzie czas, aby wyj\u0105\u0107 wk\u0142adk\u0119 dla niemowl\u0119cia, komfort podr\u00f3\u017cowania zostaje<br \/>\nzachowany dzi\u0119ki siedzisku z wype\u0142nieniem z g\u0119stej pianki.Fotelik<br \/>\nPearl Pro2 jest zgody z najnowszym europejskim standardem bezpiecze\u0144stwa<br \/>\ni-Size, co oznacza lepsz\u0105 ochron\u0119 oraz mo\u017cliwo\u015b\u0107 podr\u00f3\u017cowania ty\u0142em do kierunku<br \/>\njazdy a\u017c do 4 roku \u017cycia.<\/p>\n<p>\u00a0                            <\/p>\n<p>Dzi\u0119ki<br \/>\nzgodno\u015bci z ISOFIX monta\u017c fotelika wraz z baz\u0105 FamilyFix3 jest \u0142atwy i<br \/>\nbezpieczny \u2014 d\u017awi\u0119kowe oraz wizualne potwierdzenie, \u017ce fotelik jest poprawnie<br \/>\nwpi\u0119ty do bazy, minimalizuje ryzyko niepoprawnego monta\u017cu!Przed<br \/>\nTob\u0105 d\u0142uga podr\u00f3\u017c samochodem? Pearl Pro2 wspiera Ci\u0119 ju\u017c na stracie dzi\u0119ki<br \/>\nunikalnemu systemowi easy-in, kt\u00f3ry utrzymuje uprz\u0105\u017c w pozycji otwartej, dzi\u0119ki<br \/>\nczemu wk\u0142adanie i wyjmowanie dziecka z samochodu zajmuje zaledwie kilka sekund.Poza<br \/>\nbezpiecze\u0144stwem oraz \u0142atwo\u015bci\u0105 u\u017cytkowania, nasz fotelik oferuje r\u00f3wnie\u017c<br \/>\nwszechstronno\u015b\u0107! Pearl Pro2 i-Size zapewnia szeroki zakres regulacji pochylenia<br \/>\nsiedziska podczas podr\u00f3\u017cowania zar\u00f3wno ty\u0142em, jak r\u00f3wnie\u017c przodem do kierunku<br \/>\njazdy, aby zapewni\u0107 Twojemu maluszkowi najwy\u017cszy komfort w pozycji siedz\u0105cej<br \/>\nlub podczas drzemki.W<br \/>\npo\u0142\u0105czeniu z baz\u0105 FamilyFix3fotelik samochodow Pearl Pro2 i-Size mo\u017ce pos\u0142u\u017cy\u0107<br \/>\njako fotelik uzupe\u0142niaj\u0105cy zaraz po Pebble Pro i-Size.                            <\/p>\n<p>Zdejmowany<br \/>\npokrowiecW<br \/>\npodr\u00f3\u017cy jedzenie i picie nie zawsze trafia do buzi. Twoje male\u0144stwo mo\u017ce si\u0119<br \/>\nr\u00f3wnie\u017c \u017ale poczu\u0107. Wychodz\u0105c na przeciw Twoim oczekiwaniom pokrowiec fotelika<br \/>\nMaxi-Cosi nadaje si\u0119 do prania w pralce i jest \u0142atwy do \u015bci\u0105gni\u0119cia.\u00a0System<br \/>\npodr\u00f3\u017cnyFotelik<br \/>\nPearl Pro2 i-Size jest kompatybilny z baz\u0105 FamilyFix3, kt\u00f3ra pasuje r\u00f3wnie\u017c do<br \/>\nfotelik\u00f3w samochodowych Pebble Pro i-Size i Coral oraz do bezpiecznej gondoli<br \/>\nJade.\u00a0Te<br \/>\ndoskonale uzupe\u0142niaj\u0105ce si\u0119 elementy mog\u0105 zosta\u0107 zakupione osobno. Mo\u017cesz<br \/>\nu\u017cywa\u0107 bezpiecznej gondoli Jade, fotelik\u00f3w Coral lub Pebble Pro i-Size dla<br \/>\nnoworodka, a nast\u0119pnie przej\u015b\u0107 na fotelik Pearl Pro2 i-Size. Dzi\u0119ki temu<br \/>\nzapewnisz Twojemu dziecku bezpieczne podr\u00f3\u017cowanie ty\u0142em do kierunku jazdy od<br \/>\nnarodzin a\u017c do oko\u0142o 4 roku \u017cycia.<\/p>\n<h2>Fotelik samochodowy Maxi Cosi Pearl Pro 2 i-Size Authentic Black 0-18Kg Maxi-Cosi<\/h2>\n<p>koty do druku, rzadkie imiona \u017ce\u0144skie, zabawy dla 5 latka, logiczne zagadki dla dzieci, trudne zagadki logiczne z odpowiedziami<\/p>\n<p>yyyyy<\/p>\n<p>&nbsp;<\/p>\n","protected":false},"excerpt":{"rendered":"<p>Maxi Cosi Pearl Pro 2 i-Size 0-18Kg Pearl Pro2 to po\u0142\u0105czenie wygody podr\u00f3\u017cowania oraz najwy\u017cszych standard\u00f3w bezpiecze\u0144stwa. Przeznaczony do u\u017cytku dla dzieci od 6 miesi\u0105ca do 4 roku \u017cycia, fotelik samochodowy Pearl Pro2 od Maxi-Cosi oferuje zintegrowan\u0105 poduszk\u0119 oraz unikaln\u0105 kombinacj\u0119 g\u0119stej pianki i mi\u0119kkiego wype\u0142nienia, kt\u00f3re otul\u0105 Twojego maluszka.\u00a0Monta\u017cFotelik samochodowy Pearl Pro2 i-Size od [&hellip;]<\/p>\n","protected":false},"featured_media":6372,"comment_status":"closed","ping_status":"open","template":"","meta":[],"product_cat":[32,995],"product_tag":[755,637,798,601],"class_list":["post-6371","product","type-product","status-publish","has-post-thumbnail","hentry","product_cat-foteliki-samochodowe","product_cat-maxi-cosi","product_tag-henryk","product_tag-niech-zyja-wakacje-tekst","product_tag-prezenty-dla-nastolatki","product_tag-zagadki-co-to-jest"],"_links":{"self":[{"href":"http:\/\/klubmamgdynia.pl\/index.php\/wp-json\/wp\/v2\/product\/6371","targetHints":{"allow":["GET"]}}],"collection":[{"href":"http:\/\/klubmamgdynia.pl\/index.php\/wp-json\/wp\/v2\/product"}],"about":[{"href":"http:\/\/klubmamgdynia.pl\/index.php\/wp-json\/wp\/v2\/types\/product"}],"replies":[{"embeddable":true,"href":"http:\/\/klubmamgdynia.pl\/index.php\/wp-json\/wp\/v2\/comments?post=6371"}],"wp:featuredmedia":[{"embeddable":true,"href":"http:\/\/klubmamgdynia.pl\/index.php\/wp-json\/wp\/v2\/media\/6372"}],"wp:attachment":[{"href":"http:\/\/klubmamgdynia.pl\/index.php\/wp-json\/wp\/v2\/media?parent=6371"}],"wp:term":[{"taxonomy":"product_cat","embeddable":true,"href":"http:\/\/klubmamgdynia.pl\/index.php\/wp-json\/wp\/v2\/product_cat?post=6371"},{"taxonomy":"product_tag","embeddable":true,"href":"http:\/\/klubmamgdynia.pl\/index.php\/wp-json\/wp\/v2\/product_tag?post=6371"}],"curies":[{"name":"wp","href":"https:\/\/api.w.org\/{rel}","templated":true}]}}