{"id":6373,"date":"2021-07-05T10:31:56","date_gmt":"2021-07-05T08:31:56","guid":{"rendered":"http:\/\/klubmamgdynia.pl\/index.php\/produkt\/tm-toys-charm-u-zestaw-z-niespodzianka-4-zawieszki-plecaczek-30010\/"},"modified":"2026-05-17T22:50:42","modified_gmt":"2026-05-17T20:50:42","slug":"tm-toys-charm-u-zestaw-z-niespodzianka-4-zawieszki-plecaczek-30010","status":"publish","type":"product","link":"http:\/\/klubmamgdynia.pl\/index.php\/produkt\/tm-toys-charm-u-zestaw-z-niespodzianka-4-zawieszki-plecaczek-30010\/","title":{"rendered":"Tm Toys Charm U Zestaw Z Niespodziank\u0105 4 Zawieszki + Plecaczek 30010"},"content":{"rendered":"<p>Oczaruj wszystkich swoj\u0105 wyj\u0105tkow\u0105 kolekcj\u0105 bi\u017cuterii z serii Charm U!Do zebrania ponad 60 uroczych zawieszek, kt\u00f3re z \u0142atwo\u015bci\u0105 zaczepisz na swojej bransoletce Charm U. Stw\u00f3rz w\u0142asn\u0105 kolekcj\u0119 i wymieniaj si\u0119 zawieszkami z przyjaci\u00f3\u0142kami!Ka\u017cdy wielbiciel Charm U powinien mie\u0107 ten zestaw w swojej kolekcji! Zestaw zawiera plecaczek (breloczek), 4 zawieszki, w tym jedna niespodzianka! W zestawie r\u00f3wnie\u017c naklejki.Zestaw nie zawiera bransoletki.Wymiary opakowania: 15 x 20,5 x 3 cm<\/p>\n<h2>Tm Toys Charm U Zestaw Z Niespodziank\u0105 4 Zawieszki + Plecaczek 30010 TM Toys<\/h2>\n<p>kolorowanki wakacyjne, fajne zagadki, prezent dla 14 letniej dziewczyny, zabawki na roczek dla ch\u0142opca, maski dla dzieci do druku, dla dzieci warszawa, test z lektury opowie\u015bci z narnii lew czarownica i stara szafa, test z lektury spos\u00f3b na alcybiadesa, prezenty na roczek, quiz zemsta, zagadki logiczne i odpowiedzi, sentencje o dzieciach, dzie\u0144 misia 2021, po\u0142\u0105cz kropki do druku<\/p>\n<p>yyyyy<\/p>\n<p>&nbsp;<\/p>\n","protected":false},"excerpt":{"rendered":"<p>Oczaruj wszystkich swoj\u0105 wyj\u0105tkow\u0105 kolekcj\u0105 bi\u017cuterii z serii Charm U!Do zebrania ponad 60 uroczych zawieszek, kt\u00f3re z \u0142atwo\u015bci\u0105 zaczepisz na swojej bransoletce Charm U. Stw\u00f3rz w\u0142asn\u0105 kolekcj\u0119 i wymieniaj si\u0119 zawieszkami z przyjaci\u00f3\u0142kami!Ka\u017cdy wielbiciel Charm U powinien mie\u0107 ten zestaw w swojej kolekcji! Zestaw zawiera plecaczek (breloczek), 4 zawieszki, w tym jedna niespodzianka! W zestawie [&hellip;]<\/p>\n","protected":false},"featured_media":6374,"comment_status":"closed","ping_status":"open","template":"","meta":[],"product_cat":[145,21],"product_tag":[766,703,762],"class_list":["post-6373","product","type-product","status-publish","has-post-thumbnail","hentry","product_cat-tm-toys","product_cat-zabawki-plastyczne","product_tag-kira","product_tag-prezent-dla-nastolatki","product_tag-trudne-zagadki-dla-dzieci"],"_links":{"self":[{"href":"http:\/\/klubmamgdynia.pl\/index.php\/wp-json\/wp\/v2\/product\/6373","targetHints":{"allow":["GET"]}}],"collection":[{"href":"http:\/\/klubmamgdynia.pl\/index.php\/wp-json\/wp\/v2\/product"}],"about":[{"href":"http:\/\/klubmamgdynia.pl\/index.php\/wp-json\/wp\/v2\/types\/product"}],"replies":[{"embeddable":true,"href":"http:\/\/klubmamgdynia.pl\/index.php\/wp-json\/wp\/v2\/comments?post=6373"}],"wp:featuredmedia":[{"embeddable":true,"href":"http:\/\/klubmamgdynia.pl\/index.php\/wp-json\/wp\/v2\/media\/6374"}],"wp:attachment":[{"href":"http:\/\/klubmamgdynia.pl\/index.php\/wp-json\/wp\/v2\/media?parent=6373"}],"wp:term":[{"taxonomy":"product_cat","embeddable":true,"href":"http:\/\/klubmamgdynia.pl\/index.php\/wp-json\/wp\/v2\/product_cat?post=6373"},{"taxonomy":"product_tag","embeddable":true,"href":"http:\/\/klubmamgdynia.pl\/index.php\/wp-json\/wp\/v2\/product_tag?post=6373"}],"curies":[{"name":"wp","href":"https:\/\/api.w.org\/{rel}","templated":true}]}}