{"id":6375,"date":"2020-12-19T11:19:52","date_gmt":"2020-12-19T10:19:52","guid":{"rendered":"http:\/\/klubmamgdynia.pl\/index.php\/produkt\/tm-toys-ferrari-soft-auto-pullback\/"},"modified":"2026-04-30T20:33:31","modified_gmt":"2026-04-30T18:33:31","slug":"tm-toys-ferrari-soft-auto-pullback","status":"publish","type":"product","link":"http:\/\/klubmamgdynia.pl\/index.php\/produkt\/tm-toys-ferrari-soft-auto-pullback\/","title":{"rendered":"TM Toys Ferrari Soft Auto pullback"},"content":{"rendered":"<p>Mi\u0119kkie, kolorowe autko z funkcj\u0105 pullback.  Zabawka dla dzieci od 18 miesi\u0105ca \u017cycia.<\/p>\n<h2>TM Toys Ferrari Soft Auto pullback TM Toys<\/h2>\n<p>kolorowanki super zings, ptak b\u0105k, zagadki logiczne dla doros\u0142ych, straszne filmy dla dzieci, nauka zegara do druku pdf, gad\u017cety dla nastolatek, cytaty z ma\u0142ego ksi\u0119cia, aniela znaczenie imienia, zagadki dla dzieci 10-12 lat trudne, zagadki i odpowiedzi, milan znaczenie imienia, bajka o miko\u0142aju do czytania, quiz o stolicach europy, zagadka matematyczna dla dzieci, ko\u0142ysanki dla dzieci + tekst<\/p>\n<p>yyyyy<\/p>\n<p>&nbsp;<\/p>\n","protected":false},"excerpt":{"rendered":"<p>Mi\u0119kkie, kolorowe autko z funkcj\u0105 pullback. Zabawka dla dzieci od 18 miesi\u0105ca \u017cycia. TM Toys Ferrari Soft Auto pullback TM Toys kolorowanki super zings, ptak b\u0105k, zagadki logiczne dla doros\u0142ych, straszne filmy dla dzieci, nauka zegara do druku pdf, gad\u017cety dla nastolatek, cytaty z ma\u0142ego ksi\u0119cia, aniela znaczenie imienia, zagadki dla dzieci 10-12 lat trudne, [&hellip;]<\/p>\n","protected":false},"featured_media":6376,"comment_status":"closed","ping_status":"open","template":"","meta":[],"product_cat":[83,145],"product_tag":[817,752,814,726,698],"class_list":["post-6375","product","type-product","status-publish","has-post-thumbnail","hentry","product_cat-auta-i-inne-pojazdy-do-zabawy","product_cat-tm-toys","product_tag-bajka-terapeutyczna-o-emocjach","product_tag-kuba-imie","product_tag-prezenty-dla-nastolatek","product_tag-quiz-zemsta","product_tag-zagadki-dla-przedszkolakow"],"_links":{"self":[{"href":"http:\/\/klubmamgdynia.pl\/index.php\/wp-json\/wp\/v2\/product\/6375","targetHints":{"allow":["GET"]}}],"collection":[{"href":"http:\/\/klubmamgdynia.pl\/index.php\/wp-json\/wp\/v2\/product"}],"about":[{"href":"http:\/\/klubmamgdynia.pl\/index.php\/wp-json\/wp\/v2\/types\/product"}],"replies":[{"embeddable":true,"href":"http:\/\/klubmamgdynia.pl\/index.php\/wp-json\/wp\/v2\/comments?post=6375"}],"wp:featuredmedia":[{"embeddable":true,"href":"http:\/\/klubmamgdynia.pl\/index.php\/wp-json\/wp\/v2\/media\/6376"}],"wp:attachment":[{"href":"http:\/\/klubmamgdynia.pl\/index.php\/wp-json\/wp\/v2\/media?parent=6375"}],"wp:term":[{"taxonomy":"product_cat","embeddable":true,"href":"http:\/\/klubmamgdynia.pl\/index.php\/wp-json\/wp\/v2\/product_cat?post=6375"},{"taxonomy":"product_tag","embeddable":true,"href":"http:\/\/klubmamgdynia.pl\/index.php\/wp-json\/wp\/v2\/product_tag?post=6375"}],"curies":[{"name":"wp","href":"https:\/\/api.w.org\/{rel}","templated":true}]}}