{"id":6378,"date":"2022-10-03T12:12:50","date_gmt":"2022-10-03T10:12:50","guid":{"rendered":"http:\/\/klubmamgdynia.pl\/index.php\/produkt\/pro-kids-robot-deformation-metal\/"},"modified":"2026-04-03T19:41:07","modified_gmt":"2026-04-03T17:41:07","slug":"pro-kids-robot-deformation-metal","status":"publish","type":"product","link":"http:\/\/klubmamgdynia.pl\/index.php\/produkt\/pro-kids-robot-deformation-metal\/","title":{"rendered":"Pro Kids Robot Deformation Metal"},"content":{"rendered":"<p>Metalowe auto zmieniaj\u0105ce si\u0119 robota. Teraz zabawa nabiera nowego wymiaru. Zbierz wszystkie modele do kolekcji. Wiele serii r\u00f3\u017cnych pojazd\u00f3w i ro\u017cnych wersjach kolorystycznych. Roboty Deformation s\u0105 bardzo wysokiej jako\u015bci, dzi\u0119ki czemu transformacja auta w robota przebiega p\u0142ynnie i szybko.Zestaw robot\u00f3w na bistrze wykonanych z metalu. Wysoka jako\u015b\u0107 i bardzo szeroki asortyment dost\u0119pnych modeli. Dost\u0119pnych jest a\u017c 6 serii i wci\u0105\u017c nadchodz\u0105 nowe roboty Deformation. Mix wzor\u00f3w, towar wysy\u0142any losowo.EAN: 5902666691118Grupa wiekowa: 6+Opakowanie: pude\u0142koProducent: Pro KidsWymiary: 17,5x13x5<\/p>\n<h2>Pro Kids Robot Deformation Metal Pro Kids<\/h2>\n<p>\u015bmieszne zagadki dla dzieci, nauczyciel cytaty, dobre zagadki logiczne, zabawy logiczne dla dzieci, quiz dla dzieci, zabawy ruchowe dla dzieci, gry dla nastolatk\u00f3w, zdania do pisania dla dzieci do wydruku, pranki na prima aprilis dla rodzic\u00f3w, nela imi\u0119, sentencje napisy cytaty o rodzinie, prezent roczek dziewczynka, emanuel, cytaty z ma\u0142ego ksi\u0119cia o przyja\u017ani, laurka dla babci, ma\u0142y ksi\u0105\u017ce cytaty, zagadki dla starszych dzieci<\/p>\n<p>yyyyy<\/p>\n<p>&nbsp;<\/p>\n","protected":false},"excerpt":{"rendered":"<p>Metalowe auto zmieniaj\u0105ce si\u0119 robota. Teraz zabawa nabiera nowego wymiaru. Zbierz wszystkie modele do kolekcji. Wiele serii r\u00f3\u017cnych pojazd\u00f3w i ro\u017cnych wersjach kolorystycznych. Roboty Deformation s\u0105 bardzo wysokiej jako\u015bci, dzi\u0119ki czemu transformacja auta w robota przebiega p\u0142ynnie i szybko.Zestaw robot\u00f3w na bistrze wykonanych z metalu. Wysoka jako\u015b\u0107 i bardzo szeroki asortyment dost\u0119pnych modeli. Dost\u0119pnych jest [&hellip;]<\/p>\n","protected":false},"featured_media":6379,"comment_status":"closed","ping_status":"open","template":"","meta":[],"product_cat":[1229,337],"product_tag":[817,670,842,646],"class_list":["post-6378","product","type-product","status-publish","has-post-thumbnail","hentry","product_cat-pro-kids","product_cat-zabawki-zdalnie-sterowane","product_tag-bajka-terapeutyczna-o-emocjach","product_tag-irma","product_tag-plac-zabaw-poznan","product_tag-prezent-na-pierwsze-urodziny"],"_links":{"self":[{"href":"http:\/\/klubmamgdynia.pl\/index.php\/wp-json\/wp\/v2\/product\/6378","targetHints":{"allow":["GET"]}}],"collection":[{"href":"http:\/\/klubmamgdynia.pl\/index.php\/wp-json\/wp\/v2\/product"}],"about":[{"href":"http:\/\/klubmamgdynia.pl\/index.php\/wp-json\/wp\/v2\/types\/product"}],"replies":[{"embeddable":true,"href":"http:\/\/klubmamgdynia.pl\/index.php\/wp-json\/wp\/v2\/comments?post=6378"}],"wp:featuredmedia":[{"embeddable":true,"href":"http:\/\/klubmamgdynia.pl\/index.php\/wp-json\/wp\/v2\/media\/6379"}],"wp:attachment":[{"href":"http:\/\/klubmamgdynia.pl\/index.php\/wp-json\/wp\/v2\/media?parent=6378"}],"wp:term":[{"taxonomy":"product_cat","embeddable":true,"href":"http:\/\/klubmamgdynia.pl\/index.php\/wp-json\/wp\/v2\/product_cat?post=6378"},{"taxonomy":"product_tag","embeddable":true,"href":"http:\/\/klubmamgdynia.pl\/index.php\/wp-json\/wp\/v2\/product_tag?post=6378"}],"curies":[{"name":"wp","href":"https:\/\/api.w.org\/{rel}","templated":true}]}}