{"id":6380,"date":"2022-07-02T02:07:40","date_gmt":"2022-07-02T00:07:40","guid":{"rendered":"http:\/\/klubmamgdynia.pl\/index.php\/produkt\/apteo-care-aspirator-do-nosa-dla-dzieci-1-sztuka\/"},"modified":"2026-04-07T19:30:41","modified_gmt":"2026-04-07T17:30:41","slug":"apteo-care-aspirator-do-nosa-dla-dzieci-1-sztuka","status":"publish","type":"product","link":"http:\/\/klubmamgdynia.pl\/index.php\/produkt\/apteo-care-aspirator-do-nosa-dla-dzieci-1-sztuka\/","title":{"rendered":"Apteo Care, Aspirator do nosa dla dzieci, 1 sztuka"},"content":{"rendered":"<p>Aspirator do nosa pozwala szybko i delikatnie usuwa\u0107 wydzielin\u0119 z noska dziecka za pomoc\u0105 zasysania powietrza. Pomaga przywr\u00f3ci\u0107 swobodne oddychanie podczas snu lub karmienia. Przy regularnym oczyszczaniu noska ogranicza oraz zapobiega infekcjom g\u00f3rnych i dolnych dr\u00f3g oddechowych. Przeznaczony dla dzieci poni\u017cej 3. roku \u017cycia. Jet bezpieczny i \u0142atwy do czyszczenia.Zastosowanie: dla dzieci poni\u017cej 3. roku \u017cycia do bezpiecznego usuwania wydzieliny i \u015bluzu z nosa w przezi\u0119bieniach, zapaleniu zatok i schorzeniach, kt\u00f3rym towarzyszy powstawanie wydzieliny.Spos\u00f3b u\u017cycia: u\u0142o\u017cy\u0107 dziecko w bezpiecznej pozycji le\u017c\u0105cej twarz\u0105 do g\u00f3ry. Ko\u0144c\u00f3wk\u0119 aspiratora nale\u017cy delikatnie w\u0142o\u017cy\u0107 do otworu nosowego dziecka i umie\u015bci\u0107 ustnik w ustach osoby wykonuj\u0105cej czynno\u015b\u0107. Wci\u0105gn\u0105\u0107 delikatnie powietrze przez ustnik. Powoli i stopniowo zwi\u0119ksza\u0107 si\u0142\u0119 ss\u0105c\u0105, dop\u00f3ki wydzielina nosowa nie zacznie gromadzi\u0107 si\u0119 w zbiorniku. W razie konieczno\u015bci czynno\u015b\u0107 powt\u00f3rzy\u0107. Powt\u00f3rzy\u0107 czynno\u015b\u0107 w drugim otworze nosowym. Je\u017celi wydzielina jest zbyt sucha lub zbyt g\u0119sta, wkropi\u0107 do nosa niewielk\u0105 ilo\u015b\u0107 soli fizjologicznej. Po ka\u017cdym u\u017cyciu nale\u017cy rozebra\u0107 aspirator na cz\u0119\u015bci i dok\u0142adnie umy\u0107.Elementy zestawu:- aspirator,- 4 wymienne, higieniczne filtry absorbuj\u0105ce.Wa\u017cne wskaz\u00f3wki:Nie u\u017cywa\u0107, je\u015bli wst\u0119puj\u0105 jakie\u015b rany, objawy zapalenia lub krwawienie w nosie.Nie wk\u0142ada\u0107 ko\u0144c\u00f3wki aspiratora zbyt daleko.Nie stosowa\u0107 do jamy ustnej lub w uchu dziecka.Nie sterylizowa\u0107 wrz\u0105c\u0105 wod\u0105, par\u0105 wodna lub w kuchence mikrofalowej.Nie pod\u0142\u0105cza\u0107 do jakichkolwiek urz\u0105dze\u0144 ss\u0105cych.Producent:Synoptis Pharmaul. Krakowiak\u00f3w 65,02-255 Warszawa.<\/p>\n<h2>Apteo Care, Aspirator do nosa dla dzieci, 1 sztuka Synoptis Pharma<\/h2>\n<p>prezent dla 16 latka, gry z pi\u0142k\u0105, bajka o piesku do czytania, stare wiersze dla dzieci, maski na twarz dla dzieci do wydruku, prezent dla nastoletniego ch\u0142opca, wzruszaj\u0105ce s\u0142owa dla przyjaci\u00f3\u0142ki, kolorowanki, r\u00f3\u017ca imie, prima aprilis pomys\u0142y, m\u0105dre bajki dla dzieci do czytania, rysowanie po \u015bladzie pdf<\/p>\n<p>yyyyy<\/p>\n<p>&nbsp;<\/p>\n","protected":false},"excerpt":{"rendered":"<p>Aspirator do nosa pozwala szybko i delikatnie usuwa\u0107 wydzielin\u0119 z noska dziecka za pomoc\u0105 zasysania powietrza. Pomaga przywr\u00f3ci\u0107 swobodne oddychanie podczas snu lub karmienia. Przy regularnym oczyszczaniu noska ogranicza oraz zapobiega infekcjom g\u00f3rnych i dolnych dr\u00f3g oddechowych. Przeznaczony dla dzieci poni\u017cej 3. roku \u017cycia. Jet bezpieczny i \u0142atwy do czyszczenia.Zastosowanie: dla dzieci poni\u017cej 3. roku [&hellip;]<\/p>\n","protected":false},"featured_media":6381,"comment_status":"closed","ping_status":"open","template":"","meta":[],"product_cat":[953,1465],"product_tag":[658,754,866],"class_list":["post-6380","product","type-product","status-publish","has-post-thumbnail","hentry","product_cat-aspiratory-i-gruszki-do-nosa","product_cat-synoptis-pharma","product_tag-alan-znaczenie-imienia","product_tag-dyplomy-do-wydrukowania-a4","product_tag-opis-do-zdjecia-dziecka-na-fb"],"_links":{"self":[{"href":"http:\/\/klubmamgdynia.pl\/index.php\/wp-json\/wp\/v2\/product\/6380","targetHints":{"allow":["GET"]}}],"collection":[{"href":"http:\/\/klubmamgdynia.pl\/index.php\/wp-json\/wp\/v2\/product"}],"about":[{"href":"http:\/\/klubmamgdynia.pl\/index.php\/wp-json\/wp\/v2\/types\/product"}],"replies":[{"embeddable":true,"href":"http:\/\/klubmamgdynia.pl\/index.php\/wp-json\/wp\/v2\/comments?post=6380"}],"wp:featuredmedia":[{"embeddable":true,"href":"http:\/\/klubmamgdynia.pl\/index.php\/wp-json\/wp\/v2\/media\/6381"}],"wp:attachment":[{"href":"http:\/\/klubmamgdynia.pl\/index.php\/wp-json\/wp\/v2\/media?parent=6380"}],"wp:term":[{"taxonomy":"product_cat","embeddable":true,"href":"http:\/\/klubmamgdynia.pl\/index.php\/wp-json\/wp\/v2\/product_cat?post=6380"},{"taxonomy":"product_tag","embeddable":true,"href":"http:\/\/klubmamgdynia.pl\/index.php\/wp-json\/wp\/v2\/product_tag?post=6380"}],"curies":[{"name":"wp","href":"https:\/\/api.w.org\/{rel}","templated":true}]}}