{"id":6382,"date":"2013-09-12T12:55:50","date_gmt":"2013-09-12T10:55:50","guid":{"rendered":"http:\/\/klubmamgdynia.pl\/index.php\/produkt\/nuk-miekka-szczotka-niebieska-256371\/"},"modified":"2026-05-17T22:39:19","modified_gmt":"2026-05-17T20:39:19","slug":"nuk-miekka-szczotka-niebieska-256371","status":"publish","type":"product","link":"http:\/\/klubmamgdynia.pl\/index.php\/produkt\/nuk-miekka-szczotka-niebieska-256371\/","title":{"rendered":"Nuk Mi\u0119kka Szczotka Niebieska 256371"},"content":{"rendered":"<p>Niezwykle delikatna piel\u0119gnacja g\u0142\u00f3wki niemowl\u0119ciaMi\u0119kka szczotka dla niemowl\u0105t NUK:\u2022 z niezwykle mi\u0119kkiego naturalnego w\u0142osia koziego\u2022 do codziennej piel\u0119gnacji oraz masa\u017cu delikatnej sk\u00f3ry g\u0142owy niemowl\u0119cia\u2022 doskona\u0142a w czasie pierwszych miesi\u0119cy \u017cycia, gdy dziecko ma mi\u0119kkie, puszyste w\u0142oski\u2022 antypo\u015blizgowy uchwyt umo\u017cliwia pewne trzymanie\u2022 w pastelowych kolorachMi\u0119kka szczotka dla niemowl\u0105t NUK jest doskona\u0142a do piel\u0119gnacji g\u0142\u00f3wki w czasie pierwszych miesi\u0119cy \u017cycia, gdy dziecko ma mi\u0119kkie, puszyste w\u0142oski.Niezwykle mi\u0119kkie w\u0142osie koziemasuje delikatn\u0105 sk\u00f3r\u0119 g\u0142owy niemowl\u0119cia.Antypo\u015blizgowy uchwyt umo\u017cliwia pewne trzymanie. Mi\u0119kka szczotka dla niemowl\u0105t NUK jest wykonana z wytrzyma\u0142ego materia\u0142u i wyst\u0119puje w pastelowych kolorach.Dodatkowe informacje:Dost\u0119pne kolory: r\u00f3\u017cowy, niebieski<\/p>\n<h2>Nuk Mi\u0119kka Szczotka Niebieska 256371 NUK<\/h2>\n<p>miriam imi\u0119, co kupic 7 latkowi pod choinke, kolorowanki dla ch\u0142opc\u00f3w, szablony do wyklejania plastelin\u0105, zagadki \u015bmieszne podchwytliwe, co robi\u0107 z dzieckiem w warszawie, kolorowanki do druku dla dziewczyn, prezent dla nastolatk\u00f3w 2020, ko\u0142ysanka tekst, bajki dla dzieci do czytania, jak narysowa\u0107 sanie miko\u0142aja, zadania logiczne, co kupi\u0107 dziecku na roczek, dzieci cytaty, prezent dla nastolatk\u00f3w ch\u0142opc\u00f3w, malowanki \u015bwi\u0105teczne<\/p>\n<p>yyyyy<\/p>\n<p>&nbsp;<\/p>\n","protected":false},"excerpt":{"rendered":"<p>Niezwykle delikatna piel\u0119gnacja g\u0142\u00f3wki niemowl\u0119ciaMi\u0119kka szczotka dla niemowl\u0105t NUK:\u2022 z niezwykle mi\u0119kkiego naturalnego w\u0142osia koziego\u2022 do codziennej piel\u0119gnacji oraz masa\u017cu delikatnej sk\u00f3ry g\u0142owy niemowl\u0119cia\u2022 doskona\u0142a w czasie pierwszych miesi\u0119cy \u017cycia, gdy dziecko ma mi\u0119kkie, puszyste w\u0142oski\u2022 antypo\u015blizgowy uchwyt umo\u017cliwia pewne trzymanie\u2022 w pastelowych kolorachMi\u0119kka szczotka dla niemowl\u0105t NUK jest doskona\u0142a do piel\u0119gnacji g\u0142\u00f3wki w czasie [&hellip;]<\/p>\n","protected":false},"featured_media":6383,"comment_status":"closed","ping_status":"open","template":"","meta":[],"product_cat":[251,901],"product_tag":[660,758,631,635],"class_list":["post-6382","product","type-product","status-publish","has-post-thumbnail","hentry","product_cat-nuk","product_cat-pozostale-akcesoria-do-pielegnacji-dzieci","product_tag-bianka","product_tag-julian","product_tag-prezent-na-roczek","product_tag-znaki-drogowe-do-druku"],"_links":{"self":[{"href":"http:\/\/klubmamgdynia.pl\/index.php\/wp-json\/wp\/v2\/product\/6382","targetHints":{"allow":["GET"]}}],"collection":[{"href":"http:\/\/klubmamgdynia.pl\/index.php\/wp-json\/wp\/v2\/product"}],"about":[{"href":"http:\/\/klubmamgdynia.pl\/index.php\/wp-json\/wp\/v2\/types\/product"}],"replies":[{"embeddable":true,"href":"http:\/\/klubmamgdynia.pl\/index.php\/wp-json\/wp\/v2\/comments?post=6382"}],"wp:featuredmedia":[{"embeddable":true,"href":"http:\/\/klubmamgdynia.pl\/index.php\/wp-json\/wp\/v2\/media\/6383"}],"wp:attachment":[{"href":"http:\/\/klubmamgdynia.pl\/index.php\/wp-json\/wp\/v2\/media?parent=6382"}],"wp:term":[{"taxonomy":"product_cat","embeddable":true,"href":"http:\/\/klubmamgdynia.pl\/index.php\/wp-json\/wp\/v2\/product_cat?post=6382"},{"taxonomy":"product_tag","embeddable":true,"href":"http:\/\/klubmamgdynia.pl\/index.php\/wp-json\/wp\/v2\/product_tag?post=6382"}],"curies":[{"name":"wp","href":"https:\/\/api.w.org\/{rel}","templated":true}]}}