{"id":6384,"date":"2023-07-09T22:17:50","date_gmt":"2023-07-09T20:17:50","guid":{"rendered":"http:\/\/klubmamgdynia.pl\/?post_type=product&#038;p=6384"},"modified":"2026-05-01T19:26:20","modified_gmt":"2026-05-01T17:26:20","slug":"swimfin-pletwa-do-nauki-plywania-lila","status":"publish","type":"product","link":"http:\/\/klubmamgdynia.pl\/index.php\/produkt\/swimfin-pletwa-do-nauki-plywania-lila\/","title":{"rendered":"SwimFin P\u0142etwa do nauki p\u0142ywania Lila"},"content":{"rendered":"<p>P\u0142etwa SwimFin to idealna pomoc stosowana do nauki p\u0142ywania, jak i do dokszta\u0142cenia sowich umiej\u0119tno\u015bci p\u0142ywackich, dlatego sprawdzi si\u0119 zar\u00f3wno dla pocz\u0105tkuj\u0105cych, jak i bardziej do\u015bwiadczonych p\u0142ywak\u00f3w.SwimFin sprawdza si\u0119 du\u017co lepiej ni\u017c tradycyjne ko\u0142a, r\u0119kawki, czy makarony, gdy\u017c nie kr\u0119puje ruch\u00f3w p\u0142ywaka. Dzi\u0119ki temu nauczysz si\u0119 p\u0142ywa\u0107 r\u00f3\u017cnymi stylami np. motylkiem, kraulem, czy \u017cabk\u0105.Produkt posiada pozytywne wyniki w testach z zakresu bezpiecze\u0144stwa.Dla dzieci o wadze 15-30 kg ( 3-6 lat)Wymiary: 25 x 26 cmIstniej\u0105 szko\u0142y kt\u00f3ry przy pomocy SwimFina ucz\u0105 p\u0142ywa\u0107 dzieci pomi\u0119dzy 12 a 24 miesi\u0105cem \u017cycia.<\/p>\n<h2>SwimFin P\u0142etwa do nauki p\u0142ywania Lila Inny<\/h2>\n<p>prezenty na roczek dla ch\u0142opca, warszawa dla dzieci, ciekawostki o je\u017cach, przygody tomka sawyera test, kiekrz, kolorowanki \u015bwi\u0119to niepodleg\u0142o\u015bci do druku<\/p>\n<p>yyyyy<\/p>\n<p>&nbsp;<\/p>\n","protected":false},"excerpt":{"rendered":"<p>P\u0142etwa SwimFin to idealna pomoc stosowana do nauki p\u0142ywania, jak i do dokszta\u0142cenia sowich umiej\u0119tno\u015bci p\u0142ywackich, dlatego sprawdzi si\u0119 zar\u00f3wno dla pocz\u0105tkuj\u0105cych, jak i bardziej do\u015bwiadczonych p\u0142ywak\u00f3w.SwimFin sprawdza si\u0119 du\u017co lepiej ni\u017c tradycyjne ko\u0142a, r\u0119kawki, czy makarony, gdy\u017c nie kr\u0119puje ruch\u00f3w p\u0142ywaka. Dzi\u0119ki temu nauczysz si\u0119 p\u0142ywa\u0107 r\u00f3\u017cnymi stylami np. motylkiem, kraulem, czy \u017cabk\u0105.Produkt posiada [&hellip;]<\/p>\n","protected":false},"featured_media":6385,"comment_status":"closed","ping_status":"open","template":"","meta":[],"product_cat":[169,901],"product_tag":[834,854,638,599,661],"class_list":["post-6384","product","type-product","status-publish","has-post-thumbnail","hentry","product_cat-inny","product_cat-pozostale-akcesoria-do-pielegnacji-dzieci","product_tag-bajka-do-czytania-na-dobranoc","product_tag-cytaty-rodzina","product_tag-miastodzieci","product_tag-prezent-dla-nastolatkow-2021","product_tag-swinka-peppa-kolorowanka"],"_links":{"self":[{"href":"http:\/\/klubmamgdynia.pl\/index.php\/wp-json\/wp\/v2\/product\/6384","targetHints":{"allow":["GET"]}}],"collection":[{"href":"http:\/\/klubmamgdynia.pl\/index.php\/wp-json\/wp\/v2\/product"}],"about":[{"href":"http:\/\/klubmamgdynia.pl\/index.php\/wp-json\/wp\/v2\/types\/product"}],"replies":[{"embeddable":true,"href":"http:\/\/klubmamgdynia.pl\/index.php\/wp-json\/wp\/v2\/comments?post=6384"}],"wp:featuredmedia":[{"embeddable":true,"href":"http:\/\/klubmamgdynia.pl\/index.php\/wp-json\/wp\/v2\/media\/6385"}],"wp:attachment":[{"href":"http:\/\/klubmamgdynia.pl\/index.php\/wp-json\/wp\/v2\/media?parent=6384"}],"wp:term":[{"taxonomy":"product_cat","embeddable":true,"href":"http:\/\/klubmamgdynia.pl\/index.php\/wp-json\/wp\/v2\/product_cat?post=6384"},{"taxonomy":"product_tag","embeddable":true,"href":"http:\/\/klubmamgdynia.pl\/index.php\/wp-json\/wp\/v2\/product_tag?post=6384"}],"curies":[{"name":"wp","href":"https:\/\/api.w.org\/{rel}","templated":true}]}}