{"id":6388,"date":"2024-01-10T03:38:09","date_gmt":"2024-01-10T02:38:09","guid":{"rendered":"http:\/\/klubmamgdynia.pl\/?post_type=product&#038;p=6388"},"modified":"2026-04-03T22:29:38","modified_gmt":"2026-04-03T20:29:38","slug":"tm-toys-charm-saszetka-30040","status":"publish","type":"product","link":"http:\/\/klubmamgdynia.pl\/index.php\/produkt\/tm-toys-charm-saszetka-30040\/","title":{"rendered":"Tm Toys Charm Saszetka (30040)"},"content":{"rendered":"<p>Saszetka Charm U z zawieszkami to idealny prezent dla ka\u017cdej dziewczynki, kt\u00f3ra chce sp\u0119dzi\u0107 czas przy \u015bwietnej zabawie, tworz\u0105c unikatow\u0105 bi\u017cuteri\u0119.Charm U w postaci zawieszek zachwyci wszystkich!Saszetka zawiera 2 zawieszki oraz naklejki.Kreatywna zabawa gwarantowana, stw\u00f3rz w\u0142asn\u0105 bi\u017cuteri\u0119!Co znajdziesz w saszetce niespodziance?Dziewczynk\u0119, zwierzaka, a mo\u017ce warzywko?Do\u0142\u0105czone zdj\u0119cia do ofety s\u0105 wy\u0142\u0105cznie pogl\u0105dowe, cena dotyczy zakupu 1szt. produktu.Wysy\u0142ka saszetki wy\u0142\u0105cznie losowa.<\/p>\n<h2>Tm Toys Charm Saszetka (30040) TM Toys<\/h2>\n<p>zabawy ruchowe dla dzieci w przedszkolu, \u017carty na prima aprilis na rodzic\u00f3w, m\u0105dre bajki dla dzieci do czytania, imie pola, atrakcje do 30 km od wroc\u0142awia, quiz z bajek, zemsta quizy, rado\u015b\u0107 dziecka cytaty, gry planszowe dla m\u0142odzie\u017cy, prezent dla ch\u0142opca 7 lat, cytaty o przyja\u017ani, korczak cytaty, jordan co oznacza, rzadkie imiona dla dziewczynek<\/p>\n<p>yyyyy<\/p>\n<p>&nbsp;<\/p>\n","protected":false},"excerpt":{"rendered":"<p>Saszetka Charm U z zawieszkami to idealny prezent dla ka\u017cdej dziewczynki, kt\u00f3ra chce sp\u0119dzi\u0107 czas przy \u015bwietnej zabawie, tworz\u0105c unikatow\u0105 bi\u017cuteri\u0119.Charm U w postaci zawieszek zachwyci wszystkich!Saszetka zawiera 2 zawieszki oraz naklejki.Kreatywna zabawa gwarantowana, stw\u00f3rz w\u0142asn\u0105 bi\u017cuteri\u0119!Co znajdziesz w saszetce niespodziance?Dziewczynk\u0119, zwierzaka, a mo\u017ce warzywko?Do\u0142\u0105czone zdj\u0119cia do ofety s\u0105 wy\u0142\u0105cznie pogl\u0105dowe, cena dotyczy zakupu 1szt. [&hellip;]<\/p>\n","protected":false},"featured_media":6389,"comment_status":"closed","ping_status":"open","template":"","meta":[],"product_cat":[145,21],"product_tag":[818,814,822],"class_list":["post-6388","product","type-product","status-publish","has-post-thumbnail","hentry","product_cat-tm-toys","product_cat-zabawki-plastyczne","product_tag-oliwier","product_tag-prezenty-dla-nastolatek","product_tag-wierszyki-o-wakacjach-krotkie"],"_links":{"self":[{"href":"http:\/\/klubmamgdynia.pl\/index.php\/wp-json\/wp\/v2\/product\/6388","targetHints":{"allow":["GET"]}}],"collection":[{"href":"http:\/\/klubmamgdynia.pl\/index.php\/wp-json\/wp\/v2\/product"}],"about":[{"href":"http:\/\/klubmamgdynia.pl\/index.php\/wp-json\/wp\/v2\/types\/product"}],"replies":[{"embeddable":true,"href":"http:\/\/klubmamgdynia.pl\/index.php\/wp-json\/wp\/v2\/comments?post=6388"}],"wp:featuredmedia":[{"embeddable":true,"href":"http:\/\/klubmamgdynia.pl\/index.php\/wp-json\/wp\/v2\/media\/6389"}],"wp:attachment":[{"href":"http:\/\/klubmamgdynia.pl\/index.php\/wp-json\/wp\/v2\/media?parent=6388"}],"wp:term":[{"taxonomy":"product_cat","embeddable":true,"href":"http:\/\/klubmamgdynia.pl\/index.php\/wp-json\/wp\/v2\/product_cat?post=6388"},{"taxonomy":"product_tag","embeddable":true,"href":"http:\/\/klubmamgdynia.pl\/index.php\/wp-json\/wp\/v2\/product_tag?post=6388"}],"curies":[{"name":"wp","href":"https:\/\/api.w.org\/{rel}","templated":true}]}}