{"id":639,"date":"2019-01-17T23:00:58","date_gmt":"2019-01-17T22:00:58","guid":{"rendered":"http:\/\/klubmamgdynia.pl\/index.php\/produkt\/alexander-eco-baby-balance-zamek-27105\/"},"modified":"2026-04-05T05:16:56","modified_gmt":"2026-04-05T03:16:56","slug":"alexander-eco-baby-balance-zamek-27105","status":"publish","type":"product","link":"http:\/\/klubmamgdynia.pl\/index.php\/produkt\/alexander-eco-baby-balance-zamek-27105\/","title":{"rendered":"Alexander Eco Baby Balance Zamek 27105"},"content":{"rendered":"<p>OPIS DOSTAWCY: Balance \u2013 ZamekDzi\u0119ki specjalnie wyci\u0119temu kszta\u0142towi zabawka przechyla si\u0119 pod wp\u0142ywem nak\u0142adanego ci\u0119\u017caru. Zabawa polega na tym, aby u\u0142o\u017cy\u0107 wszystkie walce na bazowym kszta\u0142cie. Maluchy mog\u0105 dowolnie wybiera\u0107 walce wedle swoich upodoba\u0144. Dzieci, kt\u00f3re nabior\u0105 wprawy wykonuj\u0105 najpierw rzut kostk\u0105 a nast\u0119pnie uk\u0142adaj\u0105 walec w kolorze wskazanym przez kostk\u0119. Ci, kt\u00f3rzy nabior\u0105 wprawy mog\u0105 swobodnie rozegra\u0107 gr\u0119. W zabawie tej gracze kolejno rzucaj\u0105 ko\u015bci\u0105 i uk\u0142adaj\u0105 na balansuj\u0105cej podstawie walce we wskazanym kolorze. Ten kto straci jakikolwiek walec lub walce odpada z gry. Je\u015bli kt\u00f3ry\u015b z graczy wyrzuci na kostce kolor, kt\u00f3rego nie ma ju\u017c na walcach le\u017c\u0105cych obok podstawy, kolejka przechodzi do nast\u0119pnego gracza.Wygrywa ten, kto najd\u0142u\u017cej utrzyma\u0142 si\u0119 w grze, nie str\u0105caj\u0105c \u017cadnych walc\u00f3w.Seria Balance to idealny zakup dla wszystkich \u015bwiadomych rodzic\u00f3w. Opr\u00f3cz wyj\u0105tkowej estetyki niesie ze sob\u0105 ogromne w\u0142a\u015bciwo\u015bci rozwojowe dziecka takie jak:\u2013 nauka kolor\u00f3w,\u2013 nauka segregowania,\u2013 \u0107wiczenie koordynacji wzrokowo \u2013 ruchowej,\u2013 nauka uwa\u017cnej obserwacji,\u2013 \u0107wiczenie cierpliwo\u015bci,\u2013 idealne wprowadzenie \u015bwiat regu\u0142 kt\u00f3rym podlegaj\u0105 gry.Idealny prezentZawarto\u015b\u0107 opakowaniapodstawa \u2013 rozmiar 188 x 155 x 25 mm; zestaw 18 kolorowych walc\u00f3w w sze\u015bciu kolorach o r\u00f3\u017cnej grubo\u015bci fi 20, 25 i 32 mm , ozdobionych ilustracjami; drewniana kostka ze \u015bciankami w kolorach walc\u00f3w; instrukcja.EAN:5906018027105Numer referencyjny:2710Wiek:od 3 latLiczba graczy:1 &#8211; 6Liczba element\u00f3w:21Wymiary opakowania:23,5 \/ 17,2 \/ 3,6 cmWymiary opakowania zbiorczego:54,0 \/ 26,5 \/ 17 cm<\/p>\n<h2>Alexander Eco Baby Balance Zamek 27105 Alexander<\/h2>\n<p>kolorowanka piesek, ferie warszawa 2022, wierszyki na lany poniedzia\u0142ek, trudne \u0142amig\u0142\u00f3wki, piosenki na dobranoc tekst, imi\u0119 nela, test z lektury dzieci z bullerbyn, hymn g\u00f3rniczy, cytaty o dziecku, kr\u00f3tkie zagadki, mi\u0142o\u015b\u0107 do dziecka cytaty, krak\u00f3w atrakcje dla dzieci, kr\u00f3tkie bajki na dobranoc do czytania, hobbit, co kupi\u0107 nastolatkowi, rzadkie imiona, karty pracy po ukrai\u0144sku, alina, znaczenie imienia milan<\/p>\n<p>yyyyy<\/p>\n<p>&nbsp;<\/p>\n","protected":false},"excerpt":{"rendered":"<p>OPIS DOSTAWCY: Balance \u2013 ZamekDzi\u0119ki specjalnie wyci\u0119temu kszta\u0142towi zabawka przechyla si\u0119 pod wp\u0142ywem nak\u0142adanego ci\u0119\u017caru. Zabawa polega na tym, aby u\u0142o\u017cy\u0107 wszystkie walce na bazowym kszta\u0142cie. Maluchy mog\u0105 dowolnie wybiera\u0107 walce wedle swoich upodoba\u0144. Dzieci, kt\u00f3re nabior\u0105 wprawy wykonuj\u0105 najpierw rzut kostk\u0105 a nast\u0119pnie uk\u0142adaj\u0105 walec w kolorze wskazanym przez kostk\u0119. Ci, kt\u00f3rzy nabior\u0105 wprawy [&hellip;]<\/p>\n","protected":false},"featured_media":640,"comment_status":"closed","ping_status":"open","template":"","meta":[],"product_cat":[246,130],"product_tag":[619,862,748,616,796],"class_list":["post-639","product","type-product","status-publish","has-post-thumbnail","hentry","product_cat-alexander","product_cat-gry-dzieciece","product_tag-iwo-imie","product_tag-nasza-zima-zla-tekst","product_tag-okolice-wroclawia-atrakcje","product_tag-test-mikolajek-25-pytan","product_tag-zagatki"],"_links":{"self":[{"href":"http:\/\/klubmamgdynia.pl\/index.php\/wp-json\/wp\/v2\/product\/639","targetHints":{"allow":["GET"]}}],"collection":[{"href":"http:\/\/klubmamgdynia.pl\/index.php\/wp-json\/wp\/v2\/product"}],"about":[{"href":"http:\/\/klubmamgdynia.pl\/index.php\/wp-json\/wp\/v2\/types\/product"}],"replies":[{"embeddable":true,"href":"http:\/\/klubmamgdynia.pl\/index.php\/wp-json\/wp\/v2\/comments?post=639"}],"wp:featuredmedia":[{"embeddable":true,"href":"http:\/\/klubmamgdynia.pl\/index.php\/wp-json\/wp\/v2\/media\/640"}],"wp:attachment":[{"href":"http:\/\/klubmamgdynia.pl\/index.php\/wp-json\/wp\/v2\/media?parent=639"}],"wp:term":[{"taxonomy":"product_cat","embeddable":true,"href":"http:\/\/klubmamgdynia.pl\/index.php\/wp-json\/wp\/v2\/product_cat?post=639"},{"taxonomy":"product_tag","embeddable":true,"href":"http:\/\/klubmamgdynia.pl\/index.php\/wp-json\/wp\/v2\/product_tag?post=639"}],"curies":[{"name":"wp","href":"https:\/\/api.w.org\/{rel}","templated":true}]}}