{"id":6394,"date":"2013-09-28T19:48:31","date_gmt":"2013-09-28T17:48:31","guid":{"rendered":"http:\/\/klubmamgdynia.pl\/index.php\/produkt\/kumpan-microfiber-toothbrush-kids-szczoteczka-do-zebow-soft-dla-dzieci\/"},"modified":"2026-04-12T15:32:45","modified_gmt":"2026-04-12T13:32:45","slug":"kumpan-microfiber-toothbrush-kids-szczoteczka-do-zebow-soft-dla-dzieci","status":"publish","type":"product","link":"http:\/\/klubmamgdynia.pl\/index.php\/produkt\/kumpan-microfiber-toothbrush-kids-szczoteczka-do-zebow-soft-dla-dzieci\/","title":{"rendered":"Kumpan Microfiber Toothbrush Kids Szczoteczka Do Z\u0119b\u00f3w Soft Dla Dzieci"},"content":{"rendered":"<p>KUMPAN Microfiber Toothbrush Kids szczoteczka do z\u0119b\u00f3w soft dla dzieci. KUMPAN Microfiber Toothbrush Kids najlepsza cena. KUMPAN kup teraz.<\/p>\n<h2>Kumpan Microfiber Toothbrush Kids Szczoteczka Do Z\u0119b\u00f3w Soft Dla Dzieci <\/h2>\n<p>kolorowanki dla dziewczynek do druku, prezent dla 7 latki, prezenty na 1 roczek, Keyword, pierwsze urodziny prezent na roczek dla ch\u0142opca, cytaty dziecko, dzie\u0144 misia 2021, zagadki dla 4 latka, wszystkie flagi \u015bwiata quiz, kolorowanka do druku lol, zadania dla 7 latka do druku, psi patrol do czytania<\/p>\n<p>yyyyy<\/p>\n<p>&nbsp;<\/p>\n","protected":false},"excerpt":{"rendered":"<p>KUMPAN Microfiber Toothbrush Kids szczoteczka do z\u0119b\u00f3w soft dla dzieci. KUMPAN Microfiber Toothbrush Kids najlepsza cena. KUMPAN kup teraz. Kumpan Microfiber Toothbrush Kids Szczoteczka Do Z\u0119b\u00f3w Soft Dla Dzieci kolorowanki dla dziewczynek do druku, prezent dla 7 latki, prezenty na 1 roczek, Keyword, pierwsze urodziny prezent na roczek dla ch\u0142opca, cytaty dziecko, dzie\u0144 misia 2021, [&hellip;]<\/p>\n","protected":false},"featured_media":6395,"comment_status":"closed","ping_status":"open","template":"","meta":[],"product_cat":[901],"product_tag":[716,780,850,715],"class_list":["post-6394","product","type-product","status-publish","has-post-thumbnail","hentry","product_cat-pozostale-akcesoria-do-pielegnacji-dzieci","product_tag-filmy-animowane-o-swietach","product_tag-krecik-bajka","product_tag-wroclaw-atrakcje-dla-dzieci","product_tag-zosia-samosia"],"_links":{"self":[{"href":"http:\/\/klubmamgdynia.pl\/index.php\/wp-json\/wp\/v2\/product\/6394","targetHints":{"allow":["GET"]}}],"collection":[{"href":"http:\/\/klubmamgdynia.pl\/index.php\/wp-json\/wp\/v2\/product"}],"about":[{"href":"http:\/\/klubmamgdynia.pl\/index.php\/wp-json\/wp\/v2\/types\/product"}],"replies":[{"embeddable":true,"href":"http:\/\/klubmamgdynia.pl\/index.php\/wp-json\/wp\/v2\/comments?post=6394"}],"wp:featuredmedia":[{"embeddable":true,"href":"http:\/\/klubmamgdynia.pl\/index.php\/wp-json\/wp\/v2\/media\/6395"}],"wp:attachment":[{"href":"http:\/\/klubmamgdynia.pl\/index.php\/wp-json\/wp\/v2\/media?parent=6394"}],"wp:term":[{"taxonomy":"product_cat","embeddable":true,"href":"http:\/\/klubmamgdynia.pl\/index.php\/wp-json\/wp\/v2\/product_cat?post=6394"},{"taxonomy":"product_tag","embeddable":true,"href":"http:\/\/klubmamgdynia.pl\/index.php\/wp-json\/wp\/v2\/product_tag?post=6394"}],"curies":[{"name":"wp","href":"https:\/\/api.w.org\/{rel}","templated":true}]}}