{"id":6396,"date":"2022-03-22T15:28:25","date_gmt":"2022-03-22T14:28:25","guid":{"rendered":"http:\/\/klubmamgdynia.pl\/index.php\/produkt\/stacyjkowo-die-cast-zestaw-tunele-tory-54304\/"},"modified":"2026-04-29T14:55:50","modified_gmt":"2026-04-29T12:55:50","slug":"stacyjkowo-die-cast-zestaw-tunele-tory-54304","status":"publish","type":"product","link":"http:\/\/klubmamgdynia.pl\/index.php\/produkt\/stacyjkowo-die-cast-zestaw-tunele-tory-54304\/","title":{"rendered":"Stacyjkowo Die Cast Zestaw Tunele + Tory 54304"},"content":{"rendered":"<p>Stacyjkowo to brytyjski serial animowany, emitowany w Polsce na kanale MiniMini. Akcja serialu rozgrywa si\u0119 w tytu\u0142owym miasteczku Stacyjkowo. G\u0142\u00f3wnymi bohaterami s\u0105 trzy ma\u0142e lokomotywy:Wilson, Koko i Bruno, kt\u00f3re wyruszaj\u0105 w swoj\u0105 pierwsz\u0105 podr\u00f3\u017c. Przygody, kt\u00f3re wsp\u00f3lnie prze\u017cywaj\u0105 ucz\u0105 ich tego, co jest w \u017cyciu najwa\u017cniejsze, dowiaduj\u0105 si\u0119 czym jest odpowiedzialno\u015b\u0107 oraz poznaj\u0105 znaczenie prawdziwej przyja\u017ani.Bajecznie kolorowe zabawki wiernie odzwierciedlaj\u0105 bohater\u00f3w bajki. Wykonane s\u0105 z wysokiej jako\u015bci materia\u0142\u00f3w (metal z plastikowymi elementami) co gwarantuje im d\u0142ug\u0105 \u017cywotno\u015b\u0107.Wszystkie lokomotywki i wagoniki mo\u017cna ze sob\u0105 \u0142\u0105czy\u0107 dzi\u0119ki specjalnym zaczepom. Nawet d\u0142ugie sk\u0142ady kolejowe bez problemu przemkn\u0105 po kr\u0119tych torach.Lokomotywy z tej serii idealnie pasuj\u0105 do produkt\u00f3w z serii Take Along Tomek i Przyjaciele.Pakiet z akcesoriami do mostu i tunelu, wykonanych z wysokiej jako\u015bci plastiku do rozbudowy zestaw\u00f3w lub jako samodzielne akcesoria do kolejki Stacyjkowo.W sk\u0142ad zestawu wchodzi 12szt tor\u00f3w:- 4 tory wznosz\u0105ce si\u0119,- 2 mosty tunele,- 2 tory proste,- 4 podno\u015bniki.Wymiary opakowania:33cm x 25cm x 8cm.Wiek od 3 lat.<\/p>\n<h2>Stacyjkowo Die Cast Zestaw Tunele + Tory 54304 Stacyjkowo<\/h2>\n<p>wiktor, peppa kolorowanka do druku, quizy online, farma dyni poznan, zagadki matematyczne na logik\u0119, piosenka kiedy babcia by\u0142a ma\u0142a tekst, dyplom za udzia\u0142 w konkursie do druku, pole dyniowe pozna\u0144, zabawy dla 7 latka<\/p>\n<p>yyyyy<\/p>\n<p>&nbsp;<\/p>\n","protected":false},"excerpt":{"rendered":"<p>Stacyjkowo to brytyjski serial animowany, emitowany w Polsce na kanale MiniMini. Akcja serialu rozgrywa si\u0119 w tytu\u0142owym miasteczku Stacyjkowo. G\u0142\u00f3wnymi bohaterami s\u0105 trzy ma\u0142e lokomotywy:Wilson, Koko i Bruno, kt\u00f3re wyruszaj\u0105 w swoj\u0105 pierwsz\u0105 podr\u00f3\u017c. Przygody, kt\u00f3re wsp\u00f3lnie prze\u017cywaj\u0105 ucz\u0105 ich tego, co jest w \u017cyciu najwa\u017cniejsze, dowiaduj\u0105 si\u0119 czym jest odpowiedzialno\u015b\u0107 oraz poznaj\u0105 znaczenie prawdziwej [&hellip;]<\/p>\n","protected":false},"featured_media":6397,"comment_status":"closed","ping_status":"open","template":"","meta":[],"product_cat":[56,1461],"product_tag":[673,689,657,759,693],"class_list":["post-6396","product","type-product","status-publish","has-post-thumbnail","hentry","product_cat-kolejki","product_cat-stacyjkowo","product_tag-juz-blisko-koleda-tekst","product_tag-linda","product_tag-lol-kolorowanka","product_tag-pomysly-na-prezent-dla-nastolatkow","product_tag-zagadki-dla-doroslych"],"_links":{"self":[{"href":"http:\/\/klubmamgdynia.pl\/index.php\/wp-json\/wp\/v2\/product\/6396","targetHints":{"allow":["GET"]}}],"collection":[{"href":"http:\/\/klubmamgdynia.pl\/index.php\/wp-json\/wp\/v2\/product"}],"about":[{"href":"http:\/\/klubmamgdynia.pl\/index.php\/wp-json\/wp\/v2\/types\/product"}],"replies":[{"embeddable":true,"href":"http:\/\/klubmamgdynia.pl\/index.php\/wp-json\/wp\/v2\/comments?post=6396"}],"wp:featuredmedia":[{"embeddable":true,"href":"http:\/\/klubmamgdynia.pl\/index.php\/wp-json\/wp\/v2\/media\/6397"}],"wp:attachment":[{"href":"http:\/\/klubmamgdynia.pl\/index.php\/wp-json\/wp\/v2\/media?parent=6396"}],"wp:term":[{"taxonomy":"product_cat","embeddable":true,"href":"http:\/\/klubmamgdynia.pl\/index.php\/wp-json\/wp\/v2\/product_cat?post=6396"},{"taxonomy":"product_tag","embeddable":true,"href":"http:\/\/klubmamgdynia.pl\/index.php\/wp-json\/wp\/v2\/product_tag?post=6396"}],"curies":[{"name":"wp","href":"https:\/\/api.w.org\/{rel}","templated":true}]}}