{"id":64,"date":"2010-10-21T10:07:09","date_gmt":"2010-10-21T08:07:09","guid":{"rendered":"http:\/\/klubmamgdynia.pl\/index.php\/produkt\/jellycat-borsuk-grzechotka-13x8cm\/"},"modified":"2026-04-22T22:23:49","modified_gmt":"2026-04-22T20:23:49","slug":"jellycat-borsuk-grzechotka-13x8cm","status":"publish","type":"product","link":"http:\/\/klubmamgdynia.pl\/index.php\/produkt\/jellycat-borsuk-grzechotka-13x8cm\/","title":{"rendered":"Jellycat Borsuk Grzechotka 13X8Cm"},"content":{"rendered":"<p>Little Rambler Badger Rattle- Borsuk grzechotkaPrzetestowany i spe\u0142nia europejsk\u0105 norm\u0119 bezpiecze\u0144stwa zabawek: EN71Wymiary: 13&#215;8 cmMateria\u0142: 32% poliester 29% rayon 9% nylon 6% len 24% bawe\u0142na Producent: Jellycat<\/p>\n<h2>Jellycat Borsuk Grzechotka 13X8Cm Jellycat<\/h2>\n<p>paj\u0105czek na rowerze test, kolorowanki zwierz\u0119ta, dinozaury kolorowanki, quiz o dinozaurach, bajka do czytania na dobranoc, bajki do czytania dla dzieci, basen dla dzieci warszawa, wielkanocne zagadki dla dzieci, alan imie, gloria imie, nowe quizy do rozwi\u0105zania, kr\u00f3tkie bajki do czytania na dobranoc, zagadki dla dzieci 14 lat, mini zoo mazowieckie<\/p>\n<p>yyyyy<\/p>\n<p>&nbsp;<\/p>\n","protected":false},"excerpt":{"rendered":"<p>Little Rambler Badger Rattle- Borsuk grzechotkaPrzetestowany i spe\u0142nia europejsk\u0105 norm\u0119 bezpiecze\u0144stwa zabawek: EN71Wymiary: 13&#215;8 cmMateria\u0142: 32% poliester 29% rayon 9% nylon 6% len 24% bawe\u0142na Producent: Jellycat Jellycat Borsuk Grzechotka 13X8Cm Jellycat paj\u0105czek na rowerze test, kolorowanki zwierz\u0119ta, dinozaury kolorowanki, quiz o dinozaurach, bajka do czytania na dobranoc, bajki do czytania dla dzieci, basen dla [&hellip;]<\/p>\n","protected":false},"featured_media":65,"comment_status":"closed","ping_status":"open","template":"","meta":[],"product_cat":[46,26],"product_tag":[847,624,645,759],"class_list":["post-64","product","type-product","status-publish","has-post-thumbnail","hentry","product_cat-jellycat","product_cat-zabawki-do-wozka-lozeczka-i-fotelika","product_tag-kolorowanki-pokemon","product_tag-krotkie-zagadki","product_tag-latwe-zagadki","product_tag-pomysly-na-prezent-dla-nastolatkow"],"_links":{"self":[{"href":"http:\/\/klubmamgdynia.pl\/index.php\/wp-json\/wp\/v2\/product\/64","targetHints":{"allow":["GET"]}}],"collection":[{"href":"http:\/\/klubmamgdynia.pl\/index.php\/wp-json\/wp\/v2\/product"}],"about":[{"href":"http:\/\/klubmamgdynia.pl\/index.php\/wp-json\/wp\/v2\/types\/product"}],"replies":[{"embeddable":true,"href":"http:\/\/klubmamgdynia.pl\/index.php\/wp-json\/wp\/v2\/comments?post=64"}],"wp:featuredmedia":[{"embeddable":true,"href":"http:\/\/klubmamgdynia.pl\/index.php\/wp-json\/wp\/v2\/media\/65"}],"wp:attachment":[{"href":"http:\/\/klubmamgdynia.pl\/index.php\/wp-json\/wp\/v2\/media?parent=64"}],"wp:term":[{"taxonomy":"product_cat","embeddable":true,"href":"http:\/\/klubmamgdynia.pl\/index.php\/wp-json\/wp\/v2\/product_cat?post=64"},{"taxonomy":"product_tag","embeddable":true,"href":"http:\/\/klubmamgdynia.pl\/index.php\/wp-json\/wp\/v2\/product_tag?post=64"}],"curies":[{"name":"wp","href":"https:\/\/api.w.org\/{rel}","templated":true}]}}