{"id":6400,"date":"2019-02-28T12:43:04","date_gmt":"2019-02-28T11:43:04","guid":{"rendered":"http:\/\/klubmamgdynia.pl\/index.php\/produkt\/tepe-kids-select-compact-zoo-zubni-kartacek-extra-soft\/"},"modified":"2026-04-24T07:23:16","modified_gmt":"2026-04-24T05:23:16","slug":"tepe-kids-select-compact-zoo-zubni-kartacek-extra-soft","status":"publish","type":"product","link":"http:\/\/klubmamgdynia.pl\/index.php\/produkt\/tepe-kids-select-compact-zoo-zubni-kartacek-extra-soft\/","title":{"rendered":"Tepe Kids Select Compact Zoo Zubn\u00ed Kart\u00e1\u010dek Extra Soft"},"content":{"rendered":"<p>Roztomil\u00fd zubn\u00ed kart\u00e1\u010dek TePe Kids Select Compact Zoo Extra Soft zaru\u010d\u00ed, \u017ee se budou va\u0161e d\u011bti t\u011b\u0161it na \u010di\u0161t\u011bn\u00ed zoubk\u016f ka\u017ed\u00fd den. Zubn\u00ed kart\u00e1\u010dek m\u00e1 extra m\u011bkk\u00e9 \u0161t\u011btinky \u0161etrn\u00e9 k citliv\u00fdm d\u011btsk\u00fdm d\u00e1sn\u00edm a zoubk\u016fm. Mal\u00e1, troj\u00faheln\u00edkov\u00e1 hlavice snadno dos\u00e1hne do v\u0161ech t\u011b\u017eko dostupn\u00fdch m\u00edst. Ergonomicky tvarovan\u00e1 rukoje\u0165 podporuje spr\u00e1vn\u00fd \u00fachop. Vlastnosti: vhodn\u00e9 pro d\u011bti od 3 let extra m\u011bkk\u00e9 \u0161t\u011btinky \u0161etrn\u00e9 k citliv\u00fdm d\u011btsk\u00fdm d\u00e1sn\u00edm a zoubk\u016fm zubn\u00edmi l\u00e9ka\u0159i doporu\u010dovan\u00fd rovn\u00fd z\u00e1st\u0159ih pro optim\u00e1ln\u00ed \u010di\u0161t\u011bn\u00ed mal\u00e1 troj\u00faheln\u00edkov\u00e1 hlavice pro snadn\u00e9 odstran\u011bn\u00ed plaku i ze \u0161patn\u011b p\u0159\u00edstupn\u00fdch m\u00edst ergonomick\u00e1 rukoje\u0165 vesel\u00fd potisk Obsah balen\u00ed: 1\u00d7 zubn\u00ed kart\u00e1\u010dek TePe Kids Select Compact Zoo Extra Soft. Mix barev &#8211; nelze ovlivnit dodanou barvu.<\/p>\n<h2>Tepe Kids Select Compact Zoo Zubn\u00ed Kart\u00e1\u010dek Extra Soft Tepe<\/h2>\n<p>wroc\u0142aw atrakcje dla dzieci, \u015bmieszne zagadki dla dzieci, kolorowanki do wydruku, najlepsze zagadki, zagadka logiczna, kolorowanki do druku, prezenty roczek, \u0142atwe zagadki, zaproszenie na urodziny dziecka tekst do druku<\/p>\n<p>yyyyy<\/p>\n<p>&nbsp;<\/p>\n","protected":false},"excerpt":{"rendered":"<p>Roztomil\u00fd zubn\u00ed kart\u00e1\u010dek TePe Kids Select Compact Zoo Extra Soft zaru\u010d\u00ed, \u017ee se budou va\u0161e d\u011bti t\u011b\u0161it na \u010di\u0161t\u011bn\u00ed zoubk\u016f ka\u017ed\u00fd den. Zubn\u00ed kart\u00e1\u010dek m\u00e1 extra m\u011bkk\u00e9 \u0161t\u011btinky \u0161etrn\u00e9 k citliv\u00fdm d\u011btsk\u00fdm d\u00e1sn\u00edm a zoubk\u016fm. Mal\u00e1, troj\u00faheln\u00edkov\u00e1 hlavice snadno dos\u00e1hne do v\u0161ech t\u011b\u017eko dostupn\u00fdch m\u00edst. Ergonomicky tvarovan\u00e1 rukoje\u0165 podporuje spr\u00e1vn\u00fd \u00fachop. Vlastnosti: vhodn\u00e9 pro d\u011bti [&hellip;]<\/p>\n","protected":false},"featured_media":6401,"comment_status":"closed","ping_status":"open","template":"","meta":[],"product_cat":[901,1466],"product_tag":[865,596,592],"class_list":["post-6400","product","type-product","status-publish","has-post-thumbnail","hentry","product_cat-pozostale-akcesoria-do-pielegnacji-dzieci","product_cat-tepe","product_tag-cytaty-o-dzieciach","product_tag-pomysly-na-prima-aprilis","product_tag-zagadki-dla-dzieci"],"_links":{"self":[{"href":"http:\/\/klubmamgdynia.pl\/index.php\/wp-json\/wp\/v2\/product\/6400","targetHints":{"allow":["GET"]}}],"collection":[{"href":"http:\/\/klubmamgdynia.pl\/index.php\/wp-json\/wp\/v2\/product"}],"about":[{"href":"http:\/\/klubmamgdynia.pl\/index.php\/wp-json\/wp\/v2\/types\/product"}],"replies":[{"embeddable":true,"href":"http:\/\/klubmamgdynia.pl\/index.php\/wp-json\/wp\/v2\/comments?post=6400"}],"wp:featuredmedia":[{"embeddable":true,"href":"http:\/\/klubmamgdynia.pl\/index.php\/wp-json\/wp\/v2\/media\/6401"}],"wp:attachment":[{"href":"http:\/\/klubmamgdynia.pl\/index.php\/wp-json\/wp\/v2\/media?parent=6400"}],"wp:term":[{"taxonomy":"product_cat","embeddable":true,"href":"http:\/\/klubmamgdynia.pl\/index.php\/wp-json\/wp\/v2\/product_cat?post=6400"},{"taxonomy":"product_tag","embeddable":true,"href":"http:\/\/klubmamgdynia.pl\/index.php\/wp-json\/wp\/v2\/product_tag?post=6400"}],"curies":[{"name":"wp","href":"https:\/\/api.w.org\/{rel}","templated":true}]}}