{"id":6402,"date":"2010-11-04T08:24:45","date_gmt":"2010-11-04T07:24:45","guid":{"rendered":"http:\/\/klubmamgdynia.pl\/index.php\/produkt\/klein-zabawka-mini-bosch-mikser-kuchenny-9574-zabawka\/"},"modified":"2026-04-27T10:22:56","modified_gmt":"2026-04-27T08:22:56","slug":"klein-zabawka-mini-bosch-mikser-kuchenny-9574-zabawka","status":"publish","type":"product","link":"http:\/\/klubmamgdynia.pl\/index.php\/produkt\/klein-zabawka-mini-bosch-mikser-kuchenny-9574-zabawka\/","title":{"rendered":"Klein Zabawka Mini Bosch Mikser Kuchenny 9574 &#8211; Zabawka"},"content":{"rendered":"<p>Marka Klein znana jest na \u015bwiecie z produkt\u00f3w wykonanych z dba\u0142o\u015bci\u0105 o szczeg\u00f3\u0142y, z najlepszej jako\u015bci materia\u0142\u00f3w oraz atrakcyjnego wzornictwa. Zabawki tej marki idealnie trafiaj\u0105 w gusta ma\u0142ych i wi\u0119kszych u\u017cytkownik\u00f3w. Artyku\u0142y oznaczone mark\u0105 Klein gwarantuj\u0105 \u015bwietn\u0105 zabaw\u0119 oraz odznaczaj\u0105 si\u0119 d\u0142ug\u0105 \u017cywotno\u015bci\u0105.Seria zabawek AGD firmy KLEIN realistycznie odzwierciedla prawdziwe urz\u0105dzenia wylansowane przez najbardziej znane i jako\u015bciowo najlepsze marki produkt\u00f3w.Dla ma\u0142ych gospody\u0144 domowych to niesamowita atrakcja! Dzieci z ch\u0119ci\u0105 ucz\u0105 si\u0119 pomaga\u0107 w wykonywaniu domowych czynno\u015bci jednocze\u015bnie \u015bwietnie si\u0119 przy tym bawi\u0105c !!! Ka\u017cdy ze sprz\u0119t\u00f3w kuchennych pomo\u017ce w przygotowaniu zar\u00f3wno ma\u0142ej przek\u0105ski jak i wykwintnego przyj\u0119cia dla lalek lub kole\u017canek&#8230;Dodatkow\u0105 zalet\u0105 tych zabawek jest to, \u017ce ich kolorystyka jest odpowiednia dla dziewczynek oraz dla ch\u0142opc\u00f3w.Mikser jest wiern\u0105 kopi\u0105 orygina\u0142u z funkcjami odpowiednimi dla dzieci.Posiada bezpieczne, obracaj\u0105ce si\u0119 za pomoc\u0105 przycisku mieszade\u0142ka, kt\u00f3re mo\u017cna zdejmowa\u0107 oraz klikaj\u0105c\u0105 &#8222;regulacj\u0119&#8221; pr\u0119dko\u015bci obrotu.<\/p>\n<h2>Klein Zabawka Mini Bosch Mikser Kuchenny 9574 &#8211; Zabawka Klein<\/h2>\n<p>kaligrafia nauka pisania wyraz\u00f3w dla dzieci do druku pdf, cytaty o rodzinie, asiunia pytania do lektury, podchwytliwe zagadki matematyczne, wiersze o wio\u015bnie jana brzechwy, prezent dla 7 latki, wierszyki na dobranoc dla dzieci, lody kolorowanka, zagadki wielkanocne przedszkole, sentencje o przyja\u017ani, prezent dla 7 latka, o\u015brodki wczasowe nad morzem dla rodzin z dzie\u0107mi, fajne prezenty dla nastolatk\u00f3w, ba\u0142wanek do druku, zaproszenie do druku, kolorowanki pieski, zima z\u0142a tekst, kolorowe ciasto, rysowanie po \u015bladzie pdf, kwiaty polne nazwy i zdj\u0119cia, izabella imi\u0119<\/p>\n<p>yyyyy<\/p>\n<p>&nbsp;<\/p>\n","protected":false},"excerpt":{"rendered":"<p>Marka Klein znana jest na \u015bwiecie z produkt\u00f3w wykonanych z dba\u0142o\u015bci\u0105 o szczeg\u00f3\u0142y, z najlepszej jako\u015bci materia\u0142\u00f3w oraz atrakcyjnego wzornictwa. Zabawki tej marki idealnie trafiaj\u0105 w gusta ma\u0142ych i wi\u0119kszych u\u017cytkownik\u00f3w. Artyku\u0142y oznaczone mark\u0105 Klein gwarantuj\u0105 \u015bwietn\u0105 zabaw\u0119 oraz odznaczaj\u0105 si\u0119 d\u0142ug\u0105 \u017cywotno\u015bci\u0105.Seria zabawek AGD firmy KLEIN realistycznie odzwierciedla prawdziwe urz\u0105dzenia wylansowane przez najbardziej znane [&hellip;]<\/p>\n","protected":false},"featured_media":6403,"comment_status":"closed","ping_status":"open","template":"","meta":[],"product_cat":[53,52],"product_tag":[848,727,748],"class_list":["post-6402","product","type-product","status-publish","has-post-thumbnail","hentry","product_cat-kaciki-zabaw","product_cat-klein","product_tag-cytat-o-rodzinie","product_tag-godlo-polski-do-druku","product_tag-okolice-wroclawia-atrakcje"],"_links":{"self":[{"href":"http:\/\/klubmamgdynia.pl\/index.php\/wp-json\/wp\/v2\/product\/6402","targetHints":{"allow":["GET"]}}],"collection":[{"href":"http:\/\/klubmamgdynia.pl\/index.php\/wp-json\/wp\/v2\/product"}],"about":[{"href":"http:\/\/klubmamgdynia.pl\/index.php\/wp-json\/wp\/v2\/types\/product"}],"replies":[{"embeddable":true,"href":"http:\/\/klubmamgdynia.pl\/index.php\/wp-json\/wp\/v2\/comments?post=6402"}],"wp:featuredmedia":[{"embeddable":true,"href":"http:\/\/klubmamgdynia.pl\/index.php\/wp-json\/wp\/v2\/media\/6403"}],"wp:attachment":[{"href":"http:\/\/klubmamgdynia.pl\/index.php\/wp-json\/wp\/v2\/media?parent=6402"}],"wp:term":[{"taxonomy":"product_cat","embeddable":true,"href":"http:\/\/klubmamgdynia.pl\/index.php\/wp-json\/wp\/v2\/product_cat?post=6402"},{"taxonomy":"product_tag","embeddable":true,"href":"http:\/\/klubmamgdynia.pl\/index.php\/wp-json\/wp\/v2\/product_tag?post=6402"}],"curies":[{"name":"wp","href":"https:\/\/api.w.org\/{rel}","templated":true}]}}