{"id":6404,"date":"2019-03-13T00:44:41","date_gmt":"2019-03-12T23:44:41","guid":{"rendered":"http:\/\/klubmamgdynia.pl\/index.php\/produkt\/nuk-713241-fc-smoczek-2-s-na-butelke-lateksowy-2szt\/"},"modified":"2026-04-29T17:01:44","modified_gmt":"2026-04-29T15:01:44","slug":"nuk-713241-fc-smoczek-2-s-na-butelke-lateksowy-2szt","status":"publish","type":"product","link":"http:\/\/klubmamgdynia.pl\/index.php\/produkt\/nuk-713241-fc-smoczek-2-s-na-butelke-lateksowy-2szt\/","title":{"rendered":"Nuk 713241 Fc+ Smoczek 2 S Na Butelk\u0119 Lateksowy 2szt."},"content":{"rendered":"<p>Smoczki do butelki NUK First Choice+:\u2022 wyj\u0105tkowo mi\u0119kki smoczek dostosowany do kszta\u0142tu jamy ustnej\u2022 testowany w szpitalach &#8211; dla optymalnego \u0142\u0105czenia karmienia piersi\u0105 i butelk\u0105*\u2022 antykolkowy system odpowietrzania pomaga zapobiega\u0107 kolce\u2022 pasuje do wszystkich butelek NUK First Choice+ oraz NUK New Classic\u2022 lateksowy smoczek dost\u0119pny w 2 rozmiarach (0-6 mies. i 6-18 mies.), z r\u00f3\u017cnymi otworami przep\u0142ywowymi (S, M, L, XL)\u2022 opakowanie zawiera 2 sztuki smoczk\u00f3w<\/p>\n<h2>Nuk 713241 Fc+ Smoczek 2 S Na Butelk\u0119 Lateksowy 2szt. NUK<\/h2>\n<p>zagadki o zimie, hejka tu lenka quizy, wielkanocne zagadki, prezent dla nastolatk\u00f3w ch\u0142opc\u00f3w, lato, gwiazdka do druku, zaproszenia urodzinowe do druku, mi\u015b z filmu animowanego, zak\u0142adka do ksi\u0105\u017cki szablon do druku, sta\u0142a pod \u015bniegiem, prezent dla rocznego ch\u0142opca, gdzie na ferie zimowe 2022<\/p>\n<p>yyyyy<\/p>\n<p>&nbsp;<\/p>\n","protected":false},"excerpt":{"rendered":"<p>Smoczki do butelki NUK First Choice+:\u2022 wyj\u0105tkowo mi\u0119kki smoczek dostosowany do kszta\u0142tu jamy ustnej\u2022 testowany w szpitalach &#8211; dla optymalnego \u0142\u0105czenia karmienia piersi\u0105 i butelk\u0105*\u2022 antykolkowy system odpowietrzania pomaga zapobiega\u0107 kolce\u2022 pasuje do wszystkich butelek NUK First Choice+ oraz NUK New Classic\u2022 lateksowy smoczek dost\u0119pny w 2 rozmiarach (0-6 mies. i 6-18 mies.), z r\u00f3\u017cnymi [&hellip;]<\/p>\n","protected":false},"featured_media":6405,"comment_status":"closed","ping_status":"open","template":"","meta":[],"product_cat":[251,283],"product_tag":[817,670,620,809],"class_list":["post-6404","product","type-product","status-publish","has-post-thumbnail","hentry","product_cat-nuk","product_cat-smoczki-i-ustniki-do-butelek","product_tag-bajka-terapeutyczna-o-emocjach","product_tag-irma","product_tag-quiz-opowiesci-z-narnii","product_tag-zagadki"],"_links":{"self":[{"href":"http:\/\/klubmamgdynia.pl\/index.php\/wp-json\/wp\/v2\/product\/6404","targetHints":{"allow":["GET"]}}],"collection":[{"href":"http:\/\/klubmamgdynia.pl\/index.php\/wp-json\/wp\/v2\/product"}],"about":[{"href":"http:\/\/klubmamgdynia.pl\/index.php\/wp-json\/wp\/v2\/types\/product"}],"replies":[{"embeddable":true,"href":"http:\/\/klubmamgdynia.pl\/index.php\/wp-json\/wp\/v2\/comments?post=6404"}],"wp:featuredmedia":[{"embeddable":true,"href":"http:\/\/klubmamgdynia.pl\/index.php\/wp-json\/wp\/v2\/media\/6405"}],"wp:attachment":[{"href":"http:\/\/klubmamgdynia.pl\/index.php\/wp-json\/wp\/v2\/media?parent=6404"}],"wp:term":[{"taxonomy":"product_cat","embeddable":true,"href":"http:\/\/klubmamgdynia.pl\/index.php\/wp-json\/wp\/v2\/product_cat?post=6404"},{"taxonomy":"product_tag","embeddable":true,"href":"http:\/\/klubmamgdynia.pl\/index.php\/wp-json\/wp\/v2\/product_tag?post=6404"}],"curies":[{"name":"wp","href":"https:\/\/api.w.org\/{rel}","templated":true}]}}