{"id":641,"date":"2017-09-09T14:57:51","date_gmt":"2017-09-09T12:57:51","guid":{"rendered":"http:\/\/klubmamgdynia.pl\/index.php\/produkt\/need-for-speed-rivals-gra-ps4\/"},"modified":"2026-04-29T18:23:30","modified_gmt":"2026-04-29T16:23:30","slug":"need-for-speed-rivals-gra-ps4","status":"publish","type":"product","link":"http:\/\/klubmamgdynia.pl\/index.php\/produkt\/need-for-speed-rivals-gra-ps4\/","title":{"rendered":"Need For Speed Rivals (Gra PS4)"},"content":{"rendered":"<p>Obserwuj rosn\u0105c\u0105 stawk\u0119 dzi\u0119ki nowemu systemowi zdobywania punkt\u00f3w, kt\u00f3ry pozwala kierowcom ryzykowa\u0107 swoje punkty pr\u0119dko\u015bci, aby mie\u0107 szans\u0119 na zdobycie wi\u0119kszych mno\u017cnik\u00f3w i lepszych nagr\u00f3d oraz zabezpieczenie swoich punkt\u00f3w pr\u0119dko\u015bci przy powrocie do kryj\u00f3wki. Im wi\u0119ksze ryzyko, tym szybsze post\u0119py, ale w razie aresztowania policja odbiera punkty pr\u0119dko\u015bci. Na ka\u017cdym zakr\u0119cie ryzykuje si\u0119 utrat\u0119 setek tysi\u0119cy punkt\u00f3w. Czy przejdziesz drog\u0119 od bohatera do zera?                            <\/p>\n<p>Ta nowa, rewolucyjna opcja umo\u017cliwia ci do\u0142\u0105czenie do znajomych z ca\u0142ego \u015bwiata, kt\u00f3rzy bior\u0105 udzia\u0142 w zawodach i po\u015bcigach. Tryby dla pojedynczego gracza i wieloosobowy nie s\u0105 ju\u017c odr\u0119bne. \u017badnych poczekalni \u2013 Need for Speed: Rivals umo\u017cliwia stuprocentowo p\u0142ynn\u0105 gr\u0119. Mo\u017cesz bra\u0107 udzia\u0142 w tej samej rozgrywce, zawodach czy po\u015bcigu co twoi znajomi. Wasze drogi b\u0119d\u0105 si\u0119 krzy\u017cowa\u0107, a losy \u2013 splata\u0107; np. tw\u00f3j znajomy mo\u017ce prowadzi\u0107 po\u015bcig podczas zawod\u00f3w, w kt\u00f3rych bierzesz udzia\u0142. Need for Speed: Rivals gwarantuje niepowtarzaln\u0105 zabaw\u0119! Nie chcesz gra\u0107 z innymi? W takim razie mo\u017cesz samotnie stawi\u0107 czo\u0142a zaawansowanej SI policji w Redview County.                            <\/p>\n<p>Podrasuj swoje auto za pomoc\u0105 najnowocze\u015bniejszych technologii i modyfikuj jego wygl\u0105d wedle w\u0142asnego uznania, zmieniaj\u0105c lakier, barwy, rejestracj\u0119, felgi i kalkomanie. Niech samoch\u00f3d stanie si\u0119 twoj\u0105 wizyt\u00f3wk\u0105. Dzi\u0119ki milionom potencjalnych kombinacji mo\u017cesz zapisywa\u0107 r\u00f3\u017cne konfiguracje i mie\u0107 pod r\u0119k\u0105 gotowe pakiety samochodowe, by zadawa\u0107 szyku niezale\u017cnie od sytuacji.                            <\/p>\n<p>Kierowcy wy\u015bcigowi to samotnicy, kt\u00f3rym zale\u017cy jedynie na s\u0142awie. Je\u017cd\u017c\u0105 niezwykle zwrotnymi autami, stworzonymi z my\u015bl\u0105 o udziale w karko\u0142omnych zawodach samochodowych i intensywnych po\u015bcigach. Gliniarze \u015bcigaj\u0105 kierowc\u00f3w zespo\u0142owo, wykorzystuj\u0105c w tym celu wszelkie dost\u0119pne \u015brodki. Niebezpieczne starcia na szosie staj\u0105 si\u0119 jeszcze bardziej ekscytuj\u0105ce dzi\u0119ki dost\u0119powi do wielu ulepsze\u0144 technologii po\u015bcigowej dla ka\u017cdej ze stron. By zwia\u0107 policji, kierowcy wy\u015bcigowi wykorzystuj\u0105 technologie takie jak turbospr\u0119\u017carki, zag\u0142uszacze i emitery fal elektromagnetycznych. Wyposa\u017cenie policjant\u00f3w, w tym emitery fal i zag\u0142uszacze, oraz mo\u017cliwo\u015b\u0107 ustawienia blokady i wezwania helikoptera u\u0142atwi\u0105 str\u00f3\u017com prawa zatrzymywanie \u015bciganych. Ka\u017cda ze stron ma odmienny zestaw supersamochod\u00f3w, technologii i zada\u0144 oraz inne mo\u017cliwo\u015bci rozwoju kariery. W dowolnej chwili mo\u017cesz zmieni\u0107 stron\u0119, aby zdoby\u0107 po\u017c\u0105dany samoch\u00f3d, technologi\u0119 lub wcieli\u0107 si\u0119 w now\u0105 rol\u0119 w odmiennym dla ka\u017cdej ze stron systemie post\u0119p\u00f3w.<\/p>\n<h2>Need For Speed Rivals (Gra PS4) EA Games<\/h2>\n<p>bajka psi patrol do czytania, kolorowanka lego ninjago, postacie z bajek, wiersz o g\u00f3rniku, trudne zagadki na inteligencje, najlepsze \u017carty na prima aprilis, kolorowanki lato<\/p>\n<p>yyyyy<\/p>\n<p>&nbsp;<\/p>\n","protected":false},"excerpt":{"rendered":"<p>Obserwuj rosn\u0105c\u0105 stawk\u0119 dzi\u0119ki nowemu systemowi zdobywania punkt\u00f3w, kt\u00f3ry pozwala kierowcom ryzykowa\u0107 swoje punkty pr\u0119dko\u015bci, aby mie\u0107 szans\u0119 na zdobycie wi\u0119kszych mno\u017cnik\u00f3w i lepszych nagr\u00f3d oraz zabezpieczenie swoich punkt\u00f3w pr\u0119dko\u015bci przy powrocie do kryj\u00f3wki. Im wi\u0119ksze ryzyko, tym szybsze post\u0119py, ale w razie aresztowania policja odbiera punkty pr\u0119dko\u015bci. Na ka\u017cdym zakr\u0119cie ryzykuje si\u0119 utrat\u0119 setek [&hellip;]<\/p>\n","protected":false},"featured_media":642,"comment_status":"closed","ping_status":"open","template":"","meta":[],"product_cat":[247,203],"product_tag":[801,763,784,774,840,849],"class_list":["post-641","product","type-product","status-publish","has-post-thumbnail","hentry","product_cat-ea-games","product_cat-gry-playstation-4","product_tag-bajki-terapeutyczne-o-emocjach","product_tag-fabian","product_tag-hymn-gorniczy","product_tag-prezent-na-roczek-nie-zabawka","product_tag-stare-bajki","product_tag-zagadki-matematyczne-dla-dzieci"],"_links":{"self":[{"href":"http:\/\/klubmamgdynia.pl\/index.php\/wp-json\/wp\/v2\/product\/641","targetHints":{"allow":["GET"]}}],"collection":[{"href":"http:\/\/klubmamgdynia.pl\/index.php\/wp-json\/wp\/v2\/product"}],"about":[{"href":"http:\/\/klubmamgdynia.pl\/index.php\/wp-json\/wp\/v2\/types\/product"}],"replies":[{"embeddable":true,"href":"http:\/\/klubmamgdynia.pl\/index.php\/wp-json\/wp\/v2\/comments?post=641"}],"wp:featuredmedia":[{"embeddable":true,"href":"http:\/\/klubmamgdynia.pl\/index.php\/wp-json\/wp\/v2\/media\/642"}],"wp:attachment":[{"href":"http:\/\/klubmamgdynia.pl\/index.php\/wp-json\/wp\/v2\/media?parent=641"}],"wp:term":[{"taxonomy":"product_cat","embeddable":true,"href":"http:\/\/klubmamgdynia.pl\/index.php\/wp-json\/wp\/v2\/product_cat?post=641"},{"taxonomy":"product_tag","embeddable":true,"href":"http:\/\/klubmamgdynia.pl\/index.php\/wp-json\/wp\/v2\/product_tag?post=641"}],"curies":[{"name":"wp","href":"https:\/\/api.w.org\/{rel}","templated":true}]}}