{"id":6410,"date":"2019-02-25T21:00:41","date_gmt":"2019-02-25T20:00:41","guid":{"rendered":"http:\/\/klubmamgdynia.pl\/index.php\/produkt\/lullaby-planet-silikonowy-smoczek-na-noc-2-opakowania-symetryczny-rozmiar-1-lake-green-night\/"},"modified":"2026-04-20T01:34:55","modified_gmt":"2026-04-19T23:34:55","slug":"lullaby-planet-silikonowy-smoczek-na-noc-2-opakowania-symetryczny-rozmiar-1-lake-green-night","status":"publish","type":"product","link":"http:\/\/klubmamgdynia.pl\/index.php\/produkt\/lullaby-planet-silikonowy-smoczek-na-noc-2-opakowania-symetryczny-rozmiar-1-lake-green-night\/","title":{"rendered":"Lullaby Planet Silikonowy Smoczek Na Noc 2 Opakowania Symetryczny Rozmiar 1 Lake Green Night"},"content":{"rendered":"<p>Szczeg\u00f3\u0142y produktu: Wiek: od urodzenia Kolor: Jezioro Green Night Symetryczny kszta\u0142t Idealny dla dzieci, kt\u00f3re obracaj\u0105 smoczek w ustach Neutralny smak i zapach Kszta\u0142t motyla pozostawia miejsce na nos Otwory wentylacyjne w stronie S child zapobiegaj\u0105 podra\u017cnieniom sk\u00f3ry Zaleca si\u0119 wymian\u0119 smoczka co 6 tygodni. Materia\u0142 i wymiary: Szeroko\u015b\u0107. 19 mm D\u0142ugo\u015b\u0107: 28 mm S child : Wysokiej jako\u015bci polipropylen Smoczek: mi\u0119kki silikon (przezroczysty, bezbarwny materia\u0142) W zestawie: 2 manekiny<\/p>\n<h2>Lullaby Planet Silikonowy Smoczek Na Noc 2 Opakowania Symetryczny Rozmiar 1 Lake Green Night <\/h2>\n<p>kolorowe kanapki kanapki dla dzieci, kolorowanki pikachu, prezent na roczek nie zabawka, basen warszawa, mi\u015b z filmu animowanego, test lew czarownica i stara szafa, mini kanapki dla dzieci, quiz dzieci z bullerbyn, samochwa\u0142a, test z lektury opowie\u015bci z narnii lew czarownica i stara szafa z odpowiedziami, oskar imie, jak narysowa\u0107 nos, pikachu kolorowanka, zagadki dla 4 latka<\/p>\n<p>yyyyy<\/p>\n<p>&nbsp;<\/p>\n","protected":false},"excerpt":{"rendered":"<p>Szczeg\u00f3\u0142y produktu: Wiek: od urodzenia Kolor: Jezioro Green Night Symetryczny kszta\u0142t Idealny dla dzieci, kt\u00f3re obracaj\u0105 smoczek w ustach Neutralny smak i zapach Kszta\u0142t motyla pozostawia miejsce na nos Otwory wentylacyjne w stronie S child zapobiegaj\u0105 podra\u017cnieniom sk\u00f3ry Zaleca si\u0119 wymian\u0119 smoczka co 6 tygodni. Materia\u0142 i wymiary: Szeroko\u015b\u0107. 19 mm D\u0142ugo\u015b\u0107: 28 mm S [&hellip;]<\/p>\n","protected":false},"featured_media":6411,"comment_status":"closed","ping_status":"open","template":"","meta":[],"product_cat":[255],"product_tag":[702,748,846,803,737],"class_list":["post-6410","product","type-product","status-publish","has-post-thumbnail","hentry","product_cat-smoczki-uspokajajace","product_tag-co-kupic-na-roczek-dla-dziewczynki","product_tag-okolice-wroclawia-atrakcje","product_tag-rysowanki","product_tag-szlaczki-do-druku","product_tag-test-z-lektury-felix-net-i-nika-oraz-gang-niewidzialnych-ludzi"],"_links":{"self":[{"href":"http:\/\/klubmamgdynia.pl\/index.php\/wp-json\/wp\/v2\/product\/6410","targetHints":{"allow":["GET"]}}],"collection":[{"href":"http:\/\/klubmamgdynia.pl\/index.php\/wp-json\/wp\/v2\/product"}],"about":[{"href":"http:\/\/klubmamgdynia.pl\/index.php\/wp-json\/wp\/v2\/types\/product"}],"replies":[{"embeddable":true,"href":"http:\/\/klubmamgdynia.pl\/index.php\/wp-json\/wp\/v2\/comments?post=6410"}],"wp:featuredmedia":[{"embeddable":true,"href":"http:\/\/klubmamgdynia.pl\/index.php\/wp-json\/wp\/v2\/media\/6411"}],"wp:attachment":[{"href":"http:\/\/klubmamgdynia.pl\/index.php\/wp-json\/wp\/v2\/media?parent=6410"}],"wp:term":[{"taxonomy":"product_cat","embeddable":true,"href":"http:\/\/klubmamgdynia.pl\/index.php\/wp-json\/wp\/v2\/product_cat?post=6410"},{"taxonomy":"product_tag","embeddable":true,"href":"http:\/\/klubmamgdynia.pl\/index.php\/wp-json\/wp\/v2\/product_tag?post=6410"}],"curies":[{"name":"wp","href":"https:\/\/api.w.org\/{rel}","templated":true}]}}