{"id":6416,"date":"2022-10-18T10:56:13","date_gmt":"2022-10-18T08:56:13","guid":{"rendered":"http:\/\/klubmamgdynia.pl\/index.php\/produkt\/nuk-silikonowy-smoczek-do-butelki-nature-sense-s-2szt\/"},"modified":"2026-05-17T22:01:01","modified_gmt":"2026-05-17T20:01:01","slug":"nuk-silikonowy-smoczek-do-butelki-nature-sense-s-2szt","status":"publish","type":"product","link":"http:\/\/klubmamgdynia.pl\/index.php\/produkt\/nuk-silikonowy-smoczek-do-butelki-nature-sense-s-2szt\/","title":{"rendered":"Nuk Silikonowy Smoczek Do Butelki Nature Sense S 2Szt."},"content":{"rendered":"<p>Silikonowy smoczek do butelki NUK Nature Sensekilka ma\u0142ych otwor\u00f3w, kt\u00f3re s\u0105 wzorowane na kanalikach mlecznych w piersi, zapewnia swobodny i naturalny wyp\u0142yw pokarmuszerokie, elastyczne oparcie dla warg i wyj\u0105tkowo mi\u0119kka ko\u0144c\u00f3wka smoczka &#8211; podobne do piersi mamyinnowacyjny Antykolkowy Odpowietrzacz pomaga zapobiega\u0107 po\u0142ykaniu powietrzadost\u0119pny w dw\u00f3ch rozmiarach (0-6 mies., 6-18 mies.) z r\u00f3\u017cn\u0105 liczba otwor\u00f3w przep\u0142ywowych (S, M, L)nie zawiera BPAzestaw zawiera 2 sztuki.W pierwszych miesi\u0105cach \u017cycia po\u015bwi\u0119camy naszym dzieciom wyj\u0105tkow\u0105 uwag\u0119. Karmienie ma tutaj szczeg\u00f3lne znaczenie, a przej\u015bcie od karmienia piersi\u0105 do butelk\u0105 to cz\u0119sto dla mam du\u017ce wyzwanie. Aby pom\u00f3c mamom w tym wra\u017cliwym okresie, zainspirowali\u015bmy si\u0119 natur\u0105 i opracowali\u015bmy smoczek, kt\u00f3ry jest tak bardzo zbli\u017cony do piersi mamy jak nigdy dot\u0105d \u2013 smoczek do butelki NUK Nature Sense! Smoczek ma kilka otwor\u00f3w przep\u0142ywowych zamiast jednego, co zapewnia nieprzerwany, naturalny wyp\u0142yw pokarmu. Dzi\u0119ki temu dziecko ma pe\u0142ne poczucie bezpiecze\u0144stwa i w konsekwencji \u0142atwiej zaakceptuje butelk\u0119.Inspirowany przez natur\u0119 \u2013 co sprawia, \u017ce ten smoczek jest wyj\u0105tkowy?Bez wzgl\u0119du na to czy chcesz \u0142\u0105czy\u0107 karmienie piersi\u0105 i butelk\u0105 czy chcesz zako\u0144czy\u0107 karmienie piersi\u0105, wielu dzieciom ci\u0119\u017cko przyzwyczai\u0107 si\u0119 do butelki. W\u0142a\u015bnie wtedy pomocny oka\u017ce si\u0119 smoczek do butelki NUK Nature Sense. Opr\u00f3cz kilku otwor\u00f3w przep\u0142ywowych, kt\u00f3re tak jak kanaliki mleczne w piersi mamy, zapewniaj\u0105 nieprzerwany, naturalny wyp\u0142yw pokarmu, smoczek ma te\u017c wyj\u0105tkowo szerokie i elastyczne oparcie dla warg, kt\u00f3re sprawia, \u017ce dziecko czuje si\u0119 tak jakby ssa\u0142o pier\u015b mamy. Innowacyjny antykolkowy odpowietrzacz pozwala dziecku ssa\u0107 bez przerw, tak jak w przypadku ssania piersi, co pomaga zapobiega\u0107 po\u0142ykaniu powietrza przez dziecko. R\u00f3wnie\u017c wyj\u0105tkowo mi\u0119kka ko\u0144c\u00f3wka smoczka jest wzorowana na naturalnym modelu &#8211; jest ona szczeg\u00f3lnie elastyczna i dostosowuje si\u0119 do jamy ustnej dziecka podobnie jak brodawka sutkowa mamy.Karmienie nowym smoczkiem to przyjemno\u015b\u0107 nie tylko dla Twojego dziecka, lecz tak\u017ce dla Ciebie. Ten bliski naturze produkt przynosi korzy\u015bci te\u017c ca\u0142ej rodzinie. Blisko\u015b\u0107, jak\u0105 odczuwa mama podczas karmienie nie jest ju\u017c teraz zarezerwowana tylko dla niej \u2013 dzi\u0119ki NUK Nature Sense teraz tak\u017ce tata, bracia, siostry, dziadkowie czy przyjaciele mog\u0105 do\u015bwiadczy\u0107 jej w czasie karmienia butelk\u0105, podczas gdy mama mo\u017ce skorzysta\u0107 z chwili przerwy.Doskona\u0142e po\u0142\u0105czenie \u2013 butelka i smoczek NUK Nature SenseSmoczek, kt\u00f3ry jest polecany przez mamy, po\u0142o\u017cne i pediatr\u00f3w, jest dost\u0119pny z r\u00f3\u017cn\u0105 liczb\u0105 otwor\u00f3w przep\u0142ywowych (S, M i L) dostosowan\u0105 do rodzaju pokarmu \u2013 od mleka mamy do papek. Gdy dziecko podro\u015bnie, mo\u017cesz wybra\u0107 wi\u0119kszy rozmiar smoczka \u2013 smoczki Nature Sense dost\u0119pne s\u0105 dla dzieci od 0 do 6 miesi\u0119cy i od 6 do 18 miesi\u0119cy. Po\u0142\u0105czenie smoczka do butelki NUK Nature Sense i butelki Nature Sense to niepokonana dru\u017cyna. Dzi\u0119ki pomocy Matki Natury oraz naszej w\u0142asnej inspiracji karmienie butelk\u0105 nigdy nie by\u0142o takie proste. B\u0105d\u017a o krok do przodu i przekonaj si\u0119!Dost\u0119pne rozmiary:Rozmiar 1 (0-6 miesi\u0119cy)S &#8211; do p\u0142yn\u00f3w &#8211; mleka mamy, herbatki, wody)M &#8211; do mleka modyfikowanegoRozmiar 2 (6-18 miesi\u0119cy)S &#8211; do p\u0142yn\u00f3w &#8211; mleka mamy, herbatki, wodyM &#8211; do mleka modyfikowanegoL &#8211; do papek<\/p>\n<h2>Nuk Silikonowy Smoczek Do Butelki Nature Sense S 2Szt. NUK<\/h2>\n<p>\u017cyczenia wielkanocne dla dzieci kr\u00f3tkie, mega trudne zagadki logiczne, quiz o akademii pana kleksa, trudne zagadki i odpowiedzi, imi\u0119 dla dziewczynki 2019, krecik bajka, gaja imi\u0119, kotek kolorowanka, wzory dyplom\u00f3w do pobrania, quiz o zwierz\u0119tach domowych, \u017carty na prima aprilis dla dzieci, szablony postacie do szopki do druku, dzie\u0144 matki w\u0142asnor\u0119czny prezent dla mamy od dziecka, opis o rodzinie, prezent na roczek dla chrze\u015bniaka, milan imi\u0119, zabawy z pi\u0142k\u0105 dla dzieci, kanapeczki na urodziny dziecka, \u015bmieszne zagadki dla dzieci, bajka krecik<\/p>\n<p>yyyyy<\/p>\n<p>&nbsp;<\/p>\n","protected":false},"excerpt":{"rendered":"<p>Silikonowy smoczek do butelki NUK Nature Sensekilka ma\u0142ych otwor\u00f3w, kt\u00f3re s\u0105 wzorowane na kanalikach mlecznych w piersi, zapewnia swobodny i naturalny wyp\u0142yw pokarmuszerokie, elastyczne oparcie dla warg i wyj\u0105tkowo mi\u0119kka ko\u0144c\u00f3wka smoczka &#8211; podobne do piersi mamyinnowacyjny Antykolkowy Odpowietrzacz pomaga zapobiega\u0107 po\u0142ykaniu powietrzadost\u0119pny w dw\u00f3ch rozmiarach (0-6 mies., 6-18 mies.) z r\u00f3\u017cn\u0105 liczba otwor\u00f3w przep\u0142ywowych [&hellip;]<\/p>\n","protected":false},"featured_media":6417,"comment_status":"closed","ping_status":"open","template":"","meta":[],"product_cat":[251,283],"product_tag":[666,749,641,809,849,615],"class_list":["post-6416","product","type-product","status-publish","has-post-thumbnail","hentry","product_cat-nuk","product_cat-smoczki-i-ustniki-do-butelek","product_tag-afrykanskie-imiona","product_tag-najlepsze-zarty-na-prima-aprilis","product_tag-trudne-zagadki-logiczne","product_tag-zagadki","product_tag-zagadki-matematyczne-dla-dzieci","product_tag-znane-misie-z-filmow-animowanych"],"_links":{"self":[{"href":"http:\/\/klubmamgdynia.pl\/index.php\/wp-json\/wp\/v2\/product\/6416","targetHints":{"allow":["GET"]}}],"collection":[{"href":"http:\/\/klubmamgdynia.pl\/index.php\/wp-json\/wp\/v2\/product"}],"about":[{"href":"http:\/\/klubmamgdynia.pl\/index.php\/wp-json\/wp\/v2\/types\/product"}],"replies":[{"embeddable":true,"href":"http:\/\/klubmamgdynia.pl\/index.php\/wp-json\/wp\/v2\/comments?post=6416"}],"wp:featuredmedia":[{"embeddable":true,"href":"http:\/\/klubmamgdynia.pl\/index.php\/wp-json\/wp\/v2\/media\/6417"}],"wp:attachment":[{"href":"http:\/\/klubmamgdynia.pl\/index.php\/wp-json\/wp\/v2\/media?parent=6416"}],"wp:term":[{"taxonomy":"product_cat","embeddable":true,"href":"http:\/\/klubmamgdynia.pl\/index.php\/wp-json\/wp\/v2\/product_cat?post=6416"},{"taxonomy":"product_tag","embeddable":true,"href":"http:\/\/klubmamgdynia.pl\/index.php\/wp-json\/wp\/v2\/product_tag?post=6416"}],"curies":[{"name":"wp","href":"https:\/\/api.w.org\/{rel}","templated":true}]}}