{"id":6418,"date":"2023-11-09T17:43:10","date_gmt":"2023-11-09T16:43:10","guid":{"rendered":"http:\/\/klubmamgdynia.pl\/?post_type=product&#038;p=6418"},"modified":"2026-05-17T22:33:30","modified_gmt":"2026-05-17T20:33:30","slug":"motherhood-spiworek-z-nogawkami-ocieplany-2-tog-12-18-m-statki-niebieskie","status":"publish","type":"product","link":"http:\/\/klubmamgdynia.pl\/index.php\/produkt\/motherhood-spiworek-z-nogawkami-ocieplany-2-tog-12-18-m-statki-niebieskie\/","title":{"rendered":"Motherhood \u015apiworek Z Nogawkami Ocieplany 2 Tog 12 18 M Statki Niebieskie"},"content":{"rendered":"<p>Ocieplany \u015bpiworek z nogawkami TOG 2 (12-18 m-cy) oferuje starszym dzieciom (12mies.+) jako\u015b\u0107 i komfort u\u017cytkowania znany z tradycyjnych \u015bpiwork\u00f3w Motherhood.Uszyty z najwy\u017csz\u0105 staranno\u015bci\u0105 i dba\u0142o\u015bci\u0105 o detale Ocieplany \u015bpiworek z nogawkami TOG 2 (12-18 m-cy), dzi\u0119ki swojemu krojowi, pozwala chodz\u0105cemu ju\u017c maluchowi swobodnie si\u0119 porusza\u0107.Innowacyjny zamek u\u0142atwia zmian\u0119 pieluchy bez potrzeby rozpinania ca\u0142ego \u015bpiworka i wybudzania dziecka ze snu, a os\u0142onki na jego zako\u0144czeniach minimal..<\/p>\n<h2>Motherhood \u015apiworek Z Nogawkami Ocieplany 2 Tog 12 18 M Statki Niebieskie Motherhood<\/h2>\n<p>zagadka logiczna, dekorowanie kanapek dla dzieci, super zings do druku, kolorowanki do druku zwierz\u0119ta, liwia znaczenie imienia, myszka minnie kolorowanka, literki do pisania do druku, okolice wroc\u0142awia atrakcje, malowanki do druku, akademia pana kleksa test do druku, minecraft kolorowanki, cytaty dla nauczycieli, mini kanapki dla dzieci, malowanki \u015bwi\u0105teczne, kolorowanki do druku kotki, karnawa\u0142 maska karnawa\u0142owa szablon, bajka o biedronce<\/p>\n<p>yyyyy<\/p>\n<p>&nbsp;<\/p>\n","protected":false},"excerpt":{"rendered":"<p>Ocieplany \u015bpiworek z nogawkami TOG 2 (12-18 m-cy) oferuje starszym dzieciom (12mies.+) jako\u015b\u0107 i komfort u\u017cytkowania znany z tradycyjnych \u015bpiwork\u00f3w Motherhood.Uszyty z najwy\u017csz\u0105 staranno\u015bci\u0105 i dba\u0142o\u015bci\u0105 o detale Ocieplany \u015bpiworek z nogawkami TOG 2 (12-18 m-cy), dzi\u0119ki swojemu krojowi, pozwala chodz\u0105cemu ju\u017c maluchowi swobodnie si\u0119 porusza\u0107.Innowacyjny zamek u\u0142atwia zmian\u0119 pieluchy bez potrzeby rozpinania ca\u0142ego \u015bpiworka [&hellip;]<\/p>\n","protected":false},"featured_media":6419,"comment_status":"closed","ping_status":"open","template":"","meta":[],"product_cat":[190,395],"product_tag":[642,774,804,850,724,607],"class_list":["post-6418","product","type-product","status-publish","has-post-thumbnail","hentry","product_cat-motherhood","product_cat-spiworki","product_tag-mia-imie","product_tag-prezent-na-roczek-nie-zabawka","product_tag-ryz-z-owocami","product_tag-wroclaw-atrakcje-dla-dzieci","product_tag-zagadki-podchwytliwe","product_tag-zarty-na-prima-aprilis-dla-rodzicow"],"_links":{"self":[{"href":"http:\/\/klubmamgdynia.pl\/index.php\/wp-json\/wp\/v2\/product\/6418","targetHints":{"allow":["GET"]}}],"collection":[{"href":"http:\/\/klubmamgdynia.pl\/index.php\/wp-json\/wp\/v2\/product"}],"about":[{"href":"http:\/\/klubmamgdynia.pl\/index.php\/wp-json\/wp\/v2\/types\/product"}],"replies":[{"embeddable":true,"href":"http:\/\/klubmamgdynia.pl\/index.php\/wp-json\/wp\/v2\/comments?post=6418"}],"wp:featuredmedia":[{"embeddable":true,"href":"http:\/\/klubmamgdynia.pl\/index.php\/wp-json\/wp\/v2\/media\/6419"}],"wp:attachment":[{"href":"http:\/\/klubmamgdynia.pl\/index.php\/wp-json\/wp\/v2\/media?parent=6418"}],"wp:term":[{"taxonomy":"product_cat","embeddable":true,"href":"http:\/\/klubmamgdynia.pl\/index.php\/wp-json\/wp\/v2\/product_cat?post=6418"},{"taxonomy":"product_tag","embeddable":true,"href":"http:\/\/klubmamgdynia.pl\/index.php\/wp-json\/wp\/v2\/product_tag?post=6418"}],"curies":[{"name":"wp","href":"https:\/\/api.w.org\/{rel}","templated":true}]}}