{"id":6420,"date":"2014-06-25T02:40:07","date_gmt":"2014-06-25T00:40:07","guid":{"rendered":"http:\/\/klubmamgdynia.pl\/index.php\/produkt\/klein-ksiezniczki-zestaw-fryzjerski-w-walizce-5273k-zabawka\/"},"modified":"2026-05-17T22:03:38","modified_gmt":"2026-05-17T20:03:38","slug":"klein-ksiezniczki-zestaw-fryzjerski-w-walizce-5273k-zabawka","status":"publish","type":"product","link":"http:\/\/klubmamgdynia.pl\/index.php\/produkt\/klein-ksiezniczki-zestaw-fryzjerski-w-walizce-5273k-zabawka\/","title":{"rendered":"Klein Ksie\u017cniczki Zestaw fryzjerski w walizce (5273K) &#8211; Zabawka"},"content":{"rendered":"<p>Kolekcja Princess Coralie jest autorsk\u0105 kolekcj\u0105 marki Klein. Skierowana do dziewczynek, oferuje szerok\u0105 gam\u0119 produkt\u00f3w doskonale uzupe\u0142niaj\u0105cych si\u0119 na wzajem. Podczas zabawy dzieci mog\u0105 na\u015bladowa\u0107 zaobserwowane w \u015bwiecie doros\u0142ych sytuacje. Zamkni\u0119te w wygodnej, z\u0142oto-transparentnej walizeczce akcesoria do piel\u0119gnacji w\u0142os\u00f3w stanow\u0105 doskona\u0142y zestaw do zabawy we fryzjera. Suszarka dzia\u0142a na baterie &#8211; po wci\u015bni\u0119ciu przycisku dmucha powietrzem, nie nagrzewaj\u0105c si\u0119. Szczotka do w\u0142os\u00f3w i grzebie\u0144 pozwol\u0105 doskonale wymodelowa\u0107 fryzur\u0119, a spinka i ozdobny grzebyk pomog\u0105 pi\u0119knie j\u0105 u\u0142o\u017cy\u0107. \u015awietna zabawa gwarantowana.W zestawie znajduj\u0105 si\u0119:suszarka do w\u0142os\u00f3w grzebie\u0144szczotkalusterkogrzebie\u0144 ozdobny pojemniczek imituj\u0105cy krem flakonik perfum (imitacja)<\/p>\n<h2>Klein Ksie\u017cniczki Zestaw fryzjerski w walizce (5273K) &#8211; Zabawka Klein<\/h2>\n<p>aurelia, tajemniczy ogr\u00f3d test z lektury, zabawy dla 7 latka, cytat matka, kawaly na prima aprilis, lucyna, sky kolorowanka, gad\u017cety dla nastolatki, zabawka na roczek dla dziewczynki, przyja\u017a\u0144, emanuel, znane misie z film\u00f3w animowanych, cytaty o dzieciach i rodzicach, mia i ja kolorowanki do druku, j\u0119zyk polski dla dzieci z ukrainy, natan imi\u0119, pytania wielkanocne, molo w brze\u017anie, kolorowanka antystresowa, rymowane zagadki dla dzieci, swinka peppa do czytania<\/p>\n<p>yyyyy<\/p>\n<p>&nbsp;<\/p>\n","protected":false},"excerpt":{"rendered":"<p>Kolekcja Princess Coralie jest autorsk\u0105 kolekcj\u0105 marki Klein. Skierowana do dziewczynek, oferuje szerok\u0105 gam\u0119 produkt\u00f3w doskonale uzupe\u0142niaj\u0105cych si\u0119 na wzajem. Podczas zabawy dzieci mog\u0105 na\u015bladowa\u0107 zaobserwowane w \u015bwiecie doros\u0142ych sytuacje. Zamkni\u0119te w wygodnej, z\u0142oto-transparentnej walizeczce akcesoria do piel\u0119gnacji w\u0142os\u00f3w stanow\u0105 doskona\u0142y zestaw do zabawy we fryzjera. Suszarka dzia\u0142a na baterie &#8211; po wci\u015bni\u0119ciu przycisku dmucha [&hellip;]<\/p>\n","protected":false},"featured_media":6421,"comment_status":"closed","ping_status":"open","template":"","meta":[],"product_cat":[53,52],"product_tag":[772,818,764,830,779],"class_list":["post-6420","product","type-product","status-publish","has-post-thumbnail","hentry","product_cat-kaciki-zabaw","product_cat-klein","product_tag-45-panstw-europy-i-ich-stolice-quiz","product_tag-oliwier","product_tag-prezenty-na-roczek-dla-dziewczynki","product_tag-rodzina-cytaty","product_tag-zarty-na-prima-aprilis-w-domu"],"_links":{"self":[{"href":"http:\/\/klubmamgdynia.pl\/index.php\/wp-json\/wp\/v2\/product\/6420","targetHints":{"allow":["GET"]}}],"collection":[{"href":"http:\/\/klubmamgdynia.pl\/index.php\/wp-json\/wp\/v2\/product"}],"about":[{"href":"http:\/\/klubmamgdynia.pl\/index.php\/wp-json\/wp\/v2\/types\/product"}],"replies":[{"embeddable":true,"href":"http:\/\/klubmamgdynia.pl\/index.php\/wp-json\/wp\/v2\/comments?post=6420"}],"wp:featuredmedia":[{"embeddable":true,"href":"http:\/\/klubmamgdynia.pl\/index.php\/wp-json\/wp\/v2\/media\/6421"}],"wp:attachment":[{"href":"http:\/\/klubmamgdynia.pl\/index.php\/wp-json\/wp\/v2\/media?parent=6420"}],"wp:term":[{"taxonomy":"product_cat","embeddable":true,"href":"http:\/\/klubmamgdynia.pl\/index.php\/wp-json\/wp\/v2\/product_cat?post=6420"},{"taxonomy":"product_tag","embeddable":true,"href":"http:\/\/klubmamgdynia.pl\/index.php\/wp-json\/wp\/v2\/product_tag?post=6420"}],"curies":[{"name":"wp","href":"https:\/\/api.w.org\/{rel}","templated":true}]}}