{"id":6424,"date":"2011-06-10T16:51:00","date_gmt":"2011-06-10T14:51:00","guid":{"rendered":"http:\/\/klubmamgdynia.pl\/index.php\/produkt\/simba-medme-pl-nr-1-dla-zdrowia-i-urody-new-born-baby-buciki-i-skarpetki\/"},"modified":"2026-04-19T22:46:41","modified_gmt":"2026-04-19T20:46:41","slug":"simba-medme-pl-nr-1-dla-zdrowia-i-urody-new-born-baby-buciki-i-skarpetki","status":"publish","type":"product","link":"http:\/\/klubmamgdynia.pl\/index.php\/produkt\/simba-medme-pl-nr-1-dla-zdrowia-i-urody-new-born-baby-buciki-i-skarpetki\/","title":{"rendered":"Simba Medme.Pl Nr 1 Dla Zdrowia I Urody   New Born Baby. Buciki I Skarpetki"},"content":{"rendered":"<p>Buciki i skarpetki Wprost idealne dla niemowl\u0105t b\u0119d\u0105 \u015bwietnie pasowa\u0107 na st\u00f3pki New Baby Born. Przeznaczone dla lalki o wymiarze 43 cm. Cena za 1 zestaw. UWAGA! Dost\u0119pne r\u00f3\u017cne rodzaje. Towar wybierany losowo.<\/p>\n<h2>Simba Medme.Pl Nr 1 Dla Zdrowia I Urody   New Born Baby. Buciki I Skarpetki Simba<\/h2>\n<p>\u015bwinka peppa do czytania, mapa europy do druku, lol surprise kolorowanka, zagadki dla dzieci 9-10 lat z odpowiedziami, parasol szablon do wydruku, prezent na urodziny dla nastolatk\u00f3w, maski karnawa\u0142owe do druku, przyja\u017a\u0144, \u015bmieszne kanapki kanapki dla dzieci, test z lektury asiunia, dziecko cytaty z\u0142ote my\u015bli, jak narysowa\u0107 konia, cytaty o przyja\u017ani, quiz o akademii pana kleksa, zadania dla dzieci z ukrainy, szablony do wyklejania plastelin\u0105<\/p>\n<p>yyyyy<\/p>\n<p>&nbsp;<\/p>\n","protected":false},"excerpt":{"rendered":"<p>Buciki i skarpetki Wprost idealne dla niemowl\u0105t b\u0119d\u0105 \u015bwietnie pasowa\u0107 na st\u00f3pki New Baby Born. Przeznaczone dla lalki o wymiarze 43 cm. Cena za 1 zestaw. UWAGA! Dost\u0119pne r\u00f3\u017cne rodzaje. Towar wybierany losowo. Simba Medme.Pl Nr 1 Dla Zdrowia I Urody New Born Baby. Buciki I Skarpetki Simba \u015bwinka peppa do czytania, mapa europy do [&hellip;]<\/p>\n","protected":false},"featured_media":6425,"comment_status":"closed","ping_status":"open","template":"","meta":[],"product_cat":[926,279],"product_tag":[727,753,667],"class_list":["post-6424","product","type-product","status-publish","has-post-thumbnail","hentry","product_cat-bielizna-dziecieca","product_cat-simba","product_tag-godlo-polski-do-druku","product_tag-kamila","product_tag-kolorowanka-lol"],"_links":{"self":[{"href":"http:\/\/klubmamgdynia.pl\/index.php\/wp-json\/wp\/v2\/product\/6424","targetHints":{"allow":["GET"]}}],"collection":[{"href":"http:\/\/klubmamgdynia.pl\/index.php\/wp-json\/wp\/v2\/product"}],"about":[{"href":"http:\/\/klubmamgdynia.pl\/index.php\/wp-json\/wp\/v2\/types\/product"}],"replies":[{"embeddable":true,"href":"http:\/\/klubmamgdynia.pl\/index.php\/wp-json\/wp\/v2\/comments?post=6424"}],"wp:featuredmedia":[{"embeddable":true,"href":"http:\/\/klubmamgdynia.pl\/index.php\/wp-json\/wp\/v2\/media\/6425"}],"wp:attachment":[{"href":"http:\/\/klubmamgdynia.pl\/index.php\/wp-json\/wp\/v2\/media?parent=6424"}],"wp:term":[{"taxonomy":"product_cat","embeddable":true,"href":"http:\/\/klubmamgdynia.pl\/index.php\/wp-json\/wp\/v2\/product_cat?post=6424"},{"taxonomy":"product_tag","embeddable":true,"href":"http:\/\/klubmamgdynia.pl\/index.php\/wp-json\/wp\/v2\/product_tag?post=6424"}],"curies":[{"name":"wp","href":"https:\/\/api.w.org\/{rel}","templated":true}]}}