{"id":6426,"date":"2014-12-10T06:47:07","date_gmt":"2014-12-10T05:47:07","guid":{"rendered":"http:\/\/klubmamgdynia.pl\/index.php\/produkt\/lovi-smoczek-silikonowy-dynamiczny-6-18-m-2-szt-jungle-vibes-girl-22-903girl\/"},"modified":"2026-04-30T02:17:14","modified_gmt":"2026-04-30T00:17:14","slug":"lovi-smoczek-silikonowy-dynamiczny-6-18-m-2-szt-jungle-vibes-girl-22-903girl","status":"publish","type":"product","link":"http:\/\/klubmamgdynia.pl\/index.php\/produkt\/lovi-smoczek-silikonowy-dynamiczny-6-18-m-2-szt-jungle-vibes-girl-22-903girl\/","title":{"rendered":"LOVI Smoczek silikonowy dynamiczny 6-18 m 2 szt. Jungle Vibes Girl (22\/903girl)"},"content":{"rendered":"<h2>LOVI Smoczek silikonowy dynamiczny 6-18 m 2 szt. Jungle Vibes Girl (22\/903girl) LOVI<\/h2>\n<p>\u0142atwe ale podchwytliwe zagadki, prezent dla rocznego dziecka, wroc\u0142aw atrakcje dla dzieci, testy na znaki drogowe, kolorowanki do wydruku, kr\u00f3tkie zagadki dla doros\u0142ych, akademia pana kleksa test do druku, zagadki dla 8 latk\u00f3w, jak narysowa\u0107, dobre \u017carty na prima aprilis, prezenty dla nastolatek, zagadki zimowe dla dzieci<\/p>\n<p>yyyyy<\/p>\n<p>&nbsp;<\/p>\n","protected":false},"excerpt":{"rendered":"<p>LOVI Smoczek silikonowy dynamiczny 6-18 m 2 szt. Jungle Vibes Girl (22\/903girl) LOVI \u0142atwe ale podchwytliwe zagadki, prezent dla rocznego dziecka, wroc\u0142aw atrakcje dla dzieci, testy na znaki drogowe, kolorowanki do wydruku, kr\u00f3tkie zagadki dla doros\u0142ych, akademia pana kleksa test do druku, zagadki dla 8 latk\u00f3w, jak narysowa\u0107, dobre \u017carty na prima aprilis, prezenty dla [&hellip;]<\/p>\n","protected":false},"featured_media":6427,"comment_status":"closed","ping_status":"open","template":"","meta":[],"product_cat":[1467,255],"product_tag":[768,866,735,788],"class_list":["post-6426","product","type-product","status-publish","has-post-thumbnail","hentry","product_cat-lovi","product_cat-smoczki-uspokajajace","product_tag-krotkie-zagadki-logiczne","product_tag-opis-do-zdjecia-dziecka-na-fb","product_tag-prezent-na-roczek-dziewczynka","product_tag-zagadki-krotkie"],"_links":{"self":[{"href":"http:\/\/klubmamgdynia.pl\/index.php\/wp-json\/wp\/v2\/product\/6426","targetHints":{"allow":["GET"]}}],"collection":[{"href":"http:\/\/klubmamgdynia.pl\/index.php\/wp-json\/wp\/v2\/product"}],"about":[{"href":"http:\/\/klubmamgdynia.pl\/index.php\/wp-json\/wp\/v2\/types\/product"}],"replies":[{"embeddable":true,"href":"http:\/\/klubmamgdynia.pl\/index.php\/wp-json\/wp\/v2\/comments?post=6426"}],"wp:featuredmedia":[{"embeddable":true,"href":"http:\/\/klubmamgdynia.pl\/index.php\/wp-json\/wp\/v2\/media\/6427"}],"wp:attachment":[{"href":"http:\/\/klubmamgdynia.pl\/index.php\/wp-json\/wp\/v2\/media?parent=6426"}],"wp:term":[{"taxonomy":"product_cat","embeddable":true,"href":"http:\/\/klubmamgdynia.pl\/index.php\/wp-json\/wp\/v2\/product_cat?post=6426"},{"taxonomy":"product_tag","embeddable":true,"href":"http:\/\/klubmamgdynia.pl\/index.php\/wp-json\/wp\/v2\/product_tag?post=6426"}],"curies":[{"name":"wp","href":"https:\/\/api.w.org\/{rel}","templated":true}]}}