{"id":6428,"date":"2023-04-17T07:45:44","date_gmt":"2023-04-17T05:45:44","guid":{"rendered":"http:\/\/klubmamgdynia.pl\/?post_type=product&#038;p=6428"},"modified":"2026-04-30T22:00:48","modified_gmt":"2026-04-30T20:00:48","slug":"akuku-lyzeczka-silikonowa-a0129","status":"publish","type":"product","link":"http:\/\/klubmamgdynia.pl\/index.php\/produkt\/akuku-lyzeczka-silikonowa-a0129\/","title":{"rendered":"Akuku \u0141y\u017ceczka Silikonowa A0129"},"content":{"rendered":"<p>\u0141y\u017ceczka jest idealna do bezpiecznego karmienia. Mi\u0119kki silikon nie podra\u017cni delikatnych dzi\u0105se\u0142 Twojego dziecka. Mo\u017ce s\u0142u\u017cy\u0107 do podawania lekarstw. \u0141y\u017ceczk\u0105 mo\u017cna odmierzy\u0107 2,5ml p\u0142ynu. Przeznaczona jest dla dzieci od 4. miesi\u0105ca \u017cycia.Pami\u0119taj by umy\u0107 przed pierwszym i po ka\u017cdym kolejnym u\u017cyciu. My\u0107 z dodatkiem \u0142agodnego \u015brodka myj\u0105cego, wyp\u0142uka\u0107, pola\u0107 wrz\u0105tkiem, nie gotowa\u0107. Wyrzuci\u0107 przy pierwszych oznakach zu\u017cycia.Produkt dost\u0119pny w kolorze: niebieskim, zielonym, \u017c\u00f3\u0142tym, fioletowym.*Produkt dost\u0119pny w r\u00f3\u017cnych kolorach &#8211; wybierany losowo.Prosimy o zamieszczenie informacji o preferowanym wyborze koloru w polu &#8222;Uwagi&#8221; w formularzu zam\u00f3wienia.Zdj\u0119cie ma charakter pogl\u0105dowy. Apteka nie gwarantuje dost\u0119pno\u015bci produktu w przedstawionym kolorze\/szacie graficznej.<\/p>\n<h2>Akuku \u0141y\u017ceczka Silikonowa A0129 Akuku<\/h2>\n<p>aneta, co kupi\u0107 na roczek dla dziewczynki, g\u0142upie zagadki, by\u0142a sobie \u017cabka ma\u0142a tekst, dobranoc zimowo, bajka o miko\u0142aju do czytania, cytat rodzina, zagadka matematyczna, jak narysowa\u0107 kr\u00f3lika<\/p>\n<p>yyyyy<\/p>\n<p>&nbsp;<\/p>\n","protected":false},"excerpt":{"rendered":"<p>\u0141y\u017ceczka jest idealna do bezpiecznego karmienia. Mi\u0119kki silikon nie podra\u017cni delikatnych dzi\u0105se\u0142 Twojego dziecka. Mo\u017ce s\u0142u\u017cy\u0107 do podawania lekarstw. \u0141y\u017ceczk\u0105 mo\u017cna odmierzy\u0107 2,5ml p\u0142ynu. Przeznaczona jest dla dzieci od 4. miesi\u0105ca \u017cycia.Pami\u0119taj by umy\u0107 przed pierwszym i po ka\u017cdym kolejnym u\u017cyciu. My\u0107 z dodatkiem \u0142agodnego \u015brodka myj\u0105cego, wyp\u0142uka\u0107, pola\u0107 wrz\u0105tkiem, nie gotowa\u0107. Wyrzuci\u0107 przy pierwszych [&hellip;]<\/p>\n","protected":false},"featured_media":6429,"comment_status":"closed","ping_status":"open","template":"","meta":[],"product_cat":[250,215],"product_tag":[702,691,860],"class_list":["post-6428","product","type-product","status-publish","has-post-thumbnail","hentry","product_cat-akuku","product_cat-naczynia-i-sztucce-dla-dzieci","product_tag-co-kupic-na-roczek-dla-dziewczynki","product_tag-gabriel","product_tag-zagadki-logiczne-dla-doroslych"],"_links":{"self":[{"href":"http:\/\/klubmamgdynia.pl\/index.php\/wp-json\/wp\/v2\/product\/6428","targetHints":{"allow":["GET"]}}],"collection":[{"href":"http:\/\/klubmamgdynia.pl\/index.php\/wp-json\/wp\/v2\/product"}],"about":[{"href":"http:\/\/klubmamgdynia.pl\/index.php\/wp-json\/wp\/v2\/types\/product"}],"replies":[{"embeddable":true,"href":"http:\/\/klubmamgdynia.pl\/index.php\/wp-json\/wp\/v2\/comments?post=6428"}],"wp:featuredmedia":[{"embeddable":true,"href":"http:\/\/klubmamgdynia.pl\/index.php\/wp-json\/wp\/v2\/media\/6429"}],"wp:attachment":[{"href":"http:\/\/klubmamgdynia.pl\/index.php\/wp-json\/wp\/v2\/media?parent=6428"}],"wp:term":[{"taxonomy":"product_cat","embeddable":true,"href":"http:\/\/klubmamgdynia.pl\/index.php\/wp-json\/wp\/v2\/product_cat?post=6428"},{"taxonomy":"product_tag","embeddable":true,"href":"http:\/\/klubmamgdynia.pl\/index.php\/wp-json\/wp\/v2\/product_tag?post=6428"}],"curies":[{"name":"wp","href":"https:\/\/api.w.org\/{rel}","templated":true}]}}