{"id":643,"date":"2022-12-11T06:02:53","date_gmt":"2022-12-11T05:02:53","guid":{"rendered":"http:\/\/klubmamgdynia.pl\/?post_type=product&#038;p=643"},"modified":"2026-04-27T07:35:15","modified_gmt":"2026-04-27T05:35:15","slug":"gora-od-bikini-tattoo-robert-kupisz-x-esotiq","status":"publish","type":"product","link":"http:\/\/klubmamgdynia.pl\/index.php\/produkt\/gora-od-bikini-tattoo-robert-kupisz-x-esotiq\/","title":{"rendered":"G\u00f3ra od bikini Tattoo Robert Kupisz X ESOTIQ"},"content":{"rendered":"<p>Tr\u00f3jk\u0105tne klasyczne bikini TATTOO z limitowanej kolekcji Robert Kupisz for ESOTIQ. Mi\u0119kki biustonosz k\u0105pielowy z tr\u00f3jk\u0105tnymi, nieusztywnianymi miseczkami oraz wi\u0105zaniem na szyi i plecach to klasyka pla\u017cowego gatunku. G\u0142adki, elastyczny materia\u0142 doskonale dopasowuje si\u0119 do cia\u0142a zapewniaj\u0105c komfort i wygod\u0119 noszenia. Odwa\u017cny print inspirowany tatua\u017cami powsta\u0142 we wsp\u00f3\u0142pracy z czo\u0142owym polskim projektantem mody Robertem Kupiszem. Intryguj\u0105ce detale i kultowe logo marki Q\u03c0\u0448 podkre\u015blaj\u0105 modowy charakter tej pla\u017cowej propozycji.\u2022 klasyczne bikini\u2022 delikatne logowanie Qp\u0448\u2022 mi\u0119kkie, tr\u00f3jk\u0105tne, wy\u015bcie\u0142ane miseczki\u2022 wi\u0105zanie na szyi i plecach<\/p>\n<h2>G\u00f3ra od bikini Tattoo Robert Kupisz X ESOTIQ Esotiq<\/h2>\n<p>dziecko cytaty z\u0142ote my\u015bli, mariola, hot wheels kolorowanka, dyplomy do wydrukowania a4, ach \u015bpij kochanie tekst, cytaty o rodzinie, laurka kolorowanki na dzie\u0144 mamy, zagadki wielkanocne do druku, zagatki, dyplomy do druku, lol surprise kolorowanka, gad\u017cety dla nastolatk\u00f3w 2021, julian, spongebob kolorowanka, bajka psi patrol do czytania, bajki do czytania online, jakie prezenty na roczek, lucyna<\/p>\n<p>yyyyy<\/p>\n<p>&nbsp;<\/p>\n","protected":false},"excerpt":{"rendered":"<p>Tr\u00f3jk\u0105tne klasyczne bikini TATTOO z limitowanej kolekcji Robert Kupisz for ESOTIQ. Mi\u0119kki biustonosz k\u0105pielowy z tr\u00f3jk\u0105tnymi, nieusztywnianymi miseczkami oraz wi\u0105zaniem na szyi i plecach to klasyka pla\u017cowego gatunku. G\u0142adki, elastyczny materia\u0142 doskonale dopasowuje si\u0119 do cia\u0142a zapewniaj\u0105c komfort i wygod\u0119 noszenia. Odwa\u017cny print inspirowany tatua\u017cami powsta\u0142 we wsp\u00f3\u0142pracy z czo\u0142owym polskim projektantem mody Robertem Kupiszem. [&hellip;]<\/p>\n","protected":false},"featured_media":644,"comment_status":"closed","ping_status":"open","template":"","meta":[],"product_cat":[244,248],"product_tag":[825,689,665],"class_list":["post-643","product","type-product","status-publish","has-post-thumbnail","hentry","product_cat-esotiq","product_cat-stroje-kapielowe","product_tag-bajka-na-dobranoc-do-czytania","product_tag-linda","product_tag-proste-zagadki"],"_links":{"self":[{"href":"http:\/\/klubmamgdynia.pl\/index.php\/wp-json\/wp\/v2\/product\/643","targetHints":{"allow":["GET"]}}],"collection":[{"href":"http:\/\/klubmamgdynia.pl\/index.php\/wp-json\/wp\/v2\/product"}],"about":[{"href":"http:\/\/klubmamgdynia.pl\/index.php\/wp-json\/wp\/v2\/types\/product"}],"replies":[{"embeddable":true,"href":"http:\/\/klubmamgdynia.pl\/index.php\/wp-json\/wp\/v2\/comments?post=643"}],"wp:featuredmedia":[{"embeddable":true,"href":"http:\/\/klubmamgdynia.pl\/index.php\/wp-json\/wp\/v2\/media\/644"}],"wp:attachment":[{"href":"http:\/\/klubmamgdynia.pl\/index.php\/wp-json\/wp\/v2\/media?parent=643"}],"wp:term":[{"taxonomy":"product_cat","embeddable":true,"href":"http:\/\/klubmamgdynia.pl\/index.php\/wp-json\/wp\/v2\/product_cat?post=643"},{"taxonomy":"product_tag","embeddable":true,"href":"http:\/\/klubmamgdynia.pl\/index.php\/wp-json\/wp\/v2\/product_tag?post=643"}],"curies":[{"name":"wp","href":"https:\/\/api.w.org\/{rel}","templated":true}]}}