{"id":6430,"date":"2021-12-17T03:04:57","date_gmt":"2021-12-17T02:04:57","guid":{"rendered":"http:\/\/klubmamgdynia.pl\/index.php\/produkt\/caretero-parasolka-okragla-len-smietankowe-latte\/"},"modified":"2026-05-17T22:47:00","modified_gmt":"2026-05-17T20:47:00","slug":"caretero-parasolka-okragla-len-smietankowe-latte","status":"publish","type":"product","link":"http:\/\/klubmamgdynia.pl\/index.php\/produkt\/caretero-parasolka-okragla-len-smietankowe-latte\/","title":{"rendered":"Caretero Parasolka Okr\u0105g\u0142a Len \u015amietankowe Latte"},"content":{"rendered":"<p>Parasolka do w\u00f3zkaCareteroParasolka poasuj\u0105ca do wi\u0119kszo\u015bci w\u00f3zk\u00f3w.Mocowana za pomoc\u0105 skr\u0119canego klipsaDwa przeguby sprawiaj\u0105 \u017ce dziecko zawsze b\u0119dzie os\u0142oni\u0119te od s\u0142o\u0144ca.\u0142atwy demonta\u017c z w\u00f3zka bez konieczno\u015bci odkr\u0119cania klipsa<\/p>\n<h2>Caretero Parasolka Okr\u0105g\u0142a Len \u015amietankowe Latte Caretero<\/h2>\n<p>aurelia imie, kolorowanki na andrzejki do wydruku, weso\u0142e pisanki tekst, lilianna, m\u0105dre \u017cyczenia \u015bwi\u0105teczne, rebusy i krzy\u017c\u00f3wki dla dzieci do druku<\/p>\n<p>yyyyy<\/p>\n<p>&nbsp;<\/p>\n","protected":false},"excerpt":{"rendered":"<p>Parasolka do w\u00f3zkaCareteroParasolka poasuj\u0105ca do wi\u0119kszo\u015bci w\u00f3zk\u00f3w.Mocowana za pomoc\u0105 skr\u0119canego klipsaDwa przeguby sprawiaj\u0105 \u017ce dziecko zawsze b\u0119dzie os\u0142oni\u0119te od s\u0142o\u0144ca.\u0142atwy demonta\u017c z w\u00f3zka bez konieczno\u015bci odkr\u0119cania klipsa Caretero Parasolka Okr\u0105g\u0142a Len \u015amietankowe Latte Caretero aurelia imie, kolorowanki na andrzejki do wydruku, weso\u0142e pisanki tekst, lilianna, m\u0105dre \u017cyczenia \u015bwi\u0105teczne, rebusy i krzy\u017c\u00f3wki dla dzieci do druku [&hellip;]<\/p>\n","protected":false},"featured_media":6431,"comment_status":"closed","ping_status":"open","template":"","meta":[],"product_cat":[127,988],"product_tag":[845,644,590,759,835,679],"class_list":["post-6430","product","type-product","status-publish","has-post-thumbnail","hentry","product_cat-akcesoria-do-wozkow","product_cat-caretero","product_tag-ach-spij-kochanie-tekst","product_tag-mia","product_tag-plac-zabaw-warszawa","product_tag-pomysly-na-prezent-dla-nastolatkow","product_tag-radosc-dziecka-cytaty","product_tag-zabawki-na-roczek-dla-dziewczynki"],"_links":{"self":[{"href":"http:\/\/klubmamgdynia.pl\/index.php\/wp-json\/wp\/v2\/product\/6430","targetHints":{"allow":["GET"]}}],"collection":[{"href":"http:\/\/klubmamgdynia.pl\/index.php\/wp-json\/wp\/v2\/product"}],"about":[{"href":"http:\/\/klubmamgdynia.pl\/index.php\/wp-json\/wp\/v2\/types\/product"}],"replies":[{"embeddable":true,"href":"http:\/\/klubmamgdynia.pl\/index.php\/wp-json\/wp\/v2\/comments?post=6430"}],"wp:featuredmedia":[{"embeddable":true,"href":"http:\/\/klubmamgdynia.pl\/index.php\/wp-json\/wp\/v2\/media\/6431"}],"wp:attachment":[{"href":"http:\/\/klubmamgdynia.pl\/index.php\/wp-json\/wp\/v2\/media?parent=6430"}],"wp:term":[{"taxonomy":"product_cat","embeddable":true,"href":"http:\/\/klubmamgdynia.pl\/index.php\/wp-json\/wp\/v2\/product_cat?post=6430"},{"taxonomy":"product_tag","embeddable":true,"href":"http:\/\/klubmamgdynia.pl\/index.php\/wp-json\/wp\/v2\/product_tag?post=6430"}],"curies":[{"name":"wp","href":"https:\/\/api.w.org\/{rel}","templated":true}]}}