{"id":6434,"date":"2021-10-20T17:29:18","date_gmt":"2021-10-20T15:29:18","guid":{"rendered":"http:\/\/klubmamgdynia.pl\/index.php\/produkt\/lulumi-kokon-blossom-brudny-roz\/"},"modified":"2026-05-17T22:47:36","modified_gmt":"2026-05-17T20:47:36","slug":"lulumi-kokon-blossom-brudny-roz","status":"publish","type":"product","link":"http:\/\/klubmamgdynia.pl\/index.php\/produkt\/lulumi-kokon-blossom-brudny-roz\/","title":{"rendered":"Lulumi kokon Blossom brudny r\u00f3\u017c"},"content":{"rendered":"<p>Lulumi Kokon Blossom BRUDNY R\u00d3\u017bKokon zosta\u0142 wykonany z najwy\u017cszej jako\u015bci, certyfikowanego, mi\u0119kkiego i delikatnego weluru oraz 100% bawe\u0142ny o unikatowym splocie. Wewn\u0105trz znajduje si\u0119 antyalergiczne wype\u0142nienie silikonowe.Stworzony zosta\u0142 dla najm\u0142odszych aby zapewni\u0107 przytulne miejsce do spania. Dziecko otulone jest mi\u0119kkimi brzegami. Daje mu to poczucie bezpiecze\u0144stwa oraz chroni go przed wypadni\u0119ciem.Mo\u017ce stanowi\u0107 wk\u0142ad do \u0142\u00f3\u017ceczka, aby dziecko poczu\u0142o si\u0119 jak w brzuchu mamy. Mo\u017ce by\u0107 wykorzystane jako przeno\u015bne \u0142\u00f3\u017ceczko lub jako granica podczas snu z rodzicami. Zapewnia to bezpiecze\u0144stwo dla dziecka oraz spokojn\u0105 noc dla rodzic\u00f3w. Zabieraj\u0105c kokon ze sob\u0105 w podr\u00f3\u017c, dziecko, gdziekolwiek jest, mo\u017ce si\u0119 poczu\u0107 jak w swoim \u0142\u00f3\u017ceczku. Maluszek b\u0119d\u0105cy w kokonie nie musi by\u0107 ju\u017c obk\u0142adany poduszkami.Posiada certyfikat Oeko-Tex Standard 100.Sk\u0142ad:Wierzch: bawe\u0142na 100%Od spodu: welur (bawe\u0142na 77%, poliester 23%)\u015arodek: antyalergiczne wype\u0142nienie silikonowePra\u0107 w 30 stopniachW dba\u0142o\u015bci o jako\u015b\u0107 i ka\u017cdy szczeg\u00f3\u0142 nasze produkty wykonywane s\u0105 r\u0119cznie, w Polsce, z materia\u0142\u00f3w przyjaznych dzieciom.Uwaga! Kolory mog\u0105 r\u00f3\u017cni\u0107 si\u0119 od tych ze zdj\u0119cia, co wynika z indywidualnych ustawie\u0144 monitora.<\/p>\n<h2>Lulumi kokon Blossom brudny r\u00f3\u017c Lulumi<\/h2>\n<p>zagadka nie do rozwi\u0105zania, kolorowanka ninjago, fajne rzeczy dla nastolatk\u00f3w, wzory zaprosze\u0144 zaproszenie na urodziny do druku pdf, quiz felix net i nika oraz gang niewidzialnych ludzi, testy z lektury opowie\u015bci z narnii lew czarownica i stara szafa, dobranoc zimowe, wierszyki na lany poniedzia\u0142ek, otto, ma\u0142y ksi\u0105\u017c\u0119 sprawdzian, logiczne zagadki, kr\u00f3tkie bajki dla dzieci, atrakcje dla dzieci warszawa 2021, bajki dla dzieci czytane, zagadki kr\u00f3tkie<\/p>\n<p>yyyyy<\/p>\n<p>&nbsp;<\/p>\n","protected":false},"excerpt":{"rendered":"<p>Lulumi Kokon Blossom BRUDNY R\u00d3\u017bKokon zosta\u0142 wykonany z najwy\u017cszej jako\u015bci, certyfikowanego, mi\u0119kkiego i delikatnego weluru oraz 100% bawe\u0142ny o unikatowym splocie. Wewn\u0105trz znajduje si\u0119 antyalergiczne wype\u0142nienie silikonowe.Stworzony zosta\u0142 dla najm\u0142odszych aby zapewni\u0107 przytulne miejsce do spania. Dziecko otulone jest mi\u0119kkimi brzegami. Daje mu to poczucie bezpiecze\u0144stwa oraz chroni go przed wypadni\u0119ciem.Mo\u017ce stanowi\u0107 wk\u0142ad do \u0142\u00f3\u017ceczka, [&hellip;]<\/p>\n","protected":false},"featured_media":6435,"comment_status":"closed","ping_status":"open","template":"","meta":[],"product_cat":[1468,1437],"product_tag":[727,784,766,625,581],"class_list":["post-6434","product","type-product","status-publish","has-post-thumbnail","hentry","product_cat-lulumi","product_cat-rozki-i-beciki","product_tag-godlo-polski-do-druku","product_tag-hymn-gorniczy","product_tag-kira","product_tag-trojmiasto-atrakcje-dla-dzieci","product_tag-zagadki-dla-8-latka"],"_links":{"self":[{"href":"http:\/\/klubmamgdynia.pl\/index.php\/wp-json\/wp\/v2\/product\/6434","targetHints":{"allow":["GET"]}}],"collection":[{"href":"http:\/\/klubmamgdynia.pl\/index.php\/wp-json\/wp\/v2\/product"}],"about":[{"href":"http:\/\/klubmamgdynia.pl\/index.php\/wp-json\/wp\/v2\/types\/product"}],"replies":[{"embeddable":true,"href":"http:\/\/klubmamgdynia.pl\/index.php\/wp-json\/wp\/v2\/comments?post=6434"}],"wp:featuredmedia":[{"embeddable":true,"href":"http:\/\/klubmamgdynia.pl\/index.php\/wp-json\/wp\/v2\/media\/6435"}],"wp:attachment":[{"href":"http:\/\/klubmamgdynia.pl\/index.php\/wp-json\/wp\/v2\/media?parent=6434"}],"wp:term":[{"taxonomy":"product_cat","embeddable":true,"href":"http:\/\/klubmamgdynia.pl\/index.php\/wp-json\/wp\/v2\/product_cat?post=6434"},{"taxonomy":"product_tag","embeddable":true,"href":"http:\/\/klubmamgdynia.pl\/index.php\/wp-json\/wp\/v2\/product_tag?post=6434"}],"curies":[{"name":"wp","href":"https:\/\/api.w.org\/{rel}","templated":true}]}}