{"id":6436,"date":"2019-04-19T14:29:20","date_gmt":"2019-04-19T12:29:20","guid":{"rendered":"http:\/\/klubmamgdynia.pl\/index.php\/produkt\/akuku-grzechotka-czarno-bialy-mis\/"},"modified":"2026-04-29T15:19:12","modified_gmt":"2026-04-29T13:19:12","slug":"akuku-grzechotka-czarno-bialy-mis","status":"publish","type":"product","link":"http:\/\/klubmamgdynia.pl\/index.php\/produkt\/akuku-grzechotka-czarno-bialy-mis\/","title":{"rendered":"Akuku Grzechotka Czarno-Bia\u0142y Mi\u015b"},"content":{"rendered":"<p>Grzechotka czarno-bia\u0142a zosta\u0142a zaprojektowana specjalnie dla najm\u0142odszych dzieci. Wykonana z trwa\u0142ych i bezpiecznych materia\u0142\u00f3w. Nie posiada ostrych kraw\u0119dzi. Specjalnie dobrany kszta\u0142t sprawia, \u017ce jest wygodna do uchwycenia i utrzymania w ma\u0142ych r\u0105czkach. Czarno \u2013 bia\u0142e kolory stymuluj\u0105 zmys\u0142 wzroku u niemowlaka, kt\u00f3ry jeszcze nie rozr\u00f3\u017cnia barw. Rozwija koordynacj\u0119 wzrokowo-s\u0142uchow\u0105. Produkt ca\u0142kowicie wolny od bisfenolu A (0% BPA). Wymiary: \u015brednica = 9,5 cm<\/p>\n<h2>Akuku Grzechotka Czarno-Bia\u0142y Mi\u015b Akuku<\/h2>\n<p>cytaty korczak, test z lektury miko\u0142ajek do druku, zagadki o wio\u015bnie dla dzieci, zagatki matematyczne, bajki na dobranoc dla dzieci, zagadki dla 7 latka, co kupi\u0107 nastolatkowi, testy na znaki drogowe, kolorowe listki tekst, quizy dla dzieci z bajek, prezent dla trzynastolatki, bajki dla niemowlakow, test z lektury opowie\u015bci z narnii lew czarownica i stara szafa, park ujazdowski, gdzie na ferie zimowe 2022, plac zabaw pozna\u0144, teksty ko\u0142ysanek, trudne zagadki na inteligencje, fajne \u017carty na prima aprilis, zagadka matematyczna<\/p>\n<p>yyyyy<\/p>\n<p>&nbsp;<\/p>\n","protected":false},"excerpt":{"rendered":"<p>Grzechotka czarno-bia\u0142a zosta\u0142a zaprojektowana specjalnie dla najm\u0142odszych dzieci. Wykonana z trwa\u0142ych i bezpiecznych materia\u0142\u00f3w. Nie posiada ostrych kraw\u0119dzi. Specjalnie dobrany kszta\u0142t sprawia, \u017ce jest wygodna do uchwycenia i utrzymania w ma\u0142ych r\u0105czkach. Czarno \u2013 bia\u0142e kolory stymuluj\u0105 zmys\u0142 wzroku u niemowlaka, kt\u00f3ry jeszcze nie rozr\u00f3\u017cnia barw. Rozwija koordynacj\u0119 wzrokowo-s\u0142uchow\u0105. Produkt ca\u0142kowicie wolny od bisfenolu A [&hellip;]<\/p>\n","protected":false},"featured_media":6437,"comment_status":"closed","ping_status":"open","template":"","meta":[],"product_cat":[250,63],"product_tag":[834,848,876],"class_list":["post-6436","product","type-product","status-publish","has-post-thumbnail","hentry","product_cat-akuku","product_cat-grzechotki-i-gryzaki","product_tag-bajka-do-czytania-na-dobranoc","product_tag-cytat-o-rodzinie","product_tag-przyjazn"],"_links":{"self":[{"href":"http:\/\/klubmamgdynia.pl\/index.php\/wp-json\/wp\/v2\/product\/6436","targetHints":{"allow":["GET"]}}],"collection":[{"href":"http:\/\/klubmamgdynia.pl\/index.php\/wp-json\/wp\/v2\/product"}],"about":[{"href":"http:\/\/klubmamgdynia.pl\/index.php\/wp-json\/wp\/v2\/types\/product"}],"replies":[{"embeddable":true,"href":"http:\/\/klubmamgdynia.pl\/index.php\/wp-json\/wp\/v2\/comments?post=6436"}],"wp:featuredmedia":[{"embeddable":true,"href":"http:\/\/klubmamgdynia.pl\/index.php\/wp-json\/wp\/v2\/media\/6437"}],"wp:attachment":[{"href":"http:\/\/klubmamgdynia.pl\/index.php\/wp-json\/wp\/v2\/media?parent=6436"}],"wp:term":[{"taxonomy":"product_cat","embeddable":true,"href":"http:\/\/klubmamgdynia.pl\/index.php\/wp-json\/wp\/v2\/product_cat?post=6436"},{"taxonomy":"product_tag","embeddable":true,"href":"http:\/\/klubmamgdynia.pl\/index.php\/wp-json\/wp\/v2\/product_tag?post=6436"}],"curies":[{"name":"wp","href":"https:\/\/api.w.org\/{rel}","templated":true}]}}