{"id":6438,"date":"2022-06-13T00:37:22","date_gmt":"2022-06-12T22:37:22","guid":{"rendered":"http:\/\/klubmamgdynia.pl\/index.php\/produkt\/miniland-komplet-z-sukienka-na-chlodne-dni-miniland-doll-38cm\/"},"modified":"2026-04-29T13:13:13","modified_gmt":"2026-04-29T11:13:13","slug":"miniland-komplet-z-sukienka-na-chlodne-dni-miniland-doll-38cm","status":"publish","type":"product","link":"http:\/\/klubmamgdynia.pl\/index.php\/produkt\/miniland-komplet-z-sukienka-na-chlodne-dni-miniland-doll-38cm\/","title":{"rendered":"Miniland Komplet Z Sukienk\u0105 Na Ch\u0142odne Dni Miniland Doll 38Cm"},"content":{"rendered":"<p>Zestaw na ch\u0142odne dni dla lalki 38 cm sk\u0142ada si\u0119 z:sukienkiczapki z pomponamisweterka wi\u0105zanego na kokardk\u0119Ubranko najwy\u017cszej jako\u015bci zosta\u0142o zaprojektowane i uszyte w Hiszpanii.Ubrania dla lalek pomo\u017ce dziecku rozwija\u0107 umiej\u0119tno\u015bci manipulacyjne oraz umo\u017cliwia zapoznanie si\u0119 z r\u00f3\u017cnymi rodzajami zapi\u0119\u0107 m.in. guziki, suwak, wst\u0105\u017cki wi\u0105zane w kokardk\u0119Zabawka odpowiednia dla dzieci od 3 lat<\/p>\n<h2>Miniland Komplet Z Sukienk\u0105 Na Ch\u0142odne Dni Miniland Doll 38Cm Miniland<\/h2>\n<p>pomys\u0142 na prezent na roczek, papuga kolorowanka, bajki do czytania, my little pony kolorowanki, \u017carty na prima aprilis dla mamy, mia imie, jak narysowa\u0107, bajki o ksi\u0119\u017cniczkach do czytania, urodziny dziecka pomys\u0142y, trudne zagadki na inteligencje, zagadki logiczne trudne, bajki do czytania dla ch\u0142opc\u00f3w, zagadki o bajkach<\/p>\n<p>yyyyy<\/p>\n<p>&nbsp;<\/p>\n","protected":false},"excerpt":{"rendered":"<p>Zestaw na ch\u0142odne dni dla lalki 38 cm sk\u0142ada si\u0119 z:sukienkiczapki z pomponamisweterka wi\u0105zanego na kokardk\u0119Ubranko najwy\u017cszej jako\u015bci zosta\u0142o zaprojektowane i uszyte w Hiszpanii.Ubrania dla lalek pomo\u017ce dziecku rozwija\u0107 umiej\u0119tno\u015bci manipulacyjne oraz umo\u017cliwia zapoznanie si\u0119 z r\u00f3\u017cnymi rodzajami zapi\u0119\u0107 m.in. guziki, suwak, wst\u0105\u017cki wi\u0105zane w kokardk\u0119Zabawka odpowiednia dla dzieci od 3 lat Miniland Komplet Z [&hellip;]<\/p>\n","protected":false},"featured_media":6439,"comment_status":"closed","ping_status":"open","template":"","meta":[],"product_cat":[1105,50],"product_tag":[747,856,621,649,577],"class_list":["post-6438","product","type-product","status-publish","has-post-thumbnail","hentry","product_cat-miniland","product_cat-ubranka-i-buty-dla-lalek","product_tag-malowanki-do-druku","product_tag-prezent-dla-16-latki","product_tag-prezenty-roczek","product_tag-zagadki-dla-nastolatkow","product_tag-znaki-drogowe-test"],"_links":{"self":[{"href":"http:\/\/klubmamgdynia.pl\/index.php\/wp-json\/wp\/v2\/product\/6438","targetHints":{"allow":["GET"]}}],"collection":[{"href":"http:\/\/klubmamgdynia.pl\/index.php\/wp-json\/wp\/v2\/product"}],"about":[{"href":"http:\/\/klubmamgdynia.pl\/index.php\/wp-json\/wp\/v2\/types\/product"}],"replies":[{"embeddable":true,"href":"http:\/\/klubmamgdynia.pl\/index.php\/wp-json\/wp\/v2\/comments?post=6438"}],"wp:featuredmedia":[{"embeddable":true,"href":"http:\/\/klubmamgdynia.pl\/index.php\/wp-json\/wp\/v2\/media\/6439"}],"wp:attachment":[{"href":"http:\/\/klubmamgdynia.pl\/index.php\/wp-json\/wp\/v2\/media?parent=6438"}],"wp:term":[{"taxonomy":"product_cat","embeddable":true,"href":"http:\/\/klubmamgdynia.pl\/index.php\/wp-json\/wp\/v2\/product_cat?post=6438"},{"taxonomy":"product_tag","embeddable":true,"href":"http:\/\/klubmamgdynia.pl\/index.php\/wp-json\/wp\/v2\/product_tag?post=6438"}],"curies":[{"name":"wp","href":"https:\/\/api.w.org\/{rel}","templated":true}]}}