{"id":6440,"date":"2012-05-17T05:22:39","date_gmt":"2012-05-17T03:22:39","guid":{"rendered":"http:\/\/klubmamgdynia.pl\/index.php\/produkt\/caretero-ochraniacz-foliowy-pokrowiec-na-fotel-samochodowy\/"},"modified":"2026-05-17T22:02:18","modified_gmt":"2026-05-17T20:02:18","slug":"caretero-ochraniacz-foliowy-pokrowiec-na-fotel-samochodowy","status":"publish","type":"product","link":"http:\/\/klubmamgdynia.pl\/index.php\/produkt\/caretero-ochraniacz-foliowy-pokrowiec-na-fotel-samochodowy\/","title":{"rendered":"Caretero Ochraniacz Foliowy Pokrowiec Na Fotel Samochodowy"},"content":{"rendered":"<p>Pokrowiec na fotel samochodowy uchroni tapicerk\u0119 przed \u015bladami brudnych bucik\u00f3w dziecka. Produkt solidny i estetycznie wykonany z wysokiej jako\u015bci materia\u0142u.Informacje o produkcie:prosty w monta\u017cuzapewnia czysto\u015b\u0107 w auciepraktycznywymiary 45x58cm<\/p>\n<h2>Caretero Ochraniacz Foliowy Pokrowiec Na Fotel Samochodowy Caretero<\/h2>\n<p>kolorowanka dla dzieci, jan pawe\u0142 2 rysunek \u0142atwy dla dzieci, quizy miko\u0142ajek, zabawy dla 5 6 latk\u00f3w, ahmed, prezent dla 7 latki, quiz online, papierowe ozdoby \u015bwi\u0105teczne, przysz\u0142a zima bia\u0142a, zaproszenie na urodziny<\/p>\n<p>yyyyy<\/p>\n<p>&nbsp;<\/p>\n","protected":false},"excerpt":{"rendered":"<p>Pokrowiec na fotel samochodowy uchroni tapicerk\u0119 przed \u015bladami brudnych bucik\u00f3w dziecka. Produkt solidny i estetycznie wykonany z wysokiej jako\u015bci materia\u0142u.Informacje o produkcie:prosty w monta\u017cuzapewnia czysto\u015b\u0107 w auciepraktycznywymiary 45x58cm Caretero Ochraniacz Foliowy Pokrowiec Na Fotel Samochodowy Caretero kolorowanka dla dzieci, jan pawe\u0142 2 rysunek \u0142atwy dla dzieci, quizy miko\u0142ajek, zabawy dla 5 6 latk\u00f3w, ahmed, prezent [&hellip;]<\/p>\n","protected":false},"featured_media":6441,"comment_status":"closed","ping_status":"open","template":"","meta":[],"product_cat":[1125,988],"product_tag":[625,576,799],"class_list":["post-6440","product","type-product","status-publish","has-post-thumbnail","hentry","product_cat-akcesoria-samochodowe-dla-dzieci","product_cat-caretero","product_tag-trojmiasto-atrakcje-dla-dzieci","product_tag-trudne-zagadki","product_tag-zagadka-logiczna"],"_links":{"self":[{"href":"http:\/\/klubmamgdynia.pl\/index.php\/wp-json\/wp\/v2\/product\/6440","targetHints":{"allow":["GET"]}}],"collection":[{"href":"http:\/\/klubmamgdynia.pl\/index.php\/wp-json\/wp\/v2\/product"}],"about":[{"href":"http:\/\/klubmamgdynia.pl\/index.php\/wp-json\/wp\/v2\/types\/product"}],"replies":[{"embeddable":true,"href":"http:\/\/klubmamgdynia.pl\/index.php\/wp-json\/wp\/v2\/comments?post=6440"}],"wp:featuredmedia":[{"embeddable":true,"href":"http:\/\/klubmamgdynia.pl\/index.php\/wp-json\/wp\/v2\/media\/6441"}],"wp:attachment":[{"href":"http:\/\/klubmamgdynia.pl\/index.php\/wp-json\/wp\/v2\/media?parent=6440"}],"wp:term":[{"taxonomy":"product_cat","embeddable":true,"href":"http:\/\/klubmamgdynia.pl\/index.php\/wp-json\/wp\/v2\/product_cat?post=6440"},{"taxonomy":"product_tag","embeddable":true,"href":"http:\/\/klubmamgdynia.pl\/index.php\/wp-json\/wp\/v2\/product_tag?post=6440"}],"curies":[{"name":"wp","href":"https:\/\/api.w.org\/{rel}","templated":true}]}}