{"id":6442,"date":"2020-01-26T18:30:32","date_gmt":"2020-01-26T17:30:32","guid":{"rendered":"http:\/\/klubmamgdynia.pl\/index.php\/produkt\/ramiz-zestaw-sprzatajacy-3w1-agd-dla-dzieci-odkurzacz-pionowy-reczny-szczotki-stacja-dokujaca-zabawka\/"},"modified":"2026-05-17T22:51:52","modified_gmt":"2026-05-17T20:51:52","slug":"ramiz-zestaw-sprzatajacy-3w1-agd-dla-dzieci-odkurzacz-pionowy-reczny-szczotki-stacja-dokujaca-zabawka","status":"publish","type":"product","link":"http:\/\/klubmamgdynia.pl\/index.php\/produkt\/ramiz-zestaw-sprzatajacy-3w1-agd-dla-dzieci-odkurzacz-pionowy-reczny-szczotki-stacja-dokujaca-zabawka\/","title":{"rendered":"Ramiz Zestaw Sprz\u0105taj\u0105cy 3W1 Agd Dla Dzieci Odkurzacz Pionowy R\u0119czny Szczotki Stacja Dokuj\u0105ca &#8211; Zabawka"},"content":{"rendered":"<h2>Ramiz Zestaw Sprz\u0105taj\u0105cy 3W1 Agd Dla Dzieci Odkurzacz Pionowy R\u0119czny Szczotki Stacja Dokuj\u0105ca &#8211; Zabawka Ramiz<\/h2>\n<p>halloween 2021 dla dzieci, zagadka dla dzieci, opisy do zdj dziecka, kolorowanki antystresowe do druku, quiz o \u015bwi\u0119tach, bajka do czytania na dobranoc, kolorowanka do druku lol, kanapki dla dzieci, imi\u0119 dla dziewczynki 2019, pokemon kolorowanka, fajne prezenty dla nastolatk\u00f3w, lego ninjago kolorowanka, oryginalny prezent na roczek dla dziewczynki, krzy\u017c\u00f3wki dla dzieci do druku, zabawy na dworze dla 10 latk\u00f3w, samolot z papieru, podchwytliwe zagadki z odpowiedziami, dzie\u0144 dziecka dla nastolatk\u00f3w, pokemony kolorowanka<\/p>\n<p>yyyyy<\/p>\n<p>&nbsp;<\/p>\n","protected":false},"excerpt":{"rendered":"<p>Ramiz Zestaw Sprz\u0105taj\u0105cy 3W1 Agd Dla Dzieci Odkurzacz Pionowy R\u0119czny Szczotki Stacja Dokuj\u0105ca &#8211; Zabawka Ramiz halloween 2021 dla dzieci, zagadka dla dzieci, opisy do zdj dziecka, kolorowanki antystresowe do druku, quiz o \u015bwi\u0119tach, bajka do czytania na dobranoc, kolorowanka do druku lol, kanapki dla dzieci, imi\u0119 dla dziewczynki 2019, pokemon kolorowanka, fajne prezenty dla [&hellip;]<\/p>\n","protected":false},"featured_media":6443,"comment_status":"closed","ping_status":"open","template":"","meta":[],"product_cat":[53,36],"product_tag":[598,764,577,615],"class_list":["post-6442","product","type-product","status-publish","has-post-thumbnail","hentry","product_cat-kaciki-zabaw","product_cat-ramiz","product_tag-co-na-roczek-dla-dziewczynki","product_tag-prezenty-na-roczek-dla-dziewczynki","product_tag-znaki-drogowe-test","product_tag-znane-misie-z-filmow-animowanych"],"_links":{"self":[{"href":"http:\/\/klubmamgdynia.pl\/index.php\/wp-json\/wp\/v2\/product\/6442","targetHints":{"allow":["GET"]}}],"collection":[{"href":"http:\/\/klubmamgdynia.pl\/index.php\/wp-json\/wp\/v2\/product"}],"about":[{"href":"http:\/\/klubmamgdynia.pl\/index.php\/wp-json\/wp\/v2\/types\/product"}],"replies":[{"embeddable":true,"href":"http:\/\/klubmamgdynia.pl\/index.php\/wp-json\/wp\/v2\/comments?post=6442"}],"wp:featuredmedia":[{"embeddable":true,"href":"http:\/\/klubmamgdynia.pl\/index.php\/wp-json\/wp\/v2\/media\/6443"}],"wp:attachment":[{"href":"http:\/\/klubmamgdynia.pl\/index.php\/wp-json\/wp\/v2\/media?parent=6442"}],"wp:term":[{"taxonomy":"product_cat","embeddable":true,"href":"http:\/\/klubmamgdynia.pl\/index.php\/wp-json\/wp\/v2\/product_cat?post=6442"},{"taxonomy":"product_tag","embeddable":true,"href":"http:\/\/klubmamgdynia.pl\/index.php\/wp-json\/wp\/v2\/product_tag?post=6442"}],"curies":[{"name":"wp","href":"https:\/\/api.w.org\/{rel}","templated":true}]}}